{"id":5138,"date":"2024-03-14T11:52:52","date_gmt":"2024-03-14T16:52:52","guid":{"rendered":"https:\/\/agriecuador.com\/?page_id=5138"},"modified":"2024-03-14T11:52:52","modified_gmt":"2024-03-14T16:52:52","slug":"semillas-de-hortalizas","status":"publish","type":"page","link":"https:\/\/agriecuador.com\/en\/oferta\/semillas-de-hortalizas\/","title":{"rendered":"Semillas de Hortalizas"},"content":{"rendered":"<div class=\"wpb-content-wrapper\"><p>[vc_row][vc_column width=&#8221;1\/6&#8243;][vc_single_image image=&#8221;3485&#8243; alignment=&#8221;center&#8221; onclick=&#8221;custom_link&#8221; css_animation=&#8221;bounceInUp&#8221; link=&#8221;https:\/\/agriecuador.com\/tomates\/&#8221;][vc_btn title=&#8221;Tomates&#8221; color=&#8221;primary&#8221; size=&#8221;lg&#8221; align=&#8221;center&#8221; css_animation=&#8221;bounceInUp&#8221; link=&#8221;url:http%3A%2F%2Fagriecuador.com%2Ftomates%2F|title:Tomates||&#8221;][\/vc_column][vc_column width=&#8221;1\/6&#8243;][vc_single_image image=&#8221;3486&#8243; alignment=&#8221;center&#8221; onclick=&#8221;custom_link&#8221; css_animation=&#8221;bounceInUp&#8221; link=&#8221;https:\/\/agriecuador.com\/coliflores\/&#8221;][vc_btn title=&#8221;Coliflores&#8221; color=&#8221;primary&#8221; size=&#8221;lg&#8221; align=&#8221;center&#8221; css_animation=&#8221;bounceInUp&#8221; link=&#8221;url:http%3A%2F%2Fagriecuador.com%2Fcoliflores%2F|title:Coliflores||&#8221;][\/vc_column][vc_column width=&#8221;1\/6&#8243;][vc_single_image image=&#8221;3487&#8243; alignment=&#8221;center&#8221; onclick=&#8221;custom_link&#8221; css_animation=&#8221;bounceInUp&#8221; link=&#8221;https:\/\/agriecuador.com\/portainjertos\/&#8221;][vc_btn title=&#8221;Portainjertos&#8221; color=&#8221;primary&#8221; size=&#8221;lg&#8221; align=&#8221;center&#8221; css_animation=&#8221;bounceInUp&#8221; link=&#8221;url:http%3A%2F%2Fagriecuador.com%2Fportainjertos%2F|title:Portainjertos||&#8221;][\/vc_column][vc_column width=&#8221;1\/6&#8243;][vc_single_image image=&#8221;3488&#8243; alignment=&#8221;center&#8221; onclick=&#8221;custom_link&#8221; css_animation=&#8221;bounceInUp&#8221; link=&#8221;https:\/\/agriecuador.com\/cebollas\/&#8221;][vc_btn title=&#8221;Cebollas&#8221; color=&#8221;primary&#8221; size=&#8221;lg&#8221; align=&#8221;center&#8221; css_animation=&#8221;bounceInUp&#8221; link=&#8221;url:http%3A%2F%2Fagriecuador.com%2Fcebollas%2F|title:Cebollas||&#8221;][\/vc_column][vc_column width=&#8221;1\/6&#8243;][vc_single_image image=&#8221;3489&#8243; alignment=&#8221;center&#8221; onclick=&#8221;custom_link&#8221; css_animation=&#8221;bounceInUp&#8221; link=&#8221;https:\/\/agriecuador.com\/pepinillos\/&#8221;][vc_btn title=&#8221;Pepinillos&#8221; color=&#8221;primary&#8221; size=&#8221;lg&#8221; align=&#8221;center&#8221; css_animation=&#8221;bounceInUp&#8221; link=&#8221;url:http%3A%2F%2Fagriecuador.com%2Fpepinillos%2F|title:Pepinillos||&#8221;][\/vc_column][vc_column width=&#8221;1\/6&#8243;][vc_single_image image=&#8221;4284&#8243; alignment=&#8221;center&#8221; onclick=&#8221;custom_link&#8221; css_animation=&#8221;bounceInUp&#8221; link=&#8221;https:\/\/agriecuador.com\/oferta\/enza-zaden\/pimientos\/&#8221;][vc_btn title=&#8221;Pimientos&#8221; color=&#8221;primary&#8221; size=&#8221;lg&#8221; align=&#8221;center&#8221; css_animation=&#8221;bounceInUp&#8221; link=&#8221;url:http%3A%2F%2Fagriecuador.com%2Foferta%2Fenza-zaden%2Fpimientos%2F|title:Pimientos&#8221;][\/vc_column][\/vc_row][vc_row][vc_column][vc_column_text]Nosotros trabajamos con la l\u00ednea de semillas de hortalizas de la empresa Enza Zaden.<\/p>\n<p>Enza es una empresa de innovaci\u00f3n, m\u00e1s del 30% del volumen de ventas lo invierte en la investigaci\u00f3n y capacitaci\u00f3n, esto da como resultado un flujo constante de innovaciones. Cada semana, introduce dos nuevas variedades en el mercado mundial, que se distinguen positivamente y que ofrecen un valor a\u00f1adido, que destacan por su seguridad, confianza y calidad.En resumen, se crean variedades con las que los clientes pueden cultivar con total confianza.<\/p>\n<p>Por ello, las semillas de hortalizas cumplen con altos est\u00e1ndares de calidad y productividad en los cultivos.[\/vc_column_text]<style type=\"text\/css\" data-type=\"the7_shortcodes-inline-css\">.gallery-shortcode.gallery-masonry-shortcode-id-ae0e30ecc7dc63127658d197089d1bb0 figure,\n.gallery-shortcode.gallery-masonry-shortcode-id-ae0e30ecc7dc63127658d197089d1bb0 .rollover,\n.gallery-shortcode.gallery-masonry-shortcode-id-ae0e30ecc7dc63127658d197089d1bb0 img,\n.gallery-shortcode.gallery-masonry-shortcode-id-ae0e30ecc7dc63127658d197089d1bb0 .gallery-rollover {\n  border-radius: 0px;\n}\n.gallery-shortcode.gallery-masonry-shortcode-id-ae0e30ecc7dc63127658d197089d1bb0.enable-bg-rollover .gallery-rollover {\n  background: -webkit-linear-gradient();\n  background: linear-gradient();\n}\n.gallery-shortcode.gallery-masonry-shortcode-id-ae0e30ecc7dc63127658d197089d1bb0.enable-bg-rollover.hover-scale figure .rollover:after {\n  background: -webkit-linear-gradient();\n  background: linear-gradient();\n}\n.gallery-shortcode.gallery-masonry-shortcode-id-ae0e30ecc7dc63127658d197089d1bb0 .gallery-zoom-ico {\n  width: 44px;\n  height: 44px;\n  line-height: 44px;\n  border-radius: 100px;\n  margin: -22px 0 0 -22px;\n  border-width: 0px;\n  color: #ffffff;\n}\n.dt-icon-bg-on.gallery-shortcode.gallery-masonry-shortcode-id-ae0e30ecc7dc63127658d197089d1bb0 .gallery-zoom-ico {\n  background: rgba(255,255,255,0.3);\n  box-shadow: none;\n}\n.gallery-shortcode.gallery-masonry-shortcode-id-ae0e30ecc7dc63127658d197089d1bb0 .gallery-zoom-ico:before,\n.gallery-shortcode.gallery-masonry-shortcode-id-ae0e30ecc7dc63127658d197089d1bb0 .gallery-zoom-ico span {\n  font-size: 32px;\n  line-height: 44px;\n  color: #ffffff;\n}\n.gallery-shortcode.gallery-masonry-shortcode-id-ae0e30ecc7dc63127658d197089d1bb0:not(.resize-by-browser-width) .dt-css-grid {\n  grid-row-gap: 10px;\n  grid-column-gap: 10px;\n  grid-template-columns: repeat(auto-fill,minmax(,1fr));\n}\n.gallery-shortcode.gallery-masonry-shortcode-id-ae0e30ecc7dc63127658d197089d1bb0:not(.resize-by-browser-width) .dt-css-grid .double-width {\n  grid-column: span 2;\n}\n.cssgridlegacy.no-cssgrid .gallery-shortcode.gallery-masonry-shortcode-id-ae0e30ecc7dc63127658d197089d1bb0:not(.resize-by-browser-width) .dt-css-grid,\n.no-cssgridlegacy.no-cssgrid .gallery-shortcode.gallery-masonry-shortcode-id-ae0e30ecc7dc63127658d197089d1bb0:not(.resize-by-browser-width) .dt-css-grid {\n  display: flex;\n  flex-flow: row wrap;\n  margin: -5px;\n}\n.cssgridlegacy.no-cssgrid .gallery-shortcode.gallery-masonry-shortcode-id-ae0e30ecc7dc63127658d197089d1bb0:not(.resize-by-browser-width) .dt-css-grid .wf-cell,\n.no-cssgridlegacy.no-cssgrid .gallery-shortcode.gallery-masonry-shortcode-id-ae0e30ecc7dc63127658d197089d1bb0:not(.resize-by-browser-width) .dt-css-grid .wf-cell {\n  flex: 1 0 ;\n  max-width: 100%;\n  padding: 5px;\n  box-sizing: border-box;\n}\n.gallery-shortcode.gallery-masonry-shortcode-id-ae0e30ecc7dc63127658d197089d1bb0.resize-by-browser-width .dt-css-grid {\n  grid-template-columns: repeat(4,1fr);\n  grid-template-rows: auto;\n  grid-column-gap: 10px;\n  grid-row-gap: 10px;\n}\n.gallery-shortcode.gallery-masonry-shortcode-id-ae0e30ecc7dc63127658d197089d1bb0.resize-by-browser-width .dt-css-grid .double-width {\n  grid-column: span 2;\n}\n.cssgridlegacy.no-cssgrid .gallery-shortcode.gallery-masonry-shortcode-id-ae0e30ecc7dc63127658d197089d1bb0.resize-by-browser-width .dt-css-grid {\n  margin: -5px;\n}\n.cssgridlegacy.no-cssgrid .gallery-shortcode.gallery-masonry-shortcode-id-ae0e30ecc7dc63127658d197089d1bb0.resize-by-browser-width .dt-css-grid .wf-cell {\n  width: 25%;\n  padding: 5px;\n}\n.cssgridlegacy.no-cssgrid .gallery-shortcode.gallery-masonry-shortcode-id-ae0e30ecc7dc63127658d197089d1bb0.resize-by-browser-width .dt-css-grid .wf-cell.double-width {\n  width: calc(25%) * 2;\n}\n.gallery-shortcode.gallery-masonry-shortcode-id-ae0e30ecc7dc63127658d197089d1bb0.resize-by-browser-width:not(.centered-layout-list):not(.content-bg-on) .dt-css-grid {\n  grid-row-gap: 10px - ;\n}\n@media screen and (max-width: 1199px) {\n  .gallery-shortcode.gallery-masonry-shortcode-id-ae0e30ecc7dc63127658d197089d1bb0.resize-by-browser-width .dt-css-grid {\n    grid-template-columns: repeat(4,1fr);\n  }\n  .cssgridlegacy.no-cssgrid .gallery-shortcode.gallery-masonry-shortcode-id-ae0e30ecc7dc63127658d197089d1bb0.resize-by-browser-width .dt-css-grid .wf-cell,\n  .no-cssgridlegacy.no-cssgrid .gallery-shortcode.gallery-masonry-shortcode-id-ae0e30ecc7dc63127658d197089d1bb0.resize-by-browser-width .dt-css-grid .wf-cell {\n    width: 25%;\n  }\n  .cssgridlegacy.no-cssgrid .gallery-shortcode.gallery-masonry-shortcode-id-ae0e30ecc7dc63127658d197089d1bb0.resize-by-browser-width .dt-css-grid .wf-cell.double-width,\n  .no-cssgridlegacy.no-cssgrid .gallery-shortcode.gallery-masonry-shortcode-id-ae0e30ecc7dc63127658d197089d1bb0.resize-by-browser-width .dt-css-grid .wf-cell.double-width {\n    width: calc(25%)*2;\n  }\n}\n@media screen and (max-width: 991px) {\n  .gallery-shortcode.gallery-masonry-shortcode-id-ae0e30ecc7dc63127658d197089d1bb0.resize-by-browser-width .dt-css-grid {\n    grid-template-columns: repeat(2,1fr);\n  }\n  .cssgridlegacy.no-cssgrid .gallery-shortcode.gallery-masonry-shortcode-id-ae0e30ecc7dc63127658d197089d1bb0.resize-by-browser-width .dt-css-grid .wf-cell,\n  .no-cssgridlegacy.no-cssgrid .gallery-shortcode.gallery-masonry-shortcode-id-ae0e30ecc7dc63127658d197089d1bb0.resize-by-browser-width .dt-css-grid .wf-cell {\n    width: 50%;\n  }\n  .cssgridlegacy.no-cssgrid .gallery-shortcode.gallery-masonry-shortcode-id-ae0e30ecc7dc63127658d197089d1bb0.resize-by-browser-width .dt-css-grid .wf-cell.double-width,\n  .no-cssgridlegacy.no-cssgrid .gallery-shortcode.gallery-masonry-shortcode-id-ae0e30ecc7dc63127658d197089d1bb0.resize-by-browser-width .dt-css-grid .wf-cell.double-width {\n    width: calc(50%)*2;\n  }\n}\n@media screen and (max-width: 767px) {\n  .gallery-shortcode.gallery-masonry-shortcode-id-ae0e30ecc7dc63127658d197089d1bb0.resize-by-browser-width .dt-css-grid {\n    grid-template-columns: repeat(2,1fr);\n  }\n  .cssgridlegacy.no-cssgrid .gallery-shortcode.gallery-masonry-shortcode-id-ae0e30ecc7dc63127658d197089d1bb0.resize-by-browser-width .dt-css-grid .wf-cell,\n  .no-cssgridlegacy.no-cssgrid .gallery-shortcode.gallery-masonry-shortcode-id-ae0e30ecc7dc63127658d197089d1bb0.resize-by-browser-width .dt-css-grid .wf-cell {\n    width: 50%;\n  }\n  .cssgridlegacy.no-cssgrid .gallery-shortcode.gallery-masonry-shortcode-id-ae0e30ecc7dc63127658d197089d1bb0.resize-by-browser-width .dt-css-grid .wf-cell.double-width,\n  .no-cssgridlegacy.no-cssgrid .gallery-shortcode.gallery-masonry-shortcode-id-ae0e30ecc7dc63127658d197089d1bb0.resize-by-browser-width .dt-css-grid .wf-cell.double-width {\n    width: calc(50%)*2;\n  }\n}<\/style><div class=\"gallery-shortcode dt-gallery-container gallery-masonry-shortcode-id-ae0e30ecc7dc63127658d197089d1bb0 mode-masonry jquery-filter dt-icon-bg-off quick-scale-img enable-bg-rollover resize-by-browser-width  hover-fade loading-effect-none description-on-hover\" data-padding=\"5px\" data-cur-page=\"1\" data-post-limit=\"-1\" data-pagination-mode=\"none\" data-desktop-columns-num=\"4\" data-v-tablet-columns-num=\"2\" data-h-tablet-columns-num=\"4\" data-phone-columns-num=\"2\" data-width=\"0px\" data-columns=\"0\"><div class=\"iso-container\" ><div class=\"wf-cell iso-item\" data-post-id=\"3608\" data-date=\"2020-09-21T10:56:21-05:00\" data-name=\"paraiso3\"><figure class=\"post visible\"><a href=\"https:\/\/agriecuador.com\/wp-content\/uploads\/2020\/09\/paraiso3.png\" class=\"rollover dt-pswp-item layzr-bg\" data-large_image_width=\"768\" data-large_image_height=\"1024\" data-dt-img-description=\"\" title=\"paraiso3\"><img fetchpriority=\"high\" decoding=\"async\" class=\"preload-me iso-lazy-load aspect\" src=\"data:image\/svg+xml,%3Csvg%20xmlns%3D&#39;http%3A%2F%2Fwww.w3.org%2F2000%2Fsvg&#39;%20viewBox%3D&#39;0%200%20490%20490&#39;%2F%3E\" data-src=\"https:\/\/agriecuador.com\/wp-content\/uploads\/2020\/09\/paraiso3-490x490.png\" data-srcset=\"https:\/\/agriecuador.com\/wp-content\/uploads\/2020\/09\/paraiso3-490x490.png 490w, https:\/\/agriecuador.com\/wp-content\/uploads\/2020\/09\/paraiso3-735x735.png 735w\" loading=\"eager\" style=\"--ratio: 490 \/ 490\" sizes=\"(max-width: 490px) 100vw, 490px\" alt=\"\" width=\"490\" height=\"490\"  \/><span class=\"gallery-rollover\"><span class=\"gallery-zoom-ico icomoon-the7-font-the7-zoom-06\"><span><\/span><\/span><\/span><\/a><\/figure><\/div><div class=\"wf-cell iso-item\" data-post-id=\"3602\" data-date=\"2020-09-21T10:49:10-05:00\" data-name=\"malbec1\"><figure class=\"post visible\"><a href=\"https:\/\/agriecuador.com\/wp-content\/uploads\/2020\/09\/malbec1.png\" class=\"rollover dt-pswp-item layzr-bg\" data-large_image_width=\"768\" data-large_image_height=\"1024\" data-dt-img-description=\"\" title=\"malbec1\"><img decoding=\"async\" class=\"preload-me iso-lazy-load aspect\" src=\"data:image\/svg+xml,%3Csvg%20xmlns%3D&#39;http%3A%2F%2Fwww.w3.org%2F2000%2Fsvg&#39;%20viewBox%3D&#39;0%200%20490%20490&#39;%2F%3E\" data-src=\"https:\/\/agriecuador.com\/wp-content\/uploads\/2020\/09\/malbec1-490x490.png\" data-srcset=\"https:\/\/agriecuador.com\/wp-content\/uploads\/2020\/09\/malbec1-490x490.png 490w, https:\/\/agriecuador.com\/wp-content\/uploads\/2020\/09\/malbec1-735x735.png 735w\" loading=\"eager\" style=\"--ratio: 490 \/ 490\" sizes=\"(max-width: 490px) 100vw, 490px\" alt=\"\" width=\"490\" height=\"490\"  \/><span class=\"gallery-rollover\"><span class=\"gallery-zoom-ico icomoon-the7-font-the7-zoom-06\"><span><\/span><\/span><\/span><\/a><\/figure><\/div><div class=\"wf-cell iso-item\" data-post-id=\"3601\" data-date=\"2020-09-21T10:49:07-05:00\" data-name=\"malbec\"><figure class=\"post visible\"><a href=\"https:\/\/agriecuador.com\/wp-content\/uploads\/2020\/09\/malbec.png\" class=\"rollover dt-pswp-item layzr-bg\" data-large_image_width=\"768\" data-large_image_height=\"1024\" data-dt-img-description=\"\" title=\"malbec\"><img decoding=\"async\" class=\"preload-me iso-lazy-load aspect\" src=\"data:image\/svg+xml,%3Csvg%20xmlns%3D&#39;http%3A%2F%2Fwww.w3.org%2F2000%2Fsvg&#39;%20viewBox%3D&#39;0%200%20490%20490&#39;%2F%3E\" data-src=\"https:\/\/agriecuador.com\/wp-content\/uploads\/2020\/09\/malbec-490x490.png\" data-srcset=\"https:\/\/agriecuador.com\/wp-content\/uploads\/2020\/09\/malbec-490x490.png 490w, https:\/\/agriecuador.com\/wp-content\/uploads\/2020\/09\/malbec-735x735.png 735w\" loading=\"eager\" style=\"--ratio: 490 \/ 490\" sizes=\"(max-width: 490px) 100vw, 490px\" alt=\"\" width=\"490\" height=\"490\"  \/><span class=\"gallery-rollover\"><span class=\"gallery-zoom-ico icomoon-the7-font-the7-zoom-06\"><span><\/span><\/span><\/span><\/a><\/figure><\/div><div class=\"wf-cell iso-item\" data-post-id=\"3605\" data-date=\"2020-09-21T10:56:05-05:00\" data-name=\"paraiso\"><figure class=\"post visible\"><a href=\"https:\/\/agriecuador.com\/wp-content\/uploads\/2020\/09\/paraiso.png\" class=\"rollover dt-pswp-item layzr-bg\" data-large_image_width=\"768\" data-large_image_height=\"1024\" data-dt-img-description=\"\" title=\"paraiso\"><img decoding=\"async\" class=\"preload-me iso-lazy-load aspect\" src=\"data:image\/svg+xml,%3Csvg%20xmlns%3D&#39;http%3A%2F%2Fwww.w3.org%2F2000%2Fsvg&#39;%20viewBox%3D&#39;0%200%20490%20490&#39;%2F%3E\" data-src=\"https:\/\/agriecuador.com\/wp-content\/uploads\/2020\/09\/paraiso-490x490.png\" data-srcset=\"https:\/\/agriecuador.com\/wp-content\/uploads\/2020\/09\/paraiso-490x490.png 490w, https:\/\/agriecuador.com\/wp-content\/uploads\/2020\/09\/paraiso-735x735.png 735w\" loading=\"eager\" style=\"--ratio: 490 \/ 490\" sizes=\"(max-width: 490px) 100vw, 490px\" alt=\"\" width=\"490\" height=\"490\"  \/><span class=\"gallery-rollover\"><span class=\"gallery-zoom-ico icomoon-the7-font-the7-zoom-06\"><span><\/span><\/span><\/span><\/a><\/figure><\/div><div class=\"wf-cell iso-item\" data-post-id=\"3598\" data-date=\"2020-09-21T10:44:10-05:00\" data-name=\"estamino2\"><figure class=\"post visible\"><a href=\"https:\/\/agriecuador.com\/wp-content\/uploads\/2020\/09\/estamino2.png\" class=\"rollover dt-pswp-item layzr-bg\" data-large_image_width=\"768\" data-large_image_height=\"1024\" data-dt-img-description=\"\" title=\"estamino2\"><img decoding=\"async\" class=\"preload-me iso-lazy-load aspect\" src=\"data:image\/svg+xml,%3Csvg%20xmlns%3D&#39;http%3A%2F%2Fwww.w3.org%2F2000%2Fsvg&#39;%20viewBox%3D&#39;0%200%20490%20490&#39;%2F%3E\" data-src=\"https:\/\/agriecuador.com\/wp-content\/uploads\/2020\/09\/estamino2-490x490.png\" data-srcset=\"https:\/\/agriecuador.com\/wp-content\/uploads\/2020\/09\/estamino2-490x490.png 490w, https:\/\/agriecuador.com\/wp-content\/uploads\/2020\/09\/estamino2-735x735.png 735w\" loading=\"eager\" style=\"--ratio: 490 \/ 490\" sizes=\"(max-width: 490px) 100vw, 490px\" alt=\"\" width=\"490\" height=\"490\"  \/><span class=\"gallery-rollover\"><span class=\"gallery-zoom-ico icomoon-the7-font-the7-zoom-06\"><span><\/span><\/span><\/span><\/a><\/figure><\/div><div class=\"wf-cell iso-item\" data-post-id=\"3587\" data-date=\"2020-09-21T10:34:01-05:00\" data-name=\"vento\"><figure class=\"post visible\"><a href=\"https:\/\/agriecuador.com\/wp-content\/uploads\/2020\/09\/vento.png\" class=\"rollover dt-pswp-item layzr-bg\" data-large_image_width=\"768\" data-large_image_height=\"1024\" data-dt-img-description=\"\" title=\"vento\"><img decoding=\"async\" class=\"preload-me iso-lazy-load aspect\" src=\"data:image\/svg+xml,%3Csvg%20xmlns%3D&#39;http%3A%2F%2Fwww.w3.org%2F2000%2Fsvg&#39;%20viewBox%3D&#39;0%200%20490%20490&#39;%2F%3E\" data-src=\"https:\/\/agriecuador.com\/wp-content\/uploads\/2020\/09\/vento-490x490.png\" data-srcset=\"https:\/\/agriecuador.com\/wp-content\/uploads\/2020\/09\/vento-490x490.png 490w, https:\/\/agriecuador.com\/wp-content\/uploads\/2020\/09\/vento-735x735.png 735w\" loading=\"eager\" style=\"--ratio: 490 \/ 490\" sizes=\"(max-width: 490px) 100vw, 490px\" alt=\"\" width=\"490\" height=\"490\"  \/><span class=\"gallery-rollover\"><span class=\"gallery-zoom-ico icomoon-the7-font-the7-zoom-06\"><span><\/span><\/span><\/span><\/a><\/figure><\/div><div class=\"wf-cell iso-item\" data-post-id=\"3518\" data-date=\"2020-08-30T21:52:02-05:00\" data-name=\"1a93f5ce-af68-44bd-9f2a-2e4d7af58ca3\"><figure class=\"post visible\"><a href=\"https:\/\/agriecuador.com\/wp-content\/uploads\/2020\/08\/1a93f5ce-af68-44bd-9f2a-2e4d7af58ca3.jpeg\" class=\"rollover dt-pswp-item layzr-bg\" data-large_image_width=\"768\" data-large_image_height=\"1024\" data-dt-img-description=\"\" title=\"1a93f5ce-af68-44bd-9f2a-2e4d7af58ca3\"><img decoding=\"async\" class=\"preload-me iso-lazy-load aspect\" src=\"data:image\/svg+xml,%3Csvg%20xmlns%3D&#39;http%3A%2F%2Fwww.w3.org%2F2000%2Fsvg&#39;%20viewBox%3D&#39;0%200%20490%20490&#39;%2F%3E\" data-src=\"https:\/\/agriecuador.com\/wp-content\/uploads\/2020\/08\/1a93f5ce-af68-44bd-9f2a-2e4d7af58ca3-490x490.jpeg\" data-srcset=\"https:\/\/agriecuador.com\/wp-content\/uploads\/2020\/08\/1a93f5ce-af68-44bd-9f2a-2e4d7af58ca3-490x490.jpeg 490w, https:\/\/agriecuador.com\/wp-content\/uploads\/2020\/08\/1a93f5ce-af68-44bd-9f2a-2e4d7af58ca3-735x735.jpeg 735w\" loading=\"eager\" style=\"--ratio: 490 \/ 490\" sizes=\"(max-width: 490px) 100vw, 490px\" alt=\"\" width=\"490\" height=\"490\"  \/><span class=\"gallery-rollover\"><span class=\"gallery-zoom-ico icomoon-the7-font-the7-zoom-06\"><span><\/span><\/span><\/span><\/a><\/figure><\/div><div class=\"wf-cell iso-item\" data-post-id=\"437\" data-date=\"2019-09-30T05:28:05-05:00\" data-name=\"Captura-de-pantalla-2019-09-30-a-las-00.17.24\"><figure class=\"post visible\"><a href=\"https:\/\/agriecuador.com\/wp-content\/uploads\/2019\/09\/Captura-de-pantalla-2019-09-30-a-las-00.17.24.png\" class=\"rollover dt-pswp-item layzr-bg\" data-large_image_width=\"698\" data-large_image_height=\"932\" data-dt-img-description=\"\" title=\"Captura-de-pantalla-2019-09-30-a-las-00.17.24\"><img decoding=\"async\" class=\"preload-me iso-lazy-load aspect\" src=\"data:image\/svg+xml,%3Csvg%20xmlns%3D&#39;http%3A%2F%2Fwww.w3.org%2F2000%2Fsvg&#39;%20viewBox%3D&#39;0%200%20490%20490&#39;%2F%3E\" data-src=\"https:\/\/agriecuador.com\/wp-content\/uploads\/2019\/09\/Captura-de-pantalla-2019-09-30-a-las-00.17.24-490x490.png\" data-srcset=\"https:\/\/agriecuador.com\/wp-content\/uploads\/2019\/09\/Captura-de-pantalla-2019-09-30-a-las-00.17.24-490x490.png 490w, https:\/\/agriecuador.com\/wp-content\/uploads\/2019\/09\/Captura-de-pantalla-2019-09-30-a-las-00.17.24-698x698.png 698w\" loading=\"eager\" style=\"--ratio: 490 \/ 490\" sizes=\"(max-width: 490px) 100vw, 490px\" alt=\"\" width=\"490\" height=\"490\"  \/><span class=\"gallery-rollover\"><span class=\"gallery-zoom-ico icomoon-the7-font-the7-zoom-06\"><span><\/span><\/span><\/span><\/a><\/figure><\/div><\/div><!-- iso-container|iso-grid --><\/div>[vc_empty_space][\/vc_column][\/vc_row][vc_row][vc_column width=&#8221;1\/2&#8243;][vc_btn title=&#8221;Oferta&#8221; color=&#8221;primary&#8221; align=&#8221;center&#8221; css_animation=&#8221;bounceInUp&#8221; link=&#8221;url:http%3A%2F%2Fagriecuador.com%2Foferta%2F|title:Oferta||&#8221;][\/vc_column][vc_column width=&#8221;1\/2&#8243;][vc_btn title=&#8221;Inicio&#8221; color=&#8221;primary&#8221; align=&#8221;center&#8221; css_animation=&#8221;bounceInUp&#8221; link=&#8221;url:http%3A%2F%2Fagriecuador.com%2F|title:Inicio||&#8221;][\/vc_column][\/vc_row]<\/p>\n<\/div>","protected":false},"excerpt":{"rendered":"<p>[vc_row][vc_column width=&#8221;1\/6&#8243;][vc_single_image image=&#8221;3485&#8243; alignment=&#8221;center&#8221; onclick=&#8221;custom_link&#8221; css_animation=&#8221;bounceInUp&#8221; link=&#8221;https:\/\/agriecuador.com\/tomates\/&#8221;][vc_btn title=&#8221;Tomates&#8221; color=&#8221;primary&#8221; size=&#8221;lg&#8221; align=&#8221;center&#8221; css_animation=&#8221;bounceInUp&#8221; link=&#8221;url:http%3A%2F%2Fagriecuador.com%2Ftomates%2F|title:Tomates||&#8221;][\/vc_column][vc_column width=&#8221;1\/6&#8243;][vc_single_image image=&#8221;3486&#8243; alignment=&#8221;center&#8221; onclick=&#8221;custom_link&#8221; css_animation=&#8221;bounceInUp&#8221; link=&#8221;https:\/\/agriecuador.com\/coliflores\/&#8221;][vc_btn title=&#8221;Coliflores&#8221; color=&#8221;primary&#8221; size=&#8221;lg&#8221; align=&#8221;center&#8221; css_animation=&#8221;bounceInUp&#8221; link=&#8221;url:http%3A%2F%2Fagriecuador.com%2Fcoliflores%2F|title:Coliflores||&#8221;][\/vc_column][vc_column width=&#8221;1\/6&#8243;][vc_single_image image=&#8221;3487&#8243; alignment=&#8221;center&#8221; onclick=&#8221;custom_link&#8221; css_animation=&#8221;bounceInUp&#8221; link=&#8221;https:\/\/agriecuador.com\/portainjertos\/&#8221;][vc_btn title=&#8221;Portainjertos&#8221; color=&#8221;primary&#8221; size=&#8221;lg&#8221; align=&#8221;center&#8221; css_animation=&#8221;bounceInUp&#8221; link=&#8221;url:http%3A%2F%2Fagriecuador.com%2Fportainjertos%2F|title:Portainjertos||&#8221;][\/vc_column][vc_column width=&#8221;1\/6&#8243;][vc_single_image image=&#8221;3488&#8243; alignment=&#8221;center&#8221; onclick=&#8221;custom_link&#8221; css_animation=&#8221;bounceInUp&#8221; link=&#8221;https:\/\/agriecuador.com\/cebollas\/&#8221;][vc_btn title=&#8221;Cebollas&#8221; color=&#8221;primary&#8221; size=&#8221;lg&#8221; align=&#8221;center&#8221; css_animation=&#8221;bounceInUp&#8221; link=&#8221;url:http%3A%2F%2Fagriecuador.com%2Fcebollas%2F|title:Cebollas||&#8221;][\/vc_column][vc_column width=&#8221;1\/6&#8243;][vc_single_image image=&#8221;3489&#8243; alignment=&#8221;center&#8221; onclick=&#8221;custom_link&#8221; css_animation=&#8221;bounceInUp&#8221; link=&#8221;https:\/\/agriecuador.com\/pepinillos\/&#8221;][vc_btn&hellip;<\/p>\n","protected":false},"author":2,"featured_media":0,"parent":3396,"menu_order":0,"comment_status":"closed","ping_status":"closed","template":"","meta":{"_uag_custom_page_level_css":"","footnotes":""},"class_list":["post-5138","page","type-page","status-publish","hentry","description-off"],"uagb_featured_image_src":{"full":false,"thumbnail":false,"medium":false,"medium_large":false,"large":false,"1536x1536":false,"2048x2048":false,"awb_sm":false,"awb_md":false,"awb_lg":false,"awb_xl":false},"uagb_author_info":{"display_name":"Carolina Cuenca","author_link":"https:\/\/agriecuador.com\/en\/author\/carocuenca\/"},"uagb_comment_info":0,"uagb_excerpt":"[vc_row][vc_column width=&#8221;1\/6&#8243;][vc_single_image image=&#8221;3485&#8243; alignment=&#8221;center&#8221; onclick=&#8221;custom_link&#8221; css_animation=&#8221;bounceInUp&#8221; link=&#8221;https:\/\/agriecuador.com\/tomates\/&#8221;][vc_btn title=&#8221;Tomates&#8221; color=&#8221;primary&#8221; size=&#8221;lg&#8221; align=&#8221;center&#8221; css_animation=&#8221;bounceInUp&#8221; link=&#8221;url:http%3A%2F%2Fagriecuador.com%2Ftomates%2F|title:Tomates||&#8221;][\/vc_column][vc_column width=&#8221;1\/6&#8243;][vc_single_image image=&#8221;3486&#8243; alignment=&#8221;center&#8221; onclick=&#8221;custom_link&#8221; css_animation=&#8221;bounceInUp&#8221; link=&#8221;https:\/\/agriecuador.com\/coliflores\/&#8221;][vc_btn title=&#8221;Coliflores&#8221; color=&#8221;primary&#8221; size=&#8221;lg&#8221; align=&#8221;center&#8221; css_animation=&#8221;bounceInUp&#8221; link=&#8221;url:http%3A%2F%2Fagriecuador.com%2Fcoliflores%2F|title:Coliflores||&#8221;][\/vc_column][vc_column width=&#8221;1\/6&#8243;][vc_single_image image=&#8221;3487&#8243; alignment=&#8221;center&#8221; onclick=&#8221;custom_link&#8221; css_animation=&#8221;bounceInUp&#8221; link=&#8221;https:\/\/agriecuador.com\/portainjertos\/&#8221;][vc_btn title=&#8221;Portainjertos&#8221; color=&#8221;primary&#8221; size=&#8221;lg&#8221; align=&#8221;center&#8221; css_animation=&#8221;bounceInUp&#8221; link=&#8221;url:http%3A%2F%2Fagriecuador.com%2Fportainjertos%2F|title:Portainjertos||&#8221;][\/vc_column][vc_column width=&#8221;1\/6&#8243;][vc_single_image image=&#8221;3488&#8243; alignment=&#8221;center&#8221; onclick=&#8221;custom_link&#8221; css_animation=&#8221;bounceInUp&#8221; link=&#8221;https:\/\/agriecuador.com\/cebollas\/&#8221;][vc_btn title=&#8221;Cebollas&#8221; color=&#8221;primary&#8221; size=&#8221;lg&#8221; align=&#8221;center&#8221; css_animation=&#8221;bounceInUp&#8221; link=&#8221;url:http%3A%2F%2Fagriecuador.com%2Fcebollas%2F|title:Cebollas||&#8221;][\/vc_column][vc_column width=&#8221;1\/6&#8243;][vc_single_image image=&#8221;3489&#8243; alignment=&#8221;center&#8221; onclick=&#8221;custom_link&#8221; css_animation=&#8221;bounceInUp&#8221; link=&#8221;https:\/\/agriecuador.com\/pepinillos\/&#8221;][vc_btn&hellip;","_links":{"self":[{"href":"https:\/\/agriecuador.com\/en\/wp-json\/wp\/v2\/pages\/5138","targetHints":{"allow":["GET"]}}],"collection":[{"href":"https:\/\/agriecuador.com\/en\/wp-json\/wp\/v2\/pages"}],"about":[{"href":"https:\/\/agriecuador.com\/en\/wp-json\/wp\/v2\/types\/page"}],"author":[{"embeddable":true,"href":"https:\/\/agriecuador.com\/en\/wp-json\/wp\/v2\/users\/2"}],"replies":[{"embeddable":true,"href":"https:\/\/agriecuador.com\/en\/wp-json\/wp\/v2\/comments?post=5138"}],"version-history":[{"count":1,"href":"https:\/\/agriecuador.com\/en\/wp-json\/wp\/v2\/pages\/5138\/revisions"}],"predecessor-version":[{"id":5139,"href":"https:\/\/agriecuador.com\/en\/wp-json\/wp\/v2\/pages\/5138\/revisions\/5139"}],"up":[{"embeddable":true,"href":"https:\/\/agriecuador.com\/en\/wp-json\/wp\/v2\/pages\/3396"}],"wp:attachment":[{"href":"https:\/\/agriecuador.com\/en\/wp-json\/wp\/v2\/media?parent=5138"}],"curies":[{"name":"wp","href":"https:\/\/api.w.org\/{rel}","templated":true}]}}