{"id":5005,"date":"2023-02-22T09:49:58","date_gmt":"2023-02-22T14:49:58","guid":{"rendered":"https:\/\/agriecuador.com\/?page_id=5005"},"modified":"2023-02-23T11:47:18","modified_gmt":"2023-02-23T16:47:18","slug":"maquinaria-tomsystem","status":"publish","type":"page","link":"https:\/\/agriecuador.com\/en\/oferta\/maquinaria-tomsystem\/","title":{"rendered":"Maquinaria Tomsystem"},"content":{"rendered":"<div class=\"wpb-content-wrapper\"><p>[vc_row][vc_column][vc_empty_space]<div id=\"ultimate-heading-83869f2cecb2d850\" class=\"uvc-heading ult-adjust-bottom-margin ultimate-heading-83869f2cecb2d850 uvc-4223 \" data-hspacer=\"no_spacer\"  data-halign=\"center\" style=\"text-align:center\"><div class=\"uvc-heading-spacer no_spacer\" style=\"top\"><\/div><div class=\"uvc-main-heading ult-responsive\"  data-ultimate-target='.uvc-heading.ultimate-heading-83869f2cecb2d850 h2'  data-responsive-json-new='{\"font-size\":\"\",\"line-height\":\"\"}' ><h2 style=\"font-weight:bold;\">\u00bfQU\u00c9 ES TOMSYSTEM?<\/h2><\/div><\/div>[vc_empty_space][vc_column_text]Tomsystem es un sistema innovador de entutorado en invernadero para plantas sencillo y r\u00e1pido, dirigido al atado de la planta por medio de grapas met\u00e1licas. \u00c9sta nueva m\u00e1quina de entutorar\u00a0permite el atado de tomates, pepinos, pimientos de manera r\u00e1pida y sencilla\u00a0convirti\u00e9ndose en la m\u00e1quina m\u00e1s eficiente del mercado.\u00a0 Es el\u00a0\u00fanico m\u00e9todo\u00a0de entutorado para cultivos de invernadero que\u00a0permite entutorar 1 hect\u00e1rea de cultivo de tomate con una \u00fanica persona.[\/vc_column_text][vc_single_image image=&#8221;5007&#8243; img_size=&#8221;full&#8221; alignment=&#8221;center&#8221;][vc_empty_space]<div id=\"ultimate-heading-962869f2cecb2d8c7\" class=\"uvc-heading ult-adjust-bottom-margin ultimate-heading-962869f2cecb2d8c7 uvc-8076 \" data-hspacer=\"no_spacer\"  data-halign=\"center\" style=\"text-align:center\"><div class=\"uvc-heading-spacer no_spacer\" style=\"top\"><\/div><div class=\"uvc-main-heading ult-responsive\"  data-ultimate-target='.uvc-heading.ultimate-heading-962869f2cecb2d8c7 h2'  data-responsive-json-new='{\"font-size\":\"\",\"line-height\":\"\"}' ><h2 style=\"font-weight:bold;\">VENTAJAS DEL TOMSYSTEM<\/h2><\/div><\/div>[vc_empty_space][vc_single_image image=&#8221;5022&#8243; img_size=&#8221;full&#8221; alignment=&#8221;center&#8221;][vc_empty_space]<div id=\"ultimate-heading-771769f2cecb2d919\" class=\"uvc-heading ult-adjust-bottom-margin ultimate-heading-771769f2cecb2d919 uvc-4275 \" data-hspacer=\"no_spacer\"  data-halign=\"center\" style=\"text-align:center\"><div class=\"uvc-heading-spacer no_spacer\" style=\"top\"><\/div><div class=\"uvc-main-heading ult-responsive\"  data-ultimate-target='.uvc-heading.ultimate-heading-771769f2cecb2d919 h2'  data-responsive-json-new='{\"font-size\":\"\",\"line-height\":\"\"}' ><h2 style=\"font-weight:bold;\">FUNCIONAMIENTO DEL TOMSYSTEM<\/h2><\/div><\/div>[vc_empty_space][vc_video link=&#8221;https:\/\/www.youtube.com\/watch?v=fH1V-_4b17Q&#038;ab_channel=Thetomsystem&#8221;][vc_empty_space]<div id=\"ultimate-heading-765169f2cecb2d97b\" class=\"uvc-heading ult-adjust-bottom-margin ultimate-heading-765169f2cecb2d97b uvc-6688 \" data-hspacer=\"no_spacer\"  data-halign=\"center\" style=\"text-align:center\"><div class=\"uvc-heading-spacer no_spacer\" style=\"top\"><\/div><div class=\"uvc-main-heading ult-responsive\"  data-ultimate-target='.uvc-heading.ultimate-heading-765169f2cecb2d97b h2'  data-responsive-json-new='{\"font-size\":\"\",\"line-height\":\"\"}' ><h2 style=\"font-weight:bold;\">PREGUNTAS FRECUENTES DEL TOMSYSTEM<\/h2><\/div><\/div>[vc_empty_space][vc_tta_accordion active_section=&#8221;1&#8243;][vc_tta_section title=&#8221;\u00bfQu\u00e9 es Tomsystem?&#8221; tab_id=&#8221;1677083438140-52c887fe-2f14&#8243;][vc_column_text]Es el primer sistema autom\u00e1tico del mundo de atado de cultivos de invernadero.[\/vc_column_text][\/vc_tta_section][vc_tta_section title=&#8221;\u00bfDe qu\u00e9 consta?&#8221; tab_id=&#8221;1677083438163-019b45fa-ab8e&#8221;][vc_column_text]Consta de una atadora el\u00e9ctrica operada por bater\u00eda y una grapa met\u00e1lica.[\/vc_column_text][\/vc_tta_section][vc_tta_section title=&#8221;\u00bfPara qu\u00e9 cultivos se utiliza?&#8221; tab_id=&#8221;1677083659333-5d1674b0-dcef&#8221;][vc_column_text]Para cultivos entutorados (colgados de una cuerda o rafia), principalmente tomate, pepino, pimiento y berenjena, aunque se puede utilizar para otros cultivos.[\/vc_column_text][\/vc_tta_section][vc_tta_section title=&#8221;\u00bfCu\u00e1l es la velocidad de entutorado?&#8221; tab_id=&#8221;1677083661724-5ec30b60-863c&#8221;][vc_column_text]Var\u00eda seg\u00fan el cultivo y densidad de plantaci\u00f3n, pero la media es de 1600-2000 plantas\/hora.[\/vc_column_text][\/vc_tta_section][vc_tta_section title=&#8221;\u00bfEn qu\u00e9 tipo de cuerda (rafia) se puede utilizar?&#8221; tab_id=&#8221;1677083662507-91565a9b-8cf6&#8243;][vc_column_text]Tomsystem dispone de 5 niveles diferentes de atado en funci\u00f3n del grosor de la cuerda. Sirve para cualquier tipo de rafia comercial, desde grosores de 1500 m\/Kg hasta 1000 m\/kg.[\/vc_column_text][\/vc_tta_section][vc_tta_section title=&#8221;\u00bfCu\u00e1nto dura la bater\u00eda?&#8221; tab_id=&#8221;1677083663274-481ee552-56f4&#8243;][vc_column_text]2 jornadas completas de trabajo.[\/vc_column_text][\/vc_tta_section][vc_tta_section title=&#8221;\u00bfCu\u00e1les son las dimensiones de la grapa?&#8221; tab_id=&#8221;1677084080582-913c1e00-ff39&#8243;][vc_column_text]La grapa una vez cerrada tiene un di\u00e1metro de 22 mm, de manera que es adecuada para cualquier tipo de variedad de los cultivos indicados.[\/vc_column_text][\/vc_tta_section][vc_tta_section title=&#8221;\u00bfQu\u00e9 peso aguantan las grapas?&#8221; tab_id=&#8221;1677084081938-636c602f-4d92&#8243;][vc_column_text]Ajustando bien el cierre de las grapas seg\u00fan el tipo de rafia, es posible atar cualquier tipo de cultivo, incluso las variedades m\u00e1s pesadas (racimos de m\u00e1s de 1 kg de peso y plantas de m\u00e1s de m\u00e1s de 10 kg y producciones de 80 kg\/m2 al a\u00f1o).[\/vc_column_text][\/vc_tta_section][vc_tta_section title=&#8221;\u00bfQu\u00e9 tipo de invernadero es el m\u00e1s adecuado?&#8221; tab_id=&#8221;1677084330909-5fb6f6bb-c8ca&#8221;][vc_column_text]Tomsystem se puede utilizar en cualquier cultivo entutorado (sujeto verticalmente desde arriba), desde invernaderos parrales, mallas sombras hasta invernaderos de cristal de baja y alta tecnolog\u00eda[\/vc_column_text][\/vc_tta_section][vc_tta_section title=&#8221;\u00bfC\u00f3mo se limpia y desinfecta tomsystem?&#8221; tab_id=&#8221;1677084374255-d4648b1e-844d&#8221;][vc_column_text]Se puede limpiar con un trapo h\u00famedo, evitando que escurra y entre la humedad dentro de la m\u00e1quina. Se pueden utilizar desinfectantes comerciales siguiendo el mismo criterio.[\/vc_column_text][\/vc_tta_section][\/vc_tta_accordion][\/vc_column][\/vc_row][vc_row][vc_column width=&#8221;1\/2&#8243;][vc_btn title=&#8221;Oferta&#8221; color=&#8221;primary&#8221; align=&#8221;center&#8221; css_animation=&#8221;bounceInUp&#8221; link=&#8221;url:http%3A%2F%2Fagriecuador.com%2Foferta%2F|title:Oferta||&#8221;][\/vc_column][vc_column width=&#8221;1\/2&#8243;][vc_btn title=&#8221;Inicio&#8221; color=&#8221;primary&#8221; align=&#8221;center&#8221; css_animation=&#8221;bounceInUp&#8221; link=&#8221;url:http%3A%2F%2Fagriecuador.com%2F|title:Inicio||&#8221;][\/vc_column][\/vc_row]<\/p>\n<\/div>","protected":false},"excerpt":{"rendered":"<p>[vc_row][vc_column][vc_empty_space][vc_empty_space][vc_column_text]Tomsystem es un sistema innovador de entutorado en invernadero para plantas sencillo y r\u00e1pido, dirigido al atado de la planta por medio de grapas met\u00e1licas. \u00c9sta nueva m\u00e1quina de entutorar\u00a0permite el atado de tomates, pepinos, pimientos de manera r\u00e1pida y sencilla\u00a0convirti\u00e9ndose en la m\u00e1quina m\u00e1s eficiente del mercado.\u00a0 Es el\u00a0\u00fanico m\u00e9todo\u00a0de entutorado para cultivos de&hellip;<\/p>\n","protected":false},"author":2,"featured_media":0,"parent":3396,"menu_order":0,"comment_status":"closed","ping_status":"closed","template":"","meta":{"_uag_custom_page_level_css":"","footnotes":""},"class_list":["post-5005","page","type-page","status-publish","hentry","description-off"],"uagb_featured_image_src":{"full":false,"thumbnail":false,"medium":false,"medium_large":false,"large":false,"1536x1536":false,"2048x2048":false,"awb_sm":false,"awb_md":false,"awb_lg":false,"awb_xl":false},"uagb_author_info":{"display_name":"Carolina Cuenca","author_link":"https:\/\/agriecuador.com\/en\/author\/carocuenca\/"},"uagb_comment_info":0,"uagb_excerpt":"[vc_row][vc_column][vc_empty_space][vc_empty_space][vc_column_text]Tomsystem es un sistema innovador de entutorado en invernadero para plantas sencillo y r\u00e1pido, dirigido al atado de la planta por medio de grapas met\u00e1licas. \u00c9sta nueva m\u00e1quina de entutorar\u00a0permite el atado de tomates, pepinos, pimientos de manera r\u00e1pida y sencilla\u00a0convirti\u00e9ndose en la m\u00e1quina m\u00e1s eficiente del mercado.\u00a0 Es el\u00a0\u00fanico m\u00e9todo\u00a0de entutorado para cultivos de&hellip;","_links":{"self":[{"href":"https:\/\/agriecuador.com\/en\/wp-json\/wp\/v2\/pages\/5005","targetHints":{"allow":["GET"]}}],"collection":[{"href":"https:\/\/agriecuador.com\/en\/wp-json\/wp\/v2\/pages"}],"about":[{"href":"https:\/\/agriecuador.com\/en\/wp-json\/wp\/v2\/types\/page"}],"author":[{"embeddable":true,"href":"https:\/\/agriecuador.com\/en\/wp-json\/wp\/v2\/users\/2"}],"replies":[{"embeddable":true,"href":"https:\/\/agriecuador.com\/en\/wp-json\/wp\/v2\/comments?post=5005"}],"version-history":[{"count":16,"href":"https:\/\/agriecuador.com\/en\/wp-json\/wp\/v2\/pages\/5005\/revisions"}],"predecessor-version":[{"id":5030,"href":"https:\/\/agriecuador.com\/en\/wp-json\/wp\/v2\/pages\/5005\/revisions\/5030"}],"up":[{"embeddable":true,"href":"https:\/\/agriecuador.com\/en\/wp-json\/wp\/v2\/pages\/3396"}],"wp:attachment":[{"href":"https:\/\/agriecuador.com\/en\/wp-json\/wp\/v2\/media?parent=5005"}],"curies":[{"name":"wp","href":"https:\/\/api.w.org\/{rel}","templated":true}]}}