{"id":4994,"date":"2023-02-16T11:55:45","date_gmt":"2023-02-16T16:55:45","guid":{"rendered":"https:\/\/agriecuador.com\/?page_id=4994"},"modified":"2024-03-26T09:55:08","modified_gmt":"2024-03-26T14:55:08","slug":"semillas-de-lechugas","status":"publish","type":"page","link":"https:\/\/agriecuador.com\/en\/oferta\/enza-zaden\/semillas-de-lechugas\/","title":{"rendered":"Semillas de Lechugas"},"content":{"rendered":"<div class=\"wpb-content-wrapper\"><p>[vc_row][vc_column]<div id=\"ultimate-heading-946669f79bbbb22c4\" class=\"uvc-heading ult-adjust-bottom-margin ultimate-heading-946669f79bbbb22c4 uvc-9478 \" data-hspacer=\"no_spacer\"  data-halign=\"center\" style=\"text-align:center\"><div class=\"uvc-heading-spacer no_spacer\" style=\"top\"><\/div><div class=\"uvc-main-heading ult-responsive\"  data-ultimate-target='.uvc-heading.ultimate-heading-946669f79bbbb22c4 h2'  data-responsive-json-new='{\"font-size\":\"\",\"line-height\":\"\"}' ><h2 style=\"font-weight:normal;\">Semillas de Lechugas<\/h2><\/div><\/div>[vc_empty_space][\/vc_column][\/vc_row][vc_row][vc_column width=&#8221;1\/2&#8243;]<div id=\"ultimate-heading-258469f79bbbb2316\" class=\"uvc-heading ult-adjust-bottom-margin ultimate-heading-258469f79bbbb2316 uvc-9636 \" data-hspacer=\"no_spacer\"  data-halign=\"center\" style=\"text-align:center\"><div class=\"uvc-heading-spacer no_spacer\" style=\"top\"><\/div><div class=\"uvc-main-heading ult-responsive\"  data-ultimate-target='.uvc-heading.ultimate-heading-258469f79bbbb2316 h2'  data-responsive-json-new='{\"font-size\":\"\",\"line-height\":\"\"}' ><h2 style=\"font-weight:normal;\">Lechuga Mediterranea F1 <\/h2><\/div><\/div>[vc_empty_space][vc_single_image image=&#8221;4995&#8243; img_size=&#8221;120&#215;120&#8243; alignment=&#8221;center&#8221; onclick=&#8221;custom_link&#8221; css_animation=&#8221;bounceInUp&#8221; link=&#8221;https:\/\/agriecuador.com\/malbec-f1\/&#8221;][vc_empty_space][vc_column_text]<strong>Caracter\u00edsticas <\/strong><\/p>\n<ul>\n<li>Lechuga del tipo crespa de gran porte, m\u00e1s erecta, vigorosa y productiva.<\/li>\n<li>Tolerante a quemaduras de puntas (deficiencia de calcio) y pend\u00f3n precoz.<\/li>\n<li>No amargan tras sobrepasar el punto de cosecha.<\/li>\n<li>Tolerante a Mildiu, LMV, Fusarium, Nematodo de las Agallas y Thielaviopsis basicola (podredumbre de la ra\u00edz)<\/li>\n<\/ul>\n<p>[\/vc_column_text][\/vc_column][vc_column width=&#8221;1\/2&#8243;]<div id=\"ultimate-heading-885769f79bbbb2347\" class=\"uvc-heading ult-adjust-bottom-margin ultimate-heading-885769f79bbbb2347 uvc-8244 \" data-hspacer=\"no_spacer\"  data-halign=\"center\" style=\"text-align:center\"><div class=\"uvc-heading-spacer no_spacer\" style=\"top\"><\/div><div class=\"uvc-main-heading ult-responsive\"  data-ultimate-target='.uvc-heading.ultimate-heading-885769f79bbbb2347 h2'  data-responsive-json-new='{\"font-size\":\"\",\"line-height\":\"\"}' ><h2 style=\"font-weight:normal;\">Lechuga Srirang F1 <\/h2><\/div><\/div>[vc_empty_space][vc_single_image image=&#8221;4996&#8243; img_size=&#8221;120&#215;120&#8243; alignment=&#8221;center&#8221; onclick=&#8221;custom_link&#8221; css_animation=&#8221;bounceInUp&#8221; link=&#8221;https:\/\/agriecuador.com\/gamay-f1\/&#8221;][vc_empty_space][vc_column_text]<strong>Caracter\u00edsticas<\/strong><\/p>\n<ul>\n<li>Variedad con cabeza grande y gran calidad en la conservaci\u00f3n<\/li>\n<li>Gran calidad alimenticia cuando se consume como ensalada y resistente a los virus.<\/li>\n<li>Hojas de color verde intenso<\/li>\n<\/ul>\n<p>[\/vc_column_text][\/vc_column][\/vc_row][vc_row][vc_column][vc_empty_space][vc_separator][\/vc_column][\/vc_row][vc_row][vc_column width=&#8221;1\/3&#8243;][vc_btn title=&#8221;Semillas&#8221; color=&#8221;primary&#8221; align=&#8221;center&#8221; css_animation=&#8221;bounceInUp&#8221; link=&#8221;url:http%3A%2F%2Fagriecuador.com%2Fenza-zaden%2F|title:Semillas||&#8221;][\/vc_column][vc_column width=&#8221;1\/3&#8243;][vc_btn title=&#8221;Oferta&#8221; color=&#8221;primary&#8221; align=&#8221;center&#8221; css_animation=&#8221;bounceInUp&#8221; link=&#8221;url:http%3A%2F%2Fagriecuador.com%2Foferta%2F|title:Oferta||&#8221;][\/vc_column][vc_column width=&#8221;1\/3&#8243;][vc_btn title=&#8221;Inicio&#8221; color=&#8221;primary&#8221; align=&#8221;center&#8221; css_animation=&#8221;bounceInUp&#8221; link=&#8221;url:http%3A%2F%2Fagriecuador.com|title:Inicio||&#8221;][\/vc_column][\/vc_row]<\/p>\n<\/div>","protected":false},"excerpt":{"rendered":"<p>[vc_row][vc_column][vc_empty_space][\/vc_column][\/vc_row][vc_row][vc_column width=&#8221;1\/2&#8243;][vc_empty_space][vc_single_image image=&#8221;4995&#8243; img_size=&#8221;120&#215;120&#8243; alignment=&#8221;center&#8221; onclick=&#8221;custom_link&#8221; css_animation=&#8221;bounceInUp&#8221; link=&#8221;https:\/\/agriecuador.com\/malbec-f1\/&#8221;][vc_empty_space][vc_column_text]Caracter\u00edsticas Lechuga del tipo crespa de gran porte, m\u00e1s erecta, vigorosa y productiva. Tolerante a quemaduras de puntas (deficiencia de calcio) y pend\u00f3n precoz. No amargan tras sobrepasar el punto de cosecha. Tolerante a Mildiu, LMV, Fusarium, Nematodo de las Agallas y Thielaviopsis basicola (podredumbre de la ra\u00edz)&hellip;<\/p>\n","protected":false},"author":2,"featured_media":0,"parent":433,"menu_order":0,"comment_status":"closed","ping_status":"closed","template":"","meta":{"_uag_custom_page_level_css":"","footnotes":""},"class_list":["post-4994","page","type-page","status-publish","hentry","description-off"],"uagb_featured_image_src":{"full":false,"thumbnail":false,"medium":false,"medium_large":false,"large":false,"1536x1536":false,"2048x2048":false,"awb_sm":false,"awb_md":false,"awb_lg":false,"awb_xl":false},"uagb_author_info":{"display_name":"Carolina Cuenca","author_link":"https:\/\/agriecuador.com\/en\/author\/carocuenca\/"},"uagb_comment_info":0,"uagb_excerpt":"[vc_row][vc_column][vc_empty_space][\/vc_column][\/vc_row][vc_row][vc_column width=&#8221;1\/2&#8243;][vc_empty_space][vc_single_image image=&#8221;4995&#8243; img_size=&#8221;120&#215;120&#8243; alignment=&#8221;center&#8221; onclick=&#8221;custom_link&#8221; css_animation=&#8221;bounceInUp&#8221; link=&#8221;https:\/\/agriecuador.com\/malbec-f1\/&#8221;][vc_empty_space][vc_column_text]Caracter\u00edsticas Lechuga del tipo crespa de gran porte, m\u00e1s erecta, vigorosa y productiva. Tolerante a quemaduras de puntas (deficiencia de calcio) y pend\u00f3n precoz. No amargan tras sobrepasar el punto de cosecha. Tolerante a Mildiu, LMV, Fusarium, Nematodo de las Agallas y Thielaviopsis basicola (podredumbre de la ra\u00edz)&hellip;","_links":{"self":[{"href":"https:\/\/agriecuador.com\/en\/wp-json\/wp\/v2\/pages\/4994","targetHints":{"allow":["GET"]}}],"collection":[{"href":"https:\/\/agriecuador.com\/en\/wp-json\/wp\/v2\/pages"}],"about":[{"href":"https:\/\/agriecuador.com\/en\/wp-json\/wp\/v2\/types\/page"}],"author":[{"embeddable":true,"href":"https:\/\/agriecuador.com\/en\/wp-json\/wp\/v2\/users\/2"}],"replies":[{"embeddable":true,"href":"https:\/\/agriecuador.com\/en\/wp-json\/wp\/v2\/comments?post=4994"}],"version-history":[{"count":1,"href":"https:\/\/agriecuador.com\/en\/wp-json\/wp\/v2\/pages\/4994\/revisions"}],"predecessor-version":[{"id":4998,"href":"https:\/\/agriecuador.com\/en\/wp-json\/wp\/v2\/pages\/4994\/revisions\/4998"}],"up":[{"embeddable":true,"href":"https:\/\/agriecuador.com\/en\/wp-json\/wp\/v2\/pages\/433"}],"wp:attachment":[{"href":"https:\/\/agriecuador.com\/en\/wp-json\/wp\/v2\/media?parent=4994"}],"curies":[{"name":"wp","href":"https:\/\/api.w.org\/{rel}","templated":true}]}}