{"id":4915,"date":"2022-11-07T08:54:18","date_gmt":"2022-11-07T13:54:18","guid":{"rendered":"https:\/\/agriecuador.com\/?page_id=4915"},"modified":"2022-11-07T08:54:18","modified_gmt":"2022-11-07T13:54:18","slug":"semilla-de-pepinillo-alcazar-f1","status":"publish","type":"page","link":"https:\/\/agriecuador.com\/en\/oferta\/enza-zaden\/pepinillos\/semilla-de-pepinillo-alcazar-f1\/","title":{"rendered":"Semilla de Pepinillo Alcazar F1"},"content":{"rendered":"<div class=\"wpb-content-wrapper\"><p>[vc_row][vc_column]<div id=\"ultimate-heading-129869efbef3da25e\" class=\"uvc-heading ult-adjust-bottom-margin ultimate-heading-129869efbef3da25e uvc-967 \" data-hspacer=\"no_spacer\"  data-halign=\"center\" style=\"text-align:center\"><div class=\"uvc-heading-spacer no_spacer\" style=\"top\"><\/div><div class=\"uvc-main-heading ult-responsive\"  data-ultimate-target='.uvc-heading.ultimate-heading-129869efbef3da25e h2'  data-responsive-json-new='{\"font-size\":\"\",\"line-height\":\"\"}' ><h2 style=\"font-weight:normal;\">Semilla de Pepinillo Alcazar F1<\/h2><\/div><\/div>[vc_empty_space][vc_column_text]<strong>Caracter\u00edsticas:<\/strong><\/p>\n<ul>\n<li>Pepino Tipo Americano<\/li>\n<li>De porte muy vigoroso y semi-cerrado, presenta una excelente capacidad de rebrote.<\/li>\n<li>Presenta un atractivo color verde oscuro y brillante<\/li>\n<li>El tama\u00f1o oscila entre los 22 a 24 cm ubic\u00e1ndose en las categor\u00edas de Super Selectos y Large donde su excelente calidad de fruta lo hacen resaltar.<\/li>\n<li>De madurez intermedia, su adaptaci\u00f3n a temperaturas fr\u00edas no extremosas en las diferentes regiones lo hacen una excelente opci\u00f3n de cultivo en condiciones de agricultura protegida.<\/li>\n<\/ul>\n<div class=\"zpelement zpelem-heading \" data-element-id=\"elm_AdWrr1u_YK3R3GWPrk2dAg\" data-element-type=\"heading\">\n<p class=\"zpheading zpheading-style-none zpheading-align-left \" data-editor=\"true\"><strong>Resistencias AR<\/strong><\/p>\n<\/div>\n<div class=\"zpelement zpelem-text \" data-element-id=\"elm_hOI-S0GdhYKQeCBIvzKsPw\" data-element-type=\"text\">\n<div class=\"zptext zptext-align-left \" data-editor=\"true\">\n<div>Ccu<\/div>\n<\/div>\n<\/div>\n<div class=\"zpelement zpelem-heading \" data-element-id=\"elm_-ioRgtkycMxNTTVgLptpIg\" data-element-type=\"heading\">\n<p class=\"zpheading zpheading-style-none zpheading-align-left \" data-editor=\"true\"><strong>Resistencias RM<\/strong><\/p>\n<\/div>\n<div class=\"zpelement zpelem-text \" data-element-id=\"elm_eeLbT0dNbcJhTjGeMIz--Q\" data-element-type=\"text\">\n<div class=\"zptext zptext-align-left \" data-editor=\"true\">CVYV\/PX<\/div>\n<\/div>\n<p>[\/vc_column_text]<style type=\"text\/css\" data-type=\"the7_shortcodes-inline-css\">.gallery-shortcode.gallery-masonry-shortcode-id-018997e85554667a2ba406d70a9ba6f7 figure,\n.gallery-shortcode.gallery-masonry-shortcode-id-018997e85554667a2ba406d70a9ba6f7 .rollover,\n.gallery-shortcode.gallery-masonry-shortcode-id-018997e85554667a2ba406d70a9ba6f7 img,\n.gallery-shortcode.gallery-masonry-shortcode-id-018997e85554667a2ba406d70a9ba6f7 .gallery-rollover {\n  border-radius: 0px;\n}\n.gallery-shortcode.gallery-masonry-shortcode-id-018997e85554667a2ba406d70a9ba6f7.enable-bg-rollover .gallery-rollover {\n  background: -webkit-linear-gradient();\n  background: linear-gradient();\n}\n.gallery-shortcode.gallery-masonry-shortcode-id-018997e85554667a2ba406d70a9ba6f7.enable-bg-rollover.hover-scale figure .rollover:after {\n  background: -webkit-linear-gradient();\n  background: linear-gradient();\n}\n.gallery-shortcode.gallery-masonry-shortcode-id-018997e85554667a2ba406d70a9ba6f7 .gallery-zoom-ico {\n  width: 44px;\n  height: 44px;\n  line-height: 44px;\n  border-radius: 100px;\n  margin: -22px 0 0 -22px;\n  border-width: 0px;\n  color: #ffffff;\n}\n.dt-icon-bg-on.gallery-shortcode.gallery-masonry-shortcode-id-018997e85554667a2ba406d70a9ba6f7 .gallery-zoom-ico {\n  background: rgba(255,255,255,0.3);\n  box-shadow: none;\n}\n.gallery-shortcode.gallery-masonry-shortcode-id-018997e85554667a2ba406d70a9ba6f7 .gallery-zoom-ico:before,\n.gallery-shortcode.gallery-masonry-shortcode-id-018997e85554667a2ba406d70a9ba6f7 .gallery-zoom-ico span {\n  font-size: 32px;\n  line-height: 44px;\n  color: #ffffff;\n}\n.gallery-shortcode.gallery-masonry-shortcode-id-018997e85554667a2ba406d70a9ba6f7:not(.resize-by-browser-width) .dt-css-grid {\n  grid-row-gap: 10px;\n  grid-column-gap: 10px;\n  grid-template-columns: repeat(auto-fill,minmax(,1fr));\n}\n.gallery-shortcode.gallery-masonry-shortcode-id-018997e85554667a2ba406d70a9ba6f7:not(.resize-by-browser-width) .dt-css-grid .double-width {\n  grid-column: span 2;\n}\n.cssgridlegacy.no-cssgrid .gallery-shortcode.gallery-masonry-shortcode-id-018997e85554667a2ba406d70a9ba6f7:not(.resize-by-browser-width) .dt-css-grid,\n.no-cssgridlegacy.no-cssgrid .gallery-shortcode.gallery-masonry-shortcode-id-018997e85554667a2ba406d70a9ba6f7:not(.resize-by-browser-width) .dt-css-grid {\n  display: flex;\n  flex-flow: row wrap;\n  margin: -5px;\n}\n.cssgridlegacy.no-cssgrid .gallery-shortcode.gallery-masonry-shortcode-id-018997e85554667a2ba406d70a9ba6f7:not(.resize-by-browser-width) .dt-css-grid .wf-cell,\n.no-cssgridlegacy.no-cssgrid .gallery-shortcode.gallery-masonry-shortcode-id-018997e85554667a2ba406d70a9ba6f7:not(.resize-by-browser-width) .dt-css-grid .wf-cell {\n  flex: 1 0 ;\n  max-width: 100%;\n  padding: 5px;\n  box-sizing: border-box;\n}\n.gallery-shortcode.gallery-masonry-shortcode-id-018997e85554667a2ba406d70a9ba6f7.resize-by-browser-width .dt-css-grid {\n  grid-template-columns: repeat(4,1fr);\n  grid-template-rows: auto;\n  grid-column-gap: 10px;\n  grid-row-gap: 10px;\n}\n.gallery-shortcode.gallery-masonry-shortcode-id-018997e85554667a2ba406d70a9ba6f7.resize-by-browser-width .dt-css-grid .double-width {\n  grid-column: span 2;\n}\n.cssgridlegacy.no-cssgrid .gallery-shortcode.gallery-masonry-shortcode-id-018997e85554667a2ba406d70a9ba6f7.resize-by-browser-width .dt-css-grid {\n  margin: -5px;\n}\n.cssgridlegacy.no-cssgrid .gallery-shortcode.gallery-masonry-shortcode-id-018997e85554667a2ba406d70a9ba6f7.resize-by-browser-width .dt-css-grid .wf-cell {\n  width: 25%;\n  padding: 5px;\n}\n.cssgridlegacy.no-cssgrid .gallery-shortcode.gallery-masonry-shortcode-id-018997e85554667a2ba406d70a9ba6f7.resize-by-browser-width .dt-css-grid .wf-cell.double-width {\n  width: calc(25%) * 2;\n}\n.gallery-shortcode.gallery-masonry-shortcode-id-018997e85554667a2ba406d70a9ba6f7.resize-by-browser-width:not(.centered-layout-list):not(.content-bg-on) .dt-css-grid {\n  grid-row-gap: 10px - ;\n}\n@media screen and (max-width: 1199px) {\n  .gallery-shortcode.gallery-masonry-shortcode-id-018997e85554667a2ba406d70a9ba6f7.resize-by-browser-width .dt-css-grid {\n    grid-template-columns: repeat(4,1fr);\n  }\n  .cssgridlegacy.no-cssgrid .gallery-shortcode.gallery-masonry-shortcode-id-018997e85554667a2ba406d70a9ba6f7.resize-by-browser-width .dt-css-grid .wf-cell,\n  .no-cssgridlegacy.no-cssgrid .gallery-shortcode.gallery-masonry-shortcode-id-018997e85554667a2ba406d70a9ba6f7.resize-by-browser-width .dt-css-grid .wf-cell {\n    width: 25%;\n  }\n  .cssgridlegacy.no-cssgrid .gallery-shortcode.gallery-masonry-shortcode-id-018997e85554667a2ba406d70a9ba6f7.resize-by-browser-width .dt-css-grid .wf-cell.double-width,\n  .no-cssgridlegacy.no-cssgrid .gallery-shortcode.gallery-masonry-shortcode-id-018997e85554667a2ba406d70a9ba6f7.resize-by-browser-width .dt-css-grid .wf-cell.double-width {\n    width: calc(25%)*2;\n  }\n}\n@media screen and (max-width: 991px) {\n  .gallery-shortcode.gallery-masonry-shortcode-id-018997e85554667a2ba406d70a9ba6f7.resize-by-browser-width .dt-css-grid {\n    grid-template-columns: repeat(2,1fr);\n  }\n  .cssgridlegacy.no-cssgrid .gallery-shortcode.gallery-masonry-shortcode-id-018997e85554667a2ba406d70a9ba6f7.resize-by-browser-width .dt-css-grid .wf-cell,\n  .no-cssgridlegacy.no-cssgrid .gallery-shortcode.gallery-masonry-shortcode-id-018997e85554667a2ba406d70a9ba6f7.resize-by-browser-width .dt-css-grid .wf-cell {\n    width: 50%;\n  }\n  .cssgridlegacy.no-cssgrid .gallery-shortcode.gallery-masonry-shortcode-id-018997e85554667a2ba406d70a9ba6f7.resize-by-browser-width .dt-css-grid .wf-cell.double-width,\n  .no-cssgridlegacy.no-cssgrid .gallery-shortcode.gallery-masonry-shortcode-id-018997e85554667a2ba406d70a9ba6f7.resize-by-browser-width .dt-css-grid .wf-cell.double-width {\n    width: calc(50%)*2;\n  }\n}\n@media screen and (max-width: 767px) {\n  .gallery-shortcode.gallery-masonry-shortcode-id-018997e85554667a2ba406d70a9ba6f7.resize-by-browser-width .dt-css-grid {\n    grid-template-columns: repeat(2,1fr);\n  }\n  .cssgridlegacy.no-cssgrid .gallery-shortcode.gallery-masonry-shortcode-id-018997e85554667a2ba406d70a9ba6f7.resize-by-browser-width .dt-css-grid .wf-cell,\n  .no-cssgridlegacy.no-cssgrid .gallery-shortcode.gallery-masonry-shortcode-id-018997e85554667a2ba406d70a9ba6f7.resize-by-browser-width .dt-css-grid .wf-cell {\n    width: 50%;\n  }\n  .cssgridlegacy.no-cssgrid .gallery-shortcode.gallery-masonry-shortcode-id-018997e85554667a2ba406d70a9ba6f7.resize-by-browser-width .dt-css-grid .wf-cell.double-width,\n  .no-cssgridlegacy.no-cssgrid .gallery-shortcode.gallery-masonry-shortcode-id-018997e85554667a2ba406d70a9ba6f7.resize-by-browser-width .dt-css-grid .wf-cell.double-width {\n    width: calc(50%)*2;\n  }\n}<\/style><div class=\"gallery-shortcode dt-gallery-container gallery-masonry-shortcode-id-018997e85554667a2ba406d70a9ba6f7 mode-masonry jquery-filter dt-icon-bg-off quick-scale-img enable-bg-rollover resize-by-browser-width  hover-fade loading-effect-none description-on-hover\" data-padding=\"5px\" data-cur-page=\"1\" data-post-limit=\"-1\" data-pagination-mode=\"none\" data-desktop-columns-num=\"4\" data-v-tablet-columns-num=\"2\" data-h-tablet-columns-num=\"4\" data-phone-columns-num=\"2\" data-width=\"0px\" data-columns=\"0\"><div class=\"iso-container\" ><div class=\"wf-cell iso-item\" data-post-id=\"4916\" data-date=\"2022-11-07T08:53:52-05:00\" data-name=\"ALCAZAR\"><figure class=\"post visible\"><a href=\"https:\/\/agriecuador.com\/wp-content\/uploads\/2022\/11\/ALCAZAR.png\" class=\"rollover dt-pswp-item layzr-bg\" data-large_image_width=\"543\" data-large_image_height=\"555\" data-dt-img-description=\"\" title=\"ALCAZAR\"><img fetchpriority=\"high\" decoding=\"async\" class=\"preload-me iso-lazy-load aspect\" src=\"data:image\/svg+xml,%3Csvg%20xmlns%3D&#39;http%3A%2F%2Fwww.w3.org%2F2000%2Fsvg&#39;%20viewBox%3D&#39;0%200%20490%20501&#39;%2F%3E\" data-src=\"https:\/\/agriecuador.com\/wp-content\/uploads\/2022\/11\/ALCAZAR-490x501.png\" data-srcset=\"https:\/\/agriecuador.com\/wp-content\/uploads\/2022\/11\/ALCAZAR-490x501.png 490w, https:\/\/agriecuador.com\/wp-content\/uploads\/2022\/11\/ALCAZAR.png 542w\" loading=\"eager\" style=\"--ratio: 490 \/ 501\" sizes=\"(max-width: 490px) 100vw, 490px\" alt=\"\" width=\"490\" height=\"501\"  \/><span class=\"gallery-rollover\"><span class=\"gallery-zoom-ico icomoon-the7-font-the7-zoom-06\"><span><\/span><\/span><\/span><\/a><\/figure><\/div><\/div><!-- iso-container|iso-grid --><\/div>[vc_empty_space][\/vc_column][\/vc_row][vc_row][vc_column width=&#8221;1\/4&#8243;][vc_btn title=&#8221;Pepinillos&#8221; color=&#8221;primary&#8221; align=&#8221;center&#8221; css_animation=&#8221;bounceInUp&#8221; link=&#8221;url:http%3A%2F%2Fagriecuador.com%2Fpepinillos%2F|title:Pepinillos||&#8221;][\/vc_column][vc_column width=&#8221;1\/4&#8243;][vc_btn title=&#8221;Semillas&#8221; color=&#8221;primary&#8221; align=&#8221;center&#8221; css_animation=&#8221;bounceInUp&#8221; link=&#8221;url:http%3A%2F%2Fagriecuador.com%2Fenza-zaden%2F|title:Semillas||&#8221;][\/vc_column][vc_column width=&#8221;1\/4&#8243;][vc_btn title=&#8221;Oferta&#8221; color=&#8221;primary&#8221; align=&#8221;center&#8221; css_animation=&#8221;bounceInUp&#8221; link=&#8221;url:http%3A%2F%2Fagriecuador.com%2Foferta%2F|title:Oferta||&#8221;][\/vc_column][vc_column width=&#8221;1\/4&#8243;][vc_btn title=&#8221;Inicio&#8221; color=&#8221;primary&#8221; align=&#8221;center&#8221; css_animation=&#8221;bounceInUp&#8221; link=&#8221;url:http%3A%2F%2Fagriecuador.com|title:Inicio||&#8221;][\/vc_column][\/vc_row]<\/p>\n<\/div>","protected":false},"excerpt":{"rendered":"<p>[vc_row][vc_column][vc_empty_space][vc_column_text]Caracter\u00edsticas: Pepino Tipo Americano De porte muy vigoroso y semi-cerrado, presenta una excelente capacidad de rebrote. Presenta un atractivo color verde oscuro y brillante El tama\u00f1o oscila entre los 22 a 24 cm ubic\u00e1ndose en las categor\u00edas de Super Selectos y Large donde su excelente calidad de fruta lo hacen resaltar. De madurez intermedia, su&hellip;<\/p>\n","protected":false},"author":2,"featured_media":0,"parent":3171,"menu_order":0,"comment_status":"closed","ping_status":"closed","template":"","meta":{"_uag_custom_page_level_css":"","footnotes":""},"class_list":["post-4915","page","type-page","status-publish","hentry","description-off"],"uagb_featured_image_src":{"full":false,"thumbnail":false,"medium":false,"medium_large":false,"large":false,"1536x1536":false,"2048x2048":false,"awb_sm":false,"awb_md":false,"awb_lg":false,"awb_xl":false},"uagb_author_info":{"display_name":"Carolina Cuenca","author_link":"https:\/\/agriecuador.com\/en\/author\/carocuenca\/"},"uagb_comment_info":0,"uagb_excerpt":"[vc_row][vc_column][vc_empty_space][vc_column_text]Caracter\u00edsticas: Pepino Tipo Americano De porte muy vigoroso y semi-cerrado, presenta una excelente capacidad de rebrote. Presenta un atractivo color verde oscuro y brillante El tama\u00f1o oscila entre los 22 a 24 cm ubic\u00e1ndose en las categor\u00edas de Super Selectos y Large donde su excelente calidad de fruta lo hacen resaltar. De madurez intermedia, su&hellip;","_links":{"self":[{"href":"https:\/\/agriecuador.com\/en\/wp-json\/wp\/v2\/pages\/4915","targetHints":{"allow":["GET"]}}],"collection":[{"href":"https:\/\/agriecuador.com\/en\/wp-json\/wp\/v2\/pages"}],"about":[{"href":"https:\/\/agriecuador.com\/en\/wp-json\/wp\/v2\/types\/page"}],"author":[{"embeddable":true,"href":"https:\/\/agriecuador.com\/en\/wp-json\/wp\/v2\/users\/2"}],"replies":[{"embeddable":true,"href":"https:\/\/agriecuador.com\/en\/wp-json\/wp\/v2\/comments?post=4915"}],"version-history":[{"count":1,"href":"https:\/\/agriecuador.com\/en\/wp-json\/wp\/v2\/pages\/4915\/revisions"}],"predecessor-version":[{"id":4917,"href":"https:\/\/agriecuador.com\/en\/wp-json\/wp\/v2\/pages\/4915\/revisions\/4917"}],"up":[{"embeddable":true,"href":"https:\/\/agriecuador.com\/en\/wp-json\/wp\/v2\/pages\/3171"}],"wp:attachment":[{"href":"https:\/\/agriecuador.com\/en\/wp-json\/wp\/v2\/media?parent=4915"}],"curies":[{"name":"wp","href":"https:\/\/api.w.org\/{rel}","templated":true}]}}