{"id":4874,"date":"2022-06-24T13:05:17","date_gmt":"2022-06-24T18:05:17","guid":{"rendered":"https:\/\/agriecuador.com\/?page_id=4874"},"modified":"2022-06-24T13:05:17","modified_gmt":"2022-06-24T18:05:17","slug":"semilla-de-pimiento-mavras-f1","status":"publish","type":"page","link":"https:\/\/agriecuador.com\/en\/oferta\/enza-zaden\/pimientos\/semilla-de-pimiento-mavras-f1\/","title":{"rendered":"Semilla de Pimiento Mavras F1"},"content":{"rendered":"<div class=\"wpb-content-wrapper\"><p>[vc_row][vc_column][vc_empty_space]<div id=\"ultimate-heading-71069ebaa5696c99\" class=\"uvc-heading ult-adjust-bottom-margin ultimate-heading-71069ebaa5696c99 uvc-335 accent-border-color\" data-hspacer=\"no_spacer\"  data-halign=\"center\" style=\"text-align:center\"><div class=\"uvc-heading-spacer no_spacer\" style=\"top\"><\/div><div class=\"uvc-main-heading ult-responsive\"  data-ultimate-target='.uvc-heading.ultimate-heading-71069ebaa5696c99 h2'  data-responsive-json-new='{\"font-size\":\"\",\"line-height\":\"\"}' ><h2 style=\"font-weight:normal;\">Semilla de Pimiento Mavras F1<\/h2><\/div><\/div>[vc_column_text]<strong>Caracter\u00edsticas:<\/strong><\/p>\n<ul>\n<li>Fruta de color p\u00farpura oscuro brillante predominantemente de 3 a 4 l\u00f3bulos<\/li>\n<li>Planta bastante tupida que produce f\u00e1cilmente brotes laterales y vigorosa<\/li>\n<li>Planta muy flexible que se puede cultivar en campo abierto e invernaderos<\/li>\n<\/ul>\n<p><strong>Resistencias:<\/strong><\/p>\n<ul>\n<li>FC: Tm:0-3<\/li>\n<\/ul>\n<p>[\/vc_column_text][vc_single_image image=&#8221;4877&#8243; img_size=&#8221;medium&#8221; alignment=&#8221;center&#8221;][vc_empty_space][\/vc_column][\/vc_row][vc_row][vc_column width=&#8221;1\/4&#8243;][vc_btn title=&#8221;Oferta&#8221; color=&#8221;primary&#8221; align=&#8221;center&#8221; css_animation=&#8221;bounceInUp&#8221; link=&#8221;url:http%3A%2F%2Fagriecuador.com%2Foferta%2F|title:Oferta%20&#8243;][\/vc_column][vc_column width=&#8221;1\/4&#8243;][vc_btn title=&#8221;Semillas&#8221; color=&#8221;primary&#8221; align=&#8221;center&#8221; css_animation=&#8221;bounceInUp&#8221; link=&#8221;url:http%3A%2F%2Fagriecuador.com%2Fenza-zaden%2F|title:Semillas&#8221;][\/vc_column][vc_column width=&#8221;1\/4&#8243;][vc_btn title=&#8221;Cebollas&#8221; color=&#8221;primary&#8221; align=&#8221;center&#8221; css_animation=&#8221;bounceInUp&#8221; link=&#8221;url:http%3A%2F%2Fagriecuador.com%2Fcebollas%2F|title:cebollas&#8221;][\/vc_column][vc_column width=&#8221;1\/4&#8243;][vc_btn title=&#8221;Inicio&#8221; color=&#8221;primary&#8221; align=&#8221;center&#8221; css_animation=&#8221;bounceInUp&#8221; link=&#8221;url:http%3A%2F%2Fagriecuador.com%2F|title:Inicio&#8221;][\/vc_column][\/vc_row]<\/p>\n<\/div>","protected":false},"excerpt":{"rendered":"<p>[vc_row][vc_column][vc_empty_space][vc_column_text]Caracter\u00edsticas: Fruta de color p\u00farpura oscuro brillante predominantemente de 3 a 4 l\u00f3bulos Planta bastante tupida que produce f\u00e1cilmente brotes laterales y vigorosa Planta muy flexible que se puede cultivar en campo abierto e invernaderos Resistencias: FC: Tm:0-3 [\/vc_column_text][vc_single_image image=&#8221;4877&#8243; img_size=&#8221;medium&#8221; alignment=&#8221;center&#8221;][vc_empty_space][\/vc_column][\/vc_row][vc_row][vc_column width=&#8221;1\/4&#8243;][vc_btn title=&#8221;Oferta&#8221; color=&#8221;primary&#8221; align=&#8221;center&#8221; css_animation=&#8221;bounceInUp&#8221; link=&#8221;url:http%3A%2F%2Fagriecuador.com%2Foferta%2F|title:Oferta%20&#8243;][\/vc_column][vc_column width=&#8221;1\/4&#8243;][vc_btn title=&#8221;Semillas&#8221; color=&#8221;primary&#8221; align=&#8221;center&#8221; css_animation=&#8221;bounceInUp&#8221; link=&#8221;url:http%3A%2F%2Fagriecuador.com%2Fenza-zaden%2F|title:Semillas&#8221;][\/vc_column][vc_column width=&#8221;1\/4&#8243;][vc_btn&hellip;<\/p>\n","protected":false},"author":2,"featured_media":0,"parent":797,"menu_order":16,"comment_status":"closed","ping_status":"closed","template":"","meta":{"_uag_custom_page_level_css":"","footnotes":""},"class_list":["post-4874","page","type-page","status-publish","hentry","description-off"],"uagb_featured_image_src":{"full":false,"thumbnail":false,"medium":false,"medium_large":false,"large":false,"1536x1536":false,"2048x2048":false,"awb_sm":false,"awb_md":false,"awb_lg":false,"awb_xl":false},"uagb_author_info":{"display_name":"Carolina Cuenca","author_link":"https:\/\/agriecuador.com\/en\/author\/carocuenca\/"},"uagb_comment_info":0,"uagb_excerpt":"[vc_row][vc_column][vc_empty_space][vc_column_text]Caracter\u00edsticas: Fruta de color p\u00farpura oscuro brillante predominantemente de 3 a 4 l\u00f3bulos Planta bastante tupida que produce f\u00e1cilmente brotes laterales y vigorosa Planta muy flexible que se puede cultivar en campo abierto e invernaderos Resistencias: FC: Tm:0-3 [\/vc_column_text][vc_single_image image=&#8221;4877&#8243; img_size=&#8221;medium&#8221; alignment=&#8221;center&#8221;][vc_empty_space][\/vc_column][\/vc_row][vc_row][vc_column width=&#8221;1\/4&#8243;][vc_btn title=&#8221;Oferta&#8221; color=&#8221;primary&#8221; align=&#8221;center&#8221; css_animation=&#8221;bounceInUp&#8221; link=&#8221;url:http%3A%2F%2Fagriecuador.com%2Foferta%2F|title:Oferta%20&#8243;][\/vc_column][vc_column width=&#8221;1\/4&#8243;][vc_btn title=&#8221;Semillas&#8221; color=&#8221;primary&#8221; align=&#8221;center&#8221; css_animation=&#8221;bounceInUp&#8221; link=&#8221;url:http%3A%2F%2Fagriecuador.com%2Fenza-zaden%2F|title:Semillas&#8221;][\/vc_column][vc_column width=&#8221;1\/4&#8243;][vc_btn&hellip;","_links":{"self":[{"href":"https:\/\/agriecuador.com\/en\/wp-json\/wp\/v2\/pages\/4874","targetHints":{"allow":["GET"]}}],"collection":[{"href":"https:\/\/agriecuador.com\/en\/wp-json\/wp\/v2\/pages"}],"about":[{"href":"https:\/\/agriecuador.com\/en\/wp-json\/wp\/v2\/types\/page"}],"author":[{"embeddable":true,"href":"https:\/\/agriecuador.com\/en\/wp-json\/wp\/v2\/users\/2"}],"replies":[{"embeddable":true,"href":"https:\/\/agriecuador.com\/en\/wp-json\/wp\/v2\/comments?post=4874"}],"version-history":[{"count":1,"href":"https:\/\/agriecuador.com\/en\/wp-json\/wp\/v2\/pages\/4874\/revisions"}],"predecessor-version":[{"id":4879,"href":"https:\/\/agriecuador.com\/en\/wp-json\/wp\/v2\/pages\/4874\/revisions\/4879"}],"up":[{"embeddable":true,"href":"https:\/\/agriecuador.com\/en\/wp-json\/wp\/v2\/pages\/797"}],"wp:attachment":[{"href":"https:\/\/agriecuador.com\/en\/wp-json\/wp\/v2\/media?parent=4874"}],"curies":[{"name":"wp","href":"https:\/\/api.w.org\/{rel}","templated":true}]}}