{"id":4864,"date":"2022-06-24T11:51:25","date_gmt":"2022-06-24T16:51:25","guid":{"rendered":"https:\/\/agriecuador.com\/?page_id=4864"},"modified":"2022-06-24T11:51:25","modified_gmt":"2022-06-24T16:51:25","slug":"semilla-de-pimiento-cabriola-f1-2","status":"publish","type":"page","link":"https:\/\/agriecuador.com\/en\/oferta\/enza-zaden\/pimientos\/semilla-de-pimiento-cabriola-f1-2\/","title":{"rendered":"Semilla de Pimiento Cabriola F1"},"content":{"rendered":"<div class=\"wpb-content-wrapper\"><p>[vc_row][vc_column][vc_empty_space]<div id=\"ultimate-heading-255969ebaa4b0c676\" class=\"uvc-heading ult-adjust-bottom-margin ultimate-heading-255969ebaa4b0c676 uvc-8484 accent-border-color\" data-hspacer=\"no_spacer\"  data-halign=\"center\" style=\"text-align:center\"><div class=\"uvc-heading-spacer no_spacer\" style=\"top\"><\/div><div class=\"uvc-main-heading ult-responsive\"  data-ultimate-target='.uvc-heading.ultimate-heading-255969ebaa4b0c676 h2'  data-responsive-json-new='{\"font-size\":\"\",\"line-height\":\"\"}' ><h2 style=\"font-weight:normal;\">Semilla de Pimiento Cabriola F1<\/h2><\/div><\/div>[vc_column_text]<strong>Caracter\u00edsticas:<\/strong><\/p>\n<ul>\n<li>Es una planta Compacta y abierta. Presenta f\u00e1cil cuajado, muy equilibrado<\/li>\n<li>Su fruto es calibre GG-G, muy homog\u00e9neo.<\/li>\n<li>Tiene ausencia de microcracking y alta tolerancia a blossom end rot.<\/li>\n<li>El color de fruto es amarillo \u201clim\u00f3n\u201d y posee alta consistencia<\/li>\n<\/ul>\n<p><strong>Resistencias:<\/strong><\/p>\n<ul>\n<li>HR:\u00a0 Tm:0-3<\/li>\n<li>IR:\u00a0 \u00a0TSWV:0<\/li>\n<\/ul>\n<p>[\/vc_column_text][vc_single_image image=&#8221;4867&#8243; img_size=&#8221;medium&#8221; alignment=&#8221;center&#8221;][vc_empty_space][\/vc_column][\/vc_row][vc_row][vc_column width=&#8221;1\/4&#8243;][vc_btn title=&#8221;Oferta&#8221; color=&#8221;primary&#8221; align=&#8221;center&#8221; css_animation=&#8221;bounceInUp&#8221; link=&#8221;url:http%3A%2F%2Fagriecuador.com%2Foferta%2F|title:Oferta%20&#8243;][\/vc_column][vc_column width=&#8221;1\/4&#8243;][vc_btn title=&#8221;Semillas&#8221; color=&#8221;primary&#8221; align=&#8221;center&#8221; css_animation=&#8221;bounceInUp&#8221; link=&#8221;url:http%3A%2F%2Fagriecuador.com%2Fenza-zaden%2F|title:Semillas&#8221;][\/vc_column][vc_column width=&#8221;1\/4&#8243;][vc_btn title=&#8221;Cebollas&#8221; color=&#8221;primary&#8221; align=&#8221;center&#8221; css_animation=&#8221;bounceInUp&#8221; link=&#8221;url:http%3A%2F%2Fagriecuador.com%2Fcebollas%2F|title:cebollas&#8221;][\/vc_column][vc_column width=&#8221;1\/4&#8243;][vc_btn title=&#8221;Inicio&#8221; color=&#8221;primary&#8221; align=&#8221;center&#8221; css_animation=&#8221;bounceInUp&#8221; link=&#8221;url:http%3A%2F%2Fagriecuador.com%2F|title:Inicio&#8221;][\/vc_column][\/vc_row]<\/p>\n<\/div>","protected":false},"excerpt":{"rendered":"<p>[vc_row][vc_column][vc_empty_space][vc_column_text]Caracter\u00edsticas: Es una planta Compacta y abierta. Presenta f\u00e1cil cuajado, muy equilibrado Su fruto es calibre GG-G, muy homog\u00e9neo. Tiene ausencia de microcracking y alta tolerancia a blossom end rot. El color de fruto es amarillo \u201clim\u00f3n\u201d y posee alta consistencia Resistencias: HR:\u00a0 Tm:0-3 IR:\u00a0 \u00a0TSWV:0 [\/vc_column_text][vc_single_image image=&#8221;4867&#8243; img_size=&#8221;medium&#8221; alignment=&#8221;center&#8221;][vc_empty_space][\/vc_column][\/vc_row][vc_row][vc_column width=&#8221;1\/4&#8243;][vc_btn title=&#8221;Oferta&#8221; color=&#8221;primary&#8221; align=&#8221;center&#8221; css_animation=&#8221;bounceInUp&#8221;&hellip;<\/p>\n","protected":false},"author":2,"featured_media":0,"parent":797,"menu_order":16,"comment_status":"closed","ping_status":"closed","template":"","meta":{"_uag_custom_page_level_css":"","footnotes":""},"class_list":["post-4864","page","type-page","status-publish","hentry","description-off"],"uagb_featured_image_src":{"full":false,"thumbnail":false,"medium":false,"medium_large":false,"large":false,"1536x1536":false,"2048x2048":false,"awb_sm":false,"awb_md":false,"awb_lg":false,"awb_xl":false},"uagb_author_info":{"display_name":"Carolina Cuenca","author_link":"https:\/\/agriecuador.com\/en\/author\/carocuenca\/"},"uagb_comment_info":0,"uagb_excerpt":"[vc_row][vc_column][vc_empty_space][vc_column_text]Caracter\u00edsticas: Es una planta Compacta y abierta. Presenta f\u00e1cil cuajado, muy equilibrado Su fruto es calibre GG-G, muy homog\u00e9neo. Tiene ausencia de microcracking y alta tolerancia a blossom end rot. El color de fruto es amarillo \u201clim\u00f3n\u201d y posee alta consistencia Resistencias: HR:\u00a0 Tm:0-3 IR:\u00a0 \u00a0TSWV:0 [\/vc_column_text][vc_single_image image=&#8221;4867&#8243; img_size=&#8221;medium&#8221; alignment=&#8221;center&#8221;][vc_empty_space][\/vc_column][\/vc_row][vc_row][vc_column width=&#8221;1\/4&#8243;][vc_btn title=&#8221;Oferta&#8221; color=&#8221;primary&#8221; align=&#8221;center&#8221; css_animation=&#8221;bounceInUp&#8221;&hellip;","_links":{"self":[{"href":"https:\/\/agriecuador.com\/en\/wp-json\/wp\/v2\/pages\/4864","targetHints":{"allow":["GET"]}}],"collection":[{"href":"https:\/\/agriecuador.com\/en\/wp-json\/wp\/v2\/pages"}],"about":[{"href":"https:\/\/agriecuador.com\/en\/wp-json\/wp\/v2\/types\/page"}],"author":[{"embeddable":true,"href":"https:\/\/agriecuador.com\/en\/wp-json\/wp\/v2\/users\/2"}],"replies":[{"embeddable":true,"href":"https:\/\/agriecuador.com\/en\/wp-json\/wp\/v2\/comments?post=4864"}],"version-history":[{"count":1,"href":"https:\/\/agriecuador.com\/en\/wp-json\/wp\/v2\/pages\/4864\/revisions"}],"predecessor-version":[{"id":4868,"href":"https:\/\/agriecuador.com\/en\/wp-json\/wp\/v2\/pages\/4864\/revisions\/4868"}],"up":[{"embeddable":true,"href":"https:\/\/agriecuador.com\/en\/wp-json\/wp\/v2\/pages\/797"}],"wp:attachment":[{"href":"https:\/\/agriecuador.com\/en\/wp-json\/wp\/v2\/media?parent=4864"}],"curies":[{"name":"wp","href":"https:\/\/api.w.org\/{rel}","templated":true}]}}