{"id":4846,"date":"2022-06-24T09:57:30","date_gmt":"2022-06-24T14:57:30","guid":{"rendered":"https:\/\/agriecuador.com\/?page_id=4846"},"modified":"2022-06-24T10:03:25","modified_gmt":"2022-06-24T15:03:25","slug":"semilla-de-pimiento-mozart-f1","status":"publish","type":"page","link":"https:\/\/agriecuador.com\/en\/oferta\/enza-zaden\/pimientos\/semilla-de-pimiento-mozart-f1\/","title":{"rendered":"Semilla de Pimiento Mozart F1"},"content":{"rendered":"<div class=\"wpb-content-wrapper\"><p>[vc_row][vc_column][vc_empty_space]<div id=\"ultimate-heading-345269e48fe9c32f4\" class=\"uvc-heading ult-adjust-bottom-margin ultimate-heading-345269e48fe9c32f4 uvc-9629 \" data-hspacer=\"no_spacer\"  data-halign=\"center\" style=\"text-align:center\"><div class=\"uvc-heading-spacer no_spacer\" style=\"top\"><\/div><div class=\"uvc-main-heading ult-responsive\"  data-ultimate-target='.uvc-heading.ultimate-heading-345269e48fe9c32f4 h2'  data-responsive-json-new='{\"font-size\":\"\",\"line-height\":\"\"}' ><h2 style=\"font-weight:normal;\">Semilla de Pimiento Mozart F1<\/h2><\/div><\/div>[vc_column_text]<strong>Caracter\u00edsticas:<\/strong><\/p>\n<ul>\n<li>Presenta un tipo de planta fuerte con porte medio y buena cobertura foliar, sus sets\u00a0de producci\u00f3n son concentrados.<\/li>\n<li>Fruto de excelentes formas blocky marcando los l\u00f3bulos de manera uniforme en tama\u00f1os XL<\/li>\n<li>La pared gruesa aporta m\u00e1s peso espec\u00edfico a cada fruta lo que lo hace m\u00e1s atractivo para el mercado de exportaci\u00f3n.<\/li>\n<li>Pimiento tipo blocky y de color naranja<\/li>\n<li>Apto para crecimiento bajo invernadero<\/li>\n<li>Altamente productivo con frutos de gran uniformidad<\/li>\n<\/ul>\n<p><strong>Resistencias:<\/strong><\/p>\n<ul>\n<li>AR: Tm:0-3<\/li>\n<li>RM: TSWV:0<\/li>\n<\/ul>\n<p>[\/vc_column_text][vc_single_image image=&#8221;4847&#8243; img_size=&#8221;medium&#8221; alignment=&#8221;center&#8221;][vc_empty_space][\/vc_column][\/vc_row][vc_row][vc_column width=&#8221;1\/4&#8243;][vc_btn title=&#8221;Oferta&#8221; color=&#8221;primary&#8221; align=&#8221;center&#8221; css_animation=&#8221;bounceInUp&#8221; link=&#8221;url:http%3A%2F%2Fagriecuador.com%2Foferta%2F|title:Oferta%20&#8243;][\/vc_column][vc_column width=&#8221;1\/4&#8243;][vc_btn title=&#8221;Semillas&#8221; color=&#8221;primary&#8221; align=&#8221;center&#8221; css_animation=&#8221;bounceInUp&#8221; link=&#8221;url:http%3A%2F%2Fagriecuador.com%2Fenza-zaden%2F|title:Semillas&#8221;][\/vc_column][vc_column width=&#8221;1\/4&#8243;][vc_btn title=&#8221;Cebollas&#8221; color=&#8221;primary&#8221; align=&#8221;center&#8221; css_animation=&#8221;bounceInUp&#8221; link=&#8221;url:http%3A%2F%2Fagriecuador.com%2Fcebollas%2F|title:cebollas&#8221;][\/vc_column][vc_column width=&#8221;1\/4&#8243;][vc_btn title=&#8221;Inicio&#8221; color=&#8221;primary&#8221; align=&#8221;center&#8221; css_animation=&#8221;bounceInUp&#8221; link=&#8221;url:http%3A%2F%2Fagriecuador.com%2F|title:Inicio&#8221;][\/vc_column][\/vc_row]<\/p>\n<\/div>","protected":false},"excerpt":{"rendered":"<p>[vc_row][vc_column][vc_empty_space][vc_column_text]Caracter\u00edsticas: Presenta un tipo de planta fuerte con porte medio y buena cobertura foliar, sus sets\u00a0de producci\u00f3n son concentrados. Fruto de excelentes formas blocky marcando los l\u00f3bulos de manera uniforme en tama\u00f1os XL La pared gruesa aporta m\u00e1s peso espec\u00edfico a cada fruta lo que lo hace m\u00e1s atractivo para el mercado de exportaci\u00f3n. Pimiento&hellip;<\/p>\n","protected":false},"author":2,"featured_media":0,"parent":797,"menu_order":16,"comment_status":"closed","ping_status":"closed","template":"","meta":{"_uag_custom_page_level_css":"","footnotes":""},"class_list":["post-4846","page","type-page","status-publish","hentry","description-off"],"uagb_featured_image_src":{"full":false,"thumbnail":false,"medium":false,"medium_large":false,"large":false,"1536x1536":false,"2048x2048":false,"awb_sm":false,"awb_md":false,"awb_lg":false,"awb_xl":false},"uagb_author_info":{"display_name":"Carolina Cuenca","author_link":"https:\/\/agriecuador.com\/en\/author\/carocuenca\/"},"uagb_comment_info":0,"uagb_excerpt":"[vc_row][vc_column][vc_empty_space][vc_column_text]Caracter\u00edsticas: Presenta un tipo de planta fuerte con porte medio y buena cobertura foliar, sus sets\u00a0de producci\u00f3n son concentrados. Fruto de excelentes formas blocky marcando los l\u00f3bulos de manera uniforme en tama\u00f1os XL La pared gruesa aporta m\u00e1s peso espec\u00edfico a cada fruta lo que lo hace m\u00e1s atractivo para el mercado de exportaci\u00f3n. Pimiento&hellip;","_links":{"self":[{"href":"https:\/\/agriecuador.com\/en\/wp-json\/wp\/v2\/pages\/4846","targetHints":{"allow":["GET"]}}],"collection":[{"href":"https:\/\/agriecuador.com\/en\/wp-json\/wp\/v2\/pages"}],"about":[{"href":"https:\/\/agriecuador.com\/en\/wp-json\/wp\/v2\/types\/page"}],"author":[{"embeddable":true,"href":"https:\/\/agriecuador.com\/en\/wp-json\/wp\/v2\/users\/2"}],"replies":[{"embeddable":true,"href":"https:\/\/agriecuador.com\/en\/wp-json\/wp\/v2\/comments?post=4846"}],"version-history":[{"count":4,"href":"https:\/\/agriecuador.com\/en\/wp-json\/wp\/v2\/pages\/4846\/revisions"}],"predecessor-version":[{"id":4850,"href":"https:\/\/agriecuador.com\/en\/wp-json\/wp\/v2\/pages\/4846\/revisions\/4850"}],"up":[{"embeddable":true,"href":"https:\/\/agriecuador.com\/en\/wp-json\/wp\/v2\/pages\/797"}],"wp:attachment":[{"href":"https:\/\/agriecuador.com\/en\/wp-json\/wp\/v2\/media?parent=4846"}],"curies":[{"name":"wp","href":"https:\/\/api.w.org\/{rel}","templated":true}]}}