{"id":4828,"date":"2022-04-29T09:29:42","date_gmt":"2022-04-29T14:29:42","guid":{"rendered":"https:\/\/agriecuador.com\/?page_id=4828"},"modified":"2022-04-29T09:31:57","modified_gmt":"2022-04-29T14:31:57","slug":"semilla-de-pimiento-canario","status":"publish","type":"page","link":"https:\/\/agriecuador.com\/en\/oferta\/enza-zaden\/pimientos\/semilla-de-pimiento-canario\/","title":{"rendered":"Semilla de Pimiento Canario"},"content":{"rendered":"<div class=\"wpb-content-wrapper\"><p>[vc_row][vc_column][vc_empty_space]<div id=\"ultimate-heading-201569f67d4d3247f\" class=\"uvc-heading ult-adjust-bottom-margin ultimate-heading-201569f67d4d3247f uvc-9930 accent-border-color\" data-hspacer=\"no_spacer\"  data-halign=\"center\" style=\"text-align:center\"><div class=\"uvc-heading-spacer no_spacer\" style=\"top\"><\/div><div class=\"uvc-main-heading ult-responsive\"  data-ultimate-target='.uvc-heading.ultimate-heading-201569f67d4d3247f h2'  data-responsive-json-new='{\"font-size\":\"\",\"line-height\":\"\"}' ><h2 style=\"font-weight:normal;\">Semilla de Pimiento Canario<\/h2><\/div><\/div>[vc_empty_space][vc_column_text]Es un hibr\u00eddo de pimiento tipo lamuyo siendo apta para cultivo en campo abierto o invernadero. Su planta es vigorosa y muy productiva.<\/p>\n<p><strong>Caracter\u00edsticas:<\/strong><\/p>\n<ul>\n<li>Frutos uniforme de tama\u00f1o adecuado para plaza, lo cual permite al agricultor obtener un buen rendimiento final.<\/li>\n<li>Fruto resistente y duro para todo el proceso de post cosecha, lo que permite una buena conservaci\u00f3n del pimiento y evita p\u00e9rdidas por calidad en la cadena log\u00edstica.<\/li>\n<li>Buen cuaje de frutos, lo que garantiza un alto rendimiento en campo<\/li>\n<\/ul>\n<p>[\/vc_column_text]<style type=\"text\/css\" data-type=\"the7_shortcodes-inline-css\">.gallery-shortcode.gallery-masonry-shortcode-id-785cd3d6a78f42b6902d4ff731b6907e figure,\n.gallery-shortcode.gallery-masonry-shortcode-id-785cd3d6a78f42b6902d4ff731b6907e .rollover,\n.gallery-shortcode.gallery-masonry-shortcode-id-785cd3d6a78f42b6902d4ff731b6907e img,\n.gallery-shortcode.gallery-masonry-shortcode-id-785cd3d6a78f42b6902d4ff731b6907e .gallery-rollover {\n  border-radius: 0px;\n}\n.gallery-shortcode.gallery-masonry-shortcode-id-785cd3d6a78f42b6902d4ff731b6907e.enable-bg-rollover .gallery-rollover {\n  background: -webkit-linear-gradient();\n  background: linear-gradient();\n}\n.gallery-shortcode.gallery-masonry-shortcode-id-785cd3d6a78f42b6902d4ff731b6907e.enable-bg-rollover.hover-scale figure .rollover:after {\n  background: -webkit-linear-gradient();\n  background: linear-gradient();\n}\n.gallery-shortcode.gallery-masonry-shortcode-id-785cd3d6a78f42b6902d4ff731b6907e .gallery-zoom-ico {\n  width: 44px;\n  height: 44px;\n  line-height: 44px;\n  border-radius: 100px;\n  margin: -22px 0 0 -22px;\n  border-width: 0px;\n  color: #ffffff;\n}\n.dt-icon-bg-on.gallery-shortcode.gallery-masonry-shortcode-id-785cd3d6a78f42b6902d4ff731b6907e .gallery-zoom-ico {\n  background: rgba(255,255,255,0.3);\n  box-shadow: none;\n}\n.gallery-shortcode.gallery-masonry-shortcode-id-785cd3d6a78f42b6902d4ff731b6907e .gallery-zoom-ico:before,\n.gallery-shortcode.gallery-masonry-shortcode-id-785cd3d6a78f42b6902d4ff731b6907e .gallery-zoom-ico span {\n  font-size: 32px;\n  line-height: 44px;\n  color: #ffffff;\n}\n.gallery-shortcode.gallery-masonry-shortcode-id-785cd3d6a78f42b6902d4ff731b6907e:not(.resize-by-browser-width) .dt-css-grid {\n  grid-row-gap: 10px;\n  grid-column-gap: 10px;\n  grid-template-columns: repeat(auto-fill,minmax(,1fr));\n}\n.gallery-shortcode.gallery-masonry-shortcode-id-785cd3d6a78f42b6902d4ff731b6907e:not(.resize-by-browser-width) .dt-css-grid .double-width {\n  grid-column: span 2;\n}\n.cssgridlegacy.no-cssgrid .gallery-shortcode.gallery-masonry-shortcode-id-785cd3d6a78f42b6902d4ff731b6907e:not(.resize-by-browser-width) .dt-css-grid,\n.no-cssgridlegacy.no-cssgrid .gallery-shortcode.gallery-masonry-shortcode-id-785cd3d6a78f42b6902d4ff731b6907e:not(.resize-by-browser-width) .dt-css-grid {\n  display: flex;\n  flex-flow: row wrap;\n  margin: -5px;\n}\n.cssgridlegacy.no-cssgrid .gallery-shortcode.gallery-masonry-shortcode-id-785cd3d6a78f42b6902d4ff731b6907e:not(.resize-by-browser-width) .dt-css-grid .wf-cell,\n.no-cssgridlegacy.no-cssgrid .gallery-shortcode.gallery-masonry-shortcode-id-785cd3d6a78f42b6902d4ff731b6907e:not(.resize-by-browser-width) .dt-css-grid .wf-cell {\n  flex: 1 0 ;\n  max-width: 100%;\n  padding: 5px;\n  box-sizing: border-box;\n}\n.gallery-shortcode.gallery-masonry-shortcode-id-785cd3d6a78f42b6902d4ff731b6907e.resize-by-browser-width .dt-css-grid {\n  grid-template-columns: repeat(4,1fr);\n  grid-template-rows: auto;\n  grid-column-gap: 10px;\n  grid-row-gap: 10px;\n}\n.gallery-shortcode.gallery-masonry-shortcode-id-785cd3d6a78f42b6902d4ff731b6907e.resize-by-browser-width .dt-css-grid .double-width {\n  grid-column: span 2;\n}\n.cssgridlegacy.no-cssgrid .gallery-shortcode.gallery-masonry-shortcode-id-785cd3d6a78f42b6902d4ff731b6907e.resize-by-browser-width .dt-css-grid {\n  margin: -5px;\n}\n.cssgridlegacy.no-cssgrid .gallery-shortcode.gallery-masonry-shortcode-id-785cd3d6a78f42b6902d4ff731b6907e.resize-by-browser-width .dt-css-grid .wf-cell {\n  width: 25%;\n  padding: 5px;\n}\n.cssgridlegacy.no-cssgrid .gallery-shortcode.gallery-masonry-shortcode-id-785cd3d6a78f42b6902d4ff731b6907e.resize-by-browser-width .dt-css-grid .wf-cell.double-width {\n  width: calc(25%) * 2;\n}\n.gallery-shortcode.gallery-masonry-shortcode-id-785cd3d6a78f42b6902d4ff731b6907e.resize-by-browser-width:not(.centered-layout-list):not(.content-bg-on) .dt-css-grid {\n  grid-row-gap: 10px - ;\n}\n@media screen and (max-width: 1199px) {\n  .gallery-shortcode.gallery-masonry-shortcode-id-785cd3d6a78f42b6902d4ff731b6907e.resize-by-browser-width .dt-css-grid {\n    grid-template-columns: repeat(4,1fr);\n  }\n  .cssgridlegacy.no-cssgrid .gallery-shortcode.gallery-masonry-shortcode-id-785cd3d6a78f42b6902d4ff731b6907e.resize-by-browser-width .dt-css-grid .wf-cell,\n  .no-cssgridlegacy.no-cssgrid .gallery-shortcode.gallery-masonry-shortcode-id-785cd3d6a78f42b6902d4ff731b6907e.resize-by-browser-width .dt-css-grid .wf-cell {\n    width: 25%;\n  }\n  .cssgridlegacy.no-cssgrid .gallery-shortcode.gallery-masonry-shortcode-id-785cd3d6a78f42b6902d4ff731b6907e.resize-by-browser-width .dt-css-grid .wf-cell.double-width,\n  .no-cssgridlegacy.no-cssgrid .gallery-shortcode.gallery-masonry-shortcode-id-785cd3d6a78f42b6902d4ff731b6907e.resize-by-browser-width .dt-css-grid .wf-cell.double-width {\n    width: calc(25%)*2;\n  }\n}\n@media screen and (max-width: 991px) {\n  .gallery-shortcode.gallery-masonry-shortcode-id-785cd3d6a78f42b6902d4ff731b6907e.resize-by-browser-width .dt-css-grid {\n    grid-template-columns: repeat(2,1fr);\n  }\n  .cssgridlegacy.no-cssgrid .gallery-shortcode.gallery-masonry-shortcode-id-785cd3d6a78f42b6902d4ff731b6907e.resize-by-browser-width .dt-css-grid .wf-cell,\n  .no-cssgridlegacy.no-cssgrid .gallery-shortcode.gallery-masonry-shortcode-id-785cd3d6a78f42b6902d4ff731b6907e.resize-by-browser-width .dt-css-grid .wf-cell {\n    width: 50%;\n  }\n  .cssgridlegacy.no-cssgrid .gallery-shortcode.gallery-masonry-shortcode-id-785cd3d6a78f42b6902d4ff731b6907e.resize-by-browser-width .dt-css-grid .wf-cell.double-width,\n  .no-cssgridlegacy.no-cssgrid .gallery-shortcode.gallery-masonry-shortcode-id-785cd3d6a78f42b6902d4ff731b6907e.resize-by-browser-width .dt-css-grid .wf-cell.double-width {\n    width: calc(50%)*2;\n  }\n}\n@media screen and (max-width: 767px) {\n  .gallery-shortcode.gallery-masonry-shortcode-id-785cd3d6a78f42b6902d4ff731b6907e.resize-by-browser-width .dt-css-grid {\n    grid-template-columns: repeat(2,1fr);\n  }\n  .cssgridlegacy.no-cssgrid .gallery-shortcode.gallery-masonry-shortcode-id-785cd3d6a78f42b6902d4ff731b6907e.resize-by-browser-width .dt-css-grid .wf-cell,\n  .no-cssgridlegacy.no-cssgrid .gallery-shortcode.gallery-masonry-shortcode-id-785cd3d6a78f42b6902d4ff731b6907e.resize-by-browser-width .dt-css-grid .wf-cell {\n    width: 50%;\n  }\n  .cssgridlegacy.no-cssgrid .gallery-shortcode.gallery-masonry-shortcode-id-785cd3d6a78f42b6902d4ff731b6907e.resize-by-browser-width .dt-css-grid .wf-cell.double-width,\n  .no-cssgridlegacy.no-cssgrid .gallery-shortcode.gallery-masonry-shortcode-id-785cd3d6a78f42b6902d4ff731b6907e.resize-by-browser-width .dt-css-grid .wf-cell.double-width {\n    width: calc(50%)*2;\n  }\n}<\/style><div class=\"gallery-shortcode dt-gallery-container gallery-masonry-shortcode-id-785cd3d6a78f42b6902d4ff731b6907e mode-masonry jquery-filter dt-icon-bg-off quick-scale-img enable-bg-rollover resize-by-browser-width  hover-fade loading-effect-none description-on-hover\" data-padding=\"5px\" data-cur-page=\"1\" data-post-limit=\"-1\" data-pagination-mode=\"none\" data-desktop-columns-num=\"4\" data-v-tablet-columns-num=\"2\" data-h-tablet-columns-num=\"4\" data-phone-columns-num=\"2\" data-width=\"0px\" data-columns=\"0\"><div class=\"iso-container\" ><div class=\"wf-cell iso-item\" data-post-id=\"4829\" data-date=\"2022-04-29T09:27:22-05:00\" data-name=\"pimiento-canario-1\"><figure class=\"post visible\"><a href=\"https:\/\/agriecuador.com\/wp-content\/uploads\/2022\/04\/WhatsApp-Image-2022-03-31-at-8.50.22-AM.jpeg\" class=\"rollover dt-pswp-item layzr-bg\" data-large_image_width=\"960\" data-large_image_height=\"1280\" data-dt-img-description=\"\" title=\"pimiento-canario-1\"><img fetchpriority=\"high\" decoding=\"async\" class=\"preload-me iso-lazy-load aspect\" src=\"data:image\/svg+xml,%3Csvg%20xmlns%3D&#39;http%3A%2F%2Fwww.w3.org%2F2000%2Fsvg&#39;%20viewBox%3D&#39;0%200%20490%20653&#39;%2F%3E\" data-src=\"https:\/\/agriecuador.com\/wp-content\/uploads\/2022\/04\/WhatsApp-Image-2022-03-31-at-8.50.22-AM-490x653.jpeg\" data-srcset=\"https:\/\/agriecuador.com\/wp-content\/uploads\/2022\/04\/WhatsApp-Image-2022-03-31-at-8.50.22-AM-490x653.jpeg 490w, https:\/\/agriecuador.com\/wp-content\/uploads\/2022\/04\/WhatsApp-Image-2022-03-31-at-8.50.22-AM-735x980.jpeg 735w\" loading=\"eager\" style=\"--ratio: 490 \/ 653\" sizes=\"(max-width: 490px) 100vw, 490px\" alt=\"\" width=\"490\" height=\"653\"  \/><span class=\"gallery-rollover\"><span class=\"gallery-zoom-ico icomoon-the7-font-the7-zoom-06\"><span><\/span><\/span><\/span><\/a><\/figure><\/div><div class=\"wf-cell iso-item\" data-post-id=\"4830\" data-date=\"2022-04-29T09:27:34-05:00\" data-name=\"pimiento-canario-2\"><figure class=\"post visible\"><a href=\"https:\/\/agriecuador.com\/wp-content\/uploads\/2022\/04\/WhatsApp-Image-2022-03-31-at-8.50.30-AM-2.jpeg\" class=\"rollover dt-pswp-item layzr-bg\" data-large_image_width=\"960\" data-large_image_height=\"1280\" data-dt-img-description=\"\" title=\"pimiento-canario-2\"><img decoding=\"async\" class=\"preload-me iso-lazy-load aspect\" src=\"data:image\/svg+xml,%3Csvg%20xmlns%3D&#39;http%3A%2F%2Fwww.w3.org%2F2000%2Fsvg&#39;%20viewBox%3D&#39;0%200%20490%20653&#39;%2F%3E\" data-src=\"https:\/\/agriecuador.com\/wp-content\/uploads\/2022\/04\/WhatsApp-Image-2022-03-31-at-8.50.30-AM-2-490x653.jpeg\" data-srcset=\"https:\/\/agriecuador.com\/wp-content\/uploads\/2022\/04\/WhatsApp-Image-2022-03-31-at-8.50.30-AM-2-490x653.jpeg 490w, https:\/\/agriecuador.com\/wp-content\/uploads\/2022\/04\/WhatsApp-Image-2022-03-31-at-8.50.30-AM-2-735x980.jpeg 735w\" loading=\"eager\" style=\"--ratio: 490 \/ 653\" sizes=\"(max-width: 490px) 100vw, 490px\" alt=\"\" width=\"490\" height=\"653\"  \/><span class=\"gallery-rollover\"><span class=\"gallery-zoom-ico icomoon-the7-font-the7-zoom-06\"><span><\/span><\/span><\/span><\/a><\/figure><\/div><div class=\"wf-cell iso-item\" data-post-id=\"4832\" data-date=\"2022-04-29T09:28:02-05:00\" data-name=\"pimiento-canario-3\"><figure class=\"post visible\"><a href=\"https:\/\/agriecuador.com\/wp-content\/uploads\/2022\/04\/WhatsApp-Image-2022-03-31-at-8.50.30-AM-3.jpeg\" class=\"rollover dt-pswp-item layzr-bg\" data-large_image_width=\"960\" data-large_image_height=\"1280\" data-dt-img-description=\"\" title=\"pimiento-canario-3\"><img decoding=\"async\" class=\"preload-me iso-lazy-load aspect\" src=\"data:image\/svg+xml,%3Csvg%20xmlns%3D&#39;http%3A%2F%2Fwww.w3.org%2F2000%2Fsvg&#39;%20viewBox%3D&#39;0%200%20490%20653&#39;%2F%3E\" data-src=\"https:\/\/agriecuador.com\/wp-content\/uploads\/2022\/04\/WhatsApp-Image-2022-03-31-at-8.50.30-AM-3-490x653.jpeg\" data-srcset=\"https:\/\/agriecuador.com\/wp-content\/uploads\/2022\/04\/WhatsApp-Image-2022-03-31-at-8.50.30-AM-3-490x653.jpeg 490w, https:\/\/agriecuador.com\/wp-content\/uploads\/2022\/04\/WhatsApp-Image-2022-03-31-at-8.50.30-AM-3-735x980.jpeg 735w\" loading=\"eager\" style=\"--ratio: 490 \/ 653\" sizes=\"(max-width: 490px) 100vw, 490px\" alt=\"\" width=\"490\" height=\"653\"  \/><span class=\"gallery-rollover\"><span class=\"gallery-zoom-ico icomoon-the7-font-the7-zoom-06\"><span><\/span><\/span><\/span><\/a><\/figure><\/div><div class=\"wf-cell iso-item\" data-post-id=\"4833\" data-date=\"2022-04-29T09:28:19-05:00\" data-name=\"pimiento-canario-4\"><figure class=\"post visible\"><a href=\"https:\/\/agriecuador.com\/wp-content\/uploads\/2022\/04\/WhatsApp-Image-2022-03-31-at-8.50.27-AM-1.jpeg\" class=\"rollover dt-pswp-item layzr-bg\" data-large_image_width=\"960\" data-large_image_height=\"1280\" data-dt-img-description=\"\" title=\"pimiento-canario-4\"><img decoding=\"async\" class=\"preload-me iso-lazy-load aspect\" src=\"data:image\/svg+xml,%3Csvg%20xmlns%3D&#39;http%3A%2F%2Fwww.w3.org%2F2000%2Fsvg&#39;%20viewBox%3D&#39;0%200%20490%20653&#39;%2F%3E\" data-src=\"https:\/\/agriecuador.com\/wp-content\/uploads\/2022\/04\/WhatsApp-Image-2022-03-31-at-8.50.27-AM-1-490x653.jpeg\" data-srcset=\"https:\/\/agriecuador.com\/wp-content\/uploads\/2022\/04\/WhatsApp-Image-2022-03-31-at-8.50.27-AM-1-490x653.jpeg 490w, https:\/\/agriecuador.com\/wp-content\/uploads\/2022\/04\/WhatsApp-Image-2022-03-31-at-8.50.27-AM-1-735x980.jpeg 735w\" loading=\"eager\" style=\"--ratio: 490 \/ 653\" sizes=\"(max-width: 490px) 100vw, 490px\" alt=\"\" width=\"490\" height=\"653\"  \/><span class=\"gallery-rollover\"><span class=\"gallery-zoom-ico icomoon-the7-font-the7-zoom-06\"><span><\/span><\/span><\/span><\/a><\/figure><\/div><\/div><!-- iso-container|iso-grid --><\/div>[vc_empty_space][\/vc_column][\/vc_row][vc_row][vc_column width=&#8221;1\/4&#8243;][vc_btn title=&#8221;Oferta&#8221; color=&#8221;primary&#8221; align=&#8221;center&#8221; css_animation=&#8221;bounceInUp&#8221; link=&#8221;url:http%3A%2F%2Fagriecuador.com%2Foferta%2F|title:Oferta%20&#8243;][\/vc_column][vc_column width=&#8221;1\/4&#8243;][vc_btn title=&#8221;Semillas&#8221; color=&#8221;primary&#8221; align=&#8221;center&#8221; css_animation=&#8221;bounceInUp&#8221; link=&#8221;url:http%3A%2F%2Fagriecuador.com%2Fenza-zaden%2F|title:Semillas&#8221;][\/vc_column][vc_column width=&#8221;1\/4&#8243;][vc_btn title=&#8221;Cebollas&#8221; color=&#8221;primary&#8221; align=&#8221;center&#8221; css_animation=&#8221;bounceInUp&#8221; link=&#8221;url:http%3A%2F%2Fagriecuador.com%2Fcebollas%2F|title:cebollas&#8221;][\/vc_column][vc_column width=&#8221;1\/4&#8243;][vc_btn title=&#8221;Inicio&#8221; color=&#8221;primary&#8221; align=&#8221;center&#8221; css_animation=&#8221;bounceInUp&#8221; link=&#8221;url:http%3A%2F%2Fagriecuador.com%2F|title:Inicio&#8221;][\/vc_column][\/vc_row]<\/p>\n<\/div>","protected":false},"excerpt":{"rendered":"<p>[vc_row][vc_column][vc_empty_space][vc_empty_space][vc_column_text]Es un hibr\u00eddo de pimiento tipo lamuyo siendo apta para cultivo en campo abierto o invernadero. Su planta es vigorosa y muy productiva. Caracter\u00edsticas: Frutos uniforme de tama\u00f1o adecuado para plaza, lo cual permite al agricultor obtener un buen rendimiento final. Fruto resistente y duro para todo el proceso de post cosecha, lo que permite&hellip;<\/p>\n","protected":false},"author":2,"featured_media":0,"parent":797,"menu_order":16,"comment_status":"closed","ping_status":"closed","template":"","meta":{"_uag_custom_page_level_css":"","footnotes":""},"class_list":["post-4828","page","type-page","status-publish","hentry","description-off"],"uagb_featured_image_src":{"full":false,"thumbnail":false,"medium":false,"medium_large":false,"large":false,"1536x1536":false,"2048x2048":false,"awb_sm":false,"awb_md":false,"awb_lg":false,"awb_xl":false},"uagb_author_info":{"display_name":"Carolina Cuenca","author_link":"https:\/\/agriecuador.com\/en\/author\/carocuenca\/"},"uagb_comment_info":0,"uagb_excerpt":"[vc_row][vc_column][vc_empty_space][vc_empty_space][vc_column_text]Es un hibr\u00eddo de pimiento tipo lamuyo siendo apta para cultivo en campo abierto o invernadero. Su planta es vigorosa y muy productiva. Caracter\u00edsticas: Frutos uniforme de tama\u00f1o adecuado para plaza, lo cual permite al agricultor obtener un buen rendimiento final. Fruto resistente y duro para todo el proceso de post cosecha, lo que permite&hellip;","_links":{"self":[{"href":"https:\/\/agriecuador.com\/en\/wp-json\/wp\/v2\/pages\/4828","targetHints":{"allow":["GET"]}}],"collection":[{"href":"https:\/\/agriecuador.com\/en\/wp-json\/wp\/v2\/pages"}],"about":[{"href":"https:\/\/agriecuador.com\/en\/wp-json\/wp\/v2\/types\/page"}],"author":[{"embeddable":true,"href":"https:\/\/agriecuador.com\/en\/wp-json\/wp\/v2\/users\/2"}],"replies":[{"embeddable":true,"href":"https:\/\/agriecuador.com\/en\/wp-json\/wp\/v2\/comments?post=4828"}],"version-history":[{"count":2,"href":"https:\/\/agriecuador.com\/en\/wp-json\/wp\/v2\/pages\/4828\/revisions"}],"predecessor-version":[{"id":4835,"href":"https:\/\/agriecuador.com\/en\/wp-json\/wp\/v2\/pages\/4828\/revisions\/4835"}],"up":[{"embeddable":true,"href":"https:\/\/agriecuador.com\/en\/wp-json\/wp\/v2\/pages\/797"}],"wp:attachment":[{"href":"https:\/\/agriecuador.com\/en\/wp-json\/wp\/v2\/media?parent=4828"}],"curies":[{"name":"wp","href":"https:\/\/api.w.org\/{rel}","templated":true}]}}