{"id":4722,"date":"2021-12-13T15:15:26","date_gmt":"2021-12-13T20:15:26","guid":{"rendered":"https:\/\/agriecuador.com\/?page_id=4722"},"modified":"2023-10-04T16:21:09","modified_gmt":"2023-10-04T21:21:09","slug":"trampas-biocontrol-de-plagas","status":"publish","type":"page","link":"https:\/\/agriecuador.com\/en\/oferta\/trampas-biocontrol-de-plagas\/","title":{"rendered":"Trampas para biocontrol de plagas"},"content":{"rendered":"<div class=\"wpb-content-wrapper\"><p>[vc_row][vc_column]<div id=\"ultimate-heading-564669efbb7104e69\" class=\"uvc-heading ult-adjust-bottom-margin ultimate-heading-564669efbb7104e69 uvc-9996 \" data-hspacer=\"no_spacer\"  data-halign=\"center\" style=\"text-align:center\"><div class=\"uvc-heading-spacer no_spacer\" style=\"top\"><\/div><div class=\"uvc-main-heading ult-responsive\"  data-ultimate-target='.uvc-heading.ultimate-heading-564669efbb7104e69 h2'  data-responsive-json-new='{\"font-size\":\"\",\"line-height\":\"\"}' ><h2 style=\"font-weight:normal;\">Trampas monocrom\u00e1ticas para el biocontrol<\/h2><\/div><\/div>[vc_empty_space][vc_column_text]<strong>NoviTrap<\/strong> es una soluci\u00f3n de bajo impacto ambiental para controlar y combatir insectos.<\/p>\n<p>Las trampas monocrom\u00e1ticas para el biocontrol NoviTrap, atraen a los insectos por la fracci\u00f3n de la luz incidente reflejada de la superficie de las mismas y su longitud de onda espec\u00edfica (mediante el color); una vez atra\u00eddo y al entrar en contacto con la trampa el insecto queda atrapado por el adhesivo org\u00e1nico que contiene (NoviGlue). No contiene sustancias t\u00f3xicas y es amigable con el medio ambiente, por lo que pueden ser utilizados en campo abierto, invernaderos, jardines, empaques, establos, lecher\u00edas, queser\u00edas, campos de composteo y cualquier industria del sector agropecuario en la que el control de insectos sea factor econ\u00f3mico preponderante<\/p>\n<p><strong>Beneficios y caracter\u00edsticas:\u00a0<\/strong><\/p>\n<ul>\n<li>Reduce la cantidad de aplicaciones de pesticidas.<\/li>\n<li>La vida \u00fatil en campo es de hasta 250 d\u00edas, dependiendo de las condiciones de polvo en el lugar.<\/li>\n<li>Facilita el monitoreo y control de plagas.<\/li>\n<li>Es un producto amigable con el ambiente por no contener sustancias t\u00f3xicas.<\/li>\n<li>Listas para usarse.<\/li>\n<li>Pueden ser utilizadas en interiores y exteriores.<\/li>\n<li>Reduce la posibilidad de rechazos de alimentos contaminados por contener residuos de insecticidas.<\/li>\n<li>El pegamento utilizado es resistencia al agua y a cambios de temperatura.<\/li>\n<li>El proceso de impregnado del adhesivo no requiere el uso de combustibles o solventes que restan efectividad o incluso repelen a los insectos.<\/li>\n<li>Las trampas monocrom\u00e1ticas adhesivas facilita el conteo de las capturas.<\/li>\n<li>La utilizaci\u00f3n de este producto puede ser considerado dentro del MIP (Manejo Integrado de Plagas).<\/li>\n<\/ul>\n<p><strong>Forma de aplicaci\u00f3n:<\/strong><\/p>\n<p>&#8211; En el caso de monitoreo establecer trampas en los puntos de mayor probabilidad de incidencia. En caso de control, establecer lienzos cerca de los cultivos y a alturas similares al mismo. En agricultura protegida o industrias alimentarias la trampa monocrom\u00e1tica NoviTrap debe de ser colocada en los lugares de mayor riesgo de ataque como puertas, ventanas, ventilaciones etc. Pueden ser utilizadas como barrera f\u00edsica en el tronco de los \u00e1rboles para contener insectos y moluscos rastreros<\/p>\n<p>Las trampas tiene los siguientes colores:<\/p>\n<p><img loading=\"lazy\" decoding=\"async\" class=\"size-full wp-image-4723 alignnone\" src=\"https:\/\/agriecuador.com\/wp-content\/uploads\/2021\/12\/Captura-de-pantalla-2021-12-13-a-las-15.12.01.png\" alt=\"\" width=\"654\" height=\"216\" srcset=\"https:\/\/agriecuador.com\/wp-content\/uploads\/2021\/12\/Captura-de-pantalla-2021-12-13-a-las-15.12.01.png 654w, https:\/\/agriecuador.com\/wp-content\/uploads\/2021\/12\/Captura-de-pantalla-2021-12-13-a-las-15.12.01-300x99.png 300w, https:\/\/agriecuador.com\/wp-content\/uploads\/2021\/12\/Captura-de-pantalla-2021-12-13-a-las-15.12.01-500x165.png 500w\" sizes=\"auto, (max-width: 654px) 100vw, 654px\" \/>[\/vc_column_text][vc_empty_space][\/vc_column][\/vc_row][vc_row][vc_column width=&#8221;1\/3&#8243;][vc_single_image image=&#8221;4728&#8243; img_size=&#8221;medium&#8221; alignment=&#8221;center&#8221; css_animation=&#8221;bounceInUp&#8221;][vc_empty_space][\/vc_column][vc_column width=&#8221;1\/3&#8243;][vc_single_image image=&#8221;4727&#8243; img_size=&#8221;medium&#8221; alignment=&#8221;center&#8221; css_animation=&#8221;bounceInUp&#8221;][vc_empty_space][\/vc_column][vc_column width=&#8221;1\/3&#8243;][vc_single_image image=&#8221;4711&#8243; img_size=&#8221;medium&#8221; alignment=&#8221;center&#8221; css_animation=&#8221;bounceInUp&#8221;][vc_empty_space][\/vc_column][\/vc_row][vc_row][vc_column width=&#8221;1\/4&#8243;][vc_btn title=&#8221;Portainjertos&#8221; color=&#8221;primary&#8221; align=&#8221;center&#8221; css_animation=&#8221;bounceInUp&#8221; link=&#8221;url:http%3A%2F%2Fagriecuador.com%2Fportainjertos%2F|title:Portainjertos||&#8221;][\/vc_column][vc_column width=&#8221;1\/4&#8243;][vc_btn title=&#8221;Semillas&#8221; color=&#8221;primary&#8221; align=&#8221;center&#8221; css_animation=&#8221;bounceInUp&#8221; link=&#8221;url:http%3A%2F%2Fagriecuador.com%2Fenza-zaden%2F|title:Semillas||&#8221;][\/vc_column][vc_column width=&#8221;1\/4&#8243;][vc_btn title=&#8221;Oferta&#8221; color=&#8221;primary&#8221; align=&#8221;center&#8221; css_animation=&#8221;bounceInUp&#8221; link=&#8221;url:http%3A%2F%2Fagriecuador.com%2Foferta%2F|title:Oferta||&#8221;][\/vc_column][vc_column width=&#8221;1\/4&#8243;][vc_btn title=&#8221;Inicio&#8221; color=&#8221;primary&#8221; align=&#8221;center&#8221; css_animation=&#8221;bounceInUp&#8221; link=&#8221;url:http%3A%2F%2Fagriecuador.com|title:Home%20%E2%80%93%20with%20portfolio%20carousel||&#8221;][\/vc_column][\/vc_row]<\/p>\n<\/div>","protected":false},"excerpt":{"rendered":"<p>[vc_row][vc_column][vc_empty_space][vc_column_text]NoviTrap es una soluci\u00f3n de bajo impacto ambiental para controlar y combatir insectos. Las trampas monocrom\u00e1ticas para el biocontrol NoviTrap, atraen a los insectos por la fracci\u00f3n de la luz incidente reflejada de la superficie de las mismas y su longitud de onda espec\u00edfica (mediante el color); una vez atra\u00eddo y al entrar en contacto&hellip;<\/p>\n","protected":false},"author":2,"featured_media":0,"parent":3396,"menu_order":0,"comment_status":"closed","ping_status":"closed","template":"","meta":{"_uag_custom_page_level_css":"","footnotes":""},"class_list":["post-4722","page","type-page","status-publish","hentry","description-off"],"uagb_featured_image_src":{"full":false,"thumbnail":false,"medium":false,"medium_large":false,"large":false,"1536x1536":false,"2048x2048":false,"awb_sm":false,"awb_md":false,"awb_lg":false,"awb_xl":false},"uagb_author_info":{"display_name":"Carolina Cuenca","author_link":"https:\/\/agriecuador.com\/en\/author\/carocuenca\/"},"uagb_comment_info":0,"uagb_excerpt":"[vc_row][vc_column][vc_empty_space][vc_column_text]NoviTrap es una soluci\u00f3n de bajo impacto ambiental para controlar y combatir insectos. Las trampas monocrom\u00e1ticas para el biocontrol NoviTrap, atraen a los insectos por la fracci\u00f3n de la luz incidente reflejada de la superficie de las mismas y su longitud de onda espec\u00edfica (mediante el color); una vez atra\u00eddo y al entrar en contacto&hellip;","_links":{"self":[{"href":"https:\/\/agriecuador.com\/en\/wp-json\/wp\/v2\/pages\/4722","targetHints":{"allow":["GET"]}}],"collection":[{"href":"https:\/\/agriecuador.com\/en\/wp-json\/wp\/v2\/pages"}],"about":[{"href":"https:\/\/agriecuador.com\/en\/wp-json\/wp\/v2\/types\/page"}],"author":[{"embeddable":true,"href":"https:\/\/agriecuador.com\/en\/wp-json\/wp\/v2\/users\/2"}],"replies":[{"embeddable":true,"href":"https:\/\/agriecuador.com\/en\/wp-json\/wp\/v2\/comments?post=4722"}],"version-history":[{"count":7,"href":"https:\/\/agriecuador.com\/en\/wp-json\/wp\/v2\/pages\/4722\/revisions"}],"predecessor-version":[{"id":4725,"href":"https:\/\/agriecuador.com\/en\/wp-json\/wp\/v2\/pages\/4722\/revisions\/4725"}],"up":[{"embeddable":true,"href":"https:\/\/agriecuador.com\/en\/wp-json\/wp\/v2\/pages\/3396"}],"wp:attachment":[{"href":"https:\/\/agriecuador.com\/en\/wp-json\/wp\/v2\/media?parent=4722"}],"curies":[{"name":"wp","href":"https:\/\/api.w.org\/{rel}","templated":true}]}}