{"id":3149,"date":"2020-06-10T00:45:28","date_gmt":"2020-06-10T00:45:28","guid":{"rendered":"https:\/\/agriecuador.com\/?page_id=3149"},"modified":"2022-03-25T11:33:15","modified_gmt":"2022-03-25T16:33:15","slug":"paraiso-f1","status":"publish","type":"page","link":"https:\/\/agriecuador.com\/en\/oferta\/enza-zaden\/pepinillos\/paraiso-f1\/","title":{"rendered":"Semilla de Pepinillo Para\u00edso F1"},"content":{"rendered":"<div class=\"wpb-content-wrapper\"><p>[vc_row][vc_column]<div id=\"ultimate-heading-77769f106c4ab156\" class=\"uvc-heading ult-adjust-bottom-margin ultimate-heading-77769f106c4ab156 uvc-5800 \" data-hspacer=\"no_spacer\"  data-halign=\"center\" style=\"text-align:center\"><div class=\"uvc-heading-spacer no_spacer\" style=\"top\"><\/div><div class=\"uvc-main-heading ult-responsive\"  data-ultimate-target='.uvc-heading.ultimate-heading-77769f106c4ab156 h2'  data-responsive-json-new='{\"font-size\":\"\",\"line-height\":\"\"}' ><h2 style=\"font-weight:normal;\">Semilla de Pepinillo Para\u00edso F1<\/h2><\/div><\/div>[vc_empty_space][vc_column_text]<strong>Caracter\u00edsticas:<\/strong><\/p>\n<ul>\n<li class=\"p2\">Pepino Tipo Americano, con frutos largos, de buen grosor, color verde obscuro, de excelente brillo, sin puntas amarillas.<\/li>\n<li class=\"p2\">Planta vigorosa, equilibrada, flexible, f\u00e1cil de crecer y de gran fortaleza.<\/li>\n<li class=\"p2\">Tolerante y resistente a enfermedades foliares y radiculares. AR: Ccu. RI: Px; CMV; CVYV; CYSDV<\/li>\n<li class=\"p2\">Planta de larga vida productiva en campo.<\/li>\n<li class=\"p2\">Excelente cuaje de frutos, con ausencia de abortos.<\/li>\n<li class=\"p2\">Altamente productivo.<\/li>\n<\/ul>\n<p><strong>Ventajas:<\/strong><\/p>\n<ul>\n<li class=\"p2\">F\u00e1cil de comercializar por su gran aceptaci\u00f3n en el mercado, debido a su tama\u00f1o, color y firmeza de fruto.<\/li>\n<li class=\"p2\">Alto rendimiento tanto por la alt\u00edsima cantidad de fruto cuajado como por el alto porcentaje de fruta aprovechable para ser comercializada, debido al largo y grosor de su fruto.<\/li>\n<li class=\"p2\">Material r\u00fastico, f\u00e1cil de crecer, que le permite desarrollarse de buena manera incluso en condiciones desfavorables.<\/li>\n<li class=\"p2\">Ahorro en aplicaciones fitosanitarias por su alta tolerancia y resistencia a enfermedades.<\/li>\n<li class=\"p2\">Adecuado para siembra en invernadero y tambi\u00e9n en campo abierto por su flexibilidad y resistencia.<\/li>\n<\/ul>\n<p>[\/vc_column_text]<style type=\"text\/css\" data-type=\"the7_shortcodes-inline-css\">.gallery-shortcode.gallery-masonry-shortcode-id-136e86245eca7a59eb8a8e7e630096dd figure,\n.gallery-shortcode.gallery-masonry-shortcode-id-136e86245eca7a59eb8a8e7e630096dd .rollover,\n.gallery-shortcode.gallery-masonry-shortcode-id-136e86245eca7a59eb8a8e7e630096dd img,\n.gallery-shortcode.gallery-masonry-shortcode-id-136e86245eca7a59eb8a8e7e630096dd .gallery-rollover {\n  border-radius: 0px;\n}\n.gallery-shortcode.gallery-masonry-shortcode-id-136e86245eca7a59eb8a8e7e630096dd.enable-bg-rollover .gallery-rollover {\n  background: -webkit-linear-gradient();\n  background: linear-gradient();\n}\n.gallery-shortcode.gallery-masonry-shortcode-id-136e86245eca7a59eb8a8e7e630096dd.enable-bg-rollover.hover-scale figure .rollover:after {\n  background: -webkit-linear-gradient();\n  background: linear-gradient();\n}\n.gallery-shortcode.gallery-masonry-shortcode-id-136e86245eca7a59eb8a8e7e630096dd .gallery-zoom-ico {\n  width: 44px;\n  height: 44px;\n  line-height: 44px;\n  border-radius: 100px;\n  margin: -22px 0 0 -22px;\n  border-width: 0px;\n  color: #ffffff;\n}\n.dt-icon-bg-on.gallery-shortcode.gallery-masonry-shortcode-id-136e86245eca7a59eb8a8e7e630096dd .gallery-zoom-ico {\n  background: rgba(255,255,255,0.3);\n  box-shadow: none;\n}\n.gallery-shortcode.gallery-masonry-shortcode-id-136e86245eca7a59eb8a8e7e630096dd .gallery-zoom-ico:before,\n.gallery-shortcode.gallery-masonry-shortcode-id-136e86245eca7a59eb8a8e7e630096dd .gallery-zoom-ico span {\n  font-size: 32px;\n  line-height: 44px;\n  color: #ffffff;\n}\n.gallery-shortcode.gallery-masonry-shortcode-id-136e86245eca7a59eb8a8e7e630096dd:not(.resize-by-browser-width) .dt-css-grid {\n  grid-row-gap: 10px;\n  grid-column-gap: 10px;\n  grid-template-columns: repeat(auto-fill,minmax(,1fr));\n}\n.gallery-shortcode.gallery-masonry-shortcode-id-136e86245eca7a59eb8a8e7e630096dd:not(.resize-by-browser-width) .dt-css-grid .double-width {\n  grid-column: span 2;\n}\n.cssgridlegacy.no-cssgrid .gallery-shortcode.gallery-masonry-shortcode-id-136e86245eca7a59eb8a8e7e630096dd:not(.resize-by-browser-width) .dt-css-grid,\n.no-cssgridlegacy.no-cssgrid .gallery-shortcode.gallery-masonry-shortcode-id-136e86245eca7a59eb8a8e7e630096dd:not(.resize-by-browser-width) .dt-css-grid {\n  display: flex;\n  flex-flow: row wrap;\n  margin: -5px;\n}\n.cssgridlegacy.no-cssgrid .gallery-shortcode.gallery-masonry-shortcode-id-136e86245eca7a59eb8a8e7e630096dd:not(.resize-by-browser-width) .dt-css-grid .wf-cell,\n.no-cssgridlegacy.no-cssgrid .gallery-shortcode.gallery-masonry-shortcode-id-136e86245eca7a59eb8a8e7e630096dd:not(.resize-by-browser-width) .dt-css-grid .wf-cell {\n  flex: 1 0 ;\n  max-width: 100%;\n  padding: 5px;\n  box-sizing: border-box;\n}\n.gallery-shortcode.gallery-masonry-shortcode-id-136e86245eca7a59eb8a8e7e630096dd.resize-by-browser-width .dt-css-grid {\n  grid-template-columns: repeat(4,1fr);\n  grid-template-rows: auto;\n  grid-column-gap: 10px;\n  grid-row-gap: 10px;\n}\n.gallery-shortcode.gallery-masonry-shortcode-id-136e86245eca7a59eb8a8e7e630096dd.resize-by-browser-width .dt-css-grid .double-width {\n  grid-column: span 2;\n}\n.cssgridlegacy.no-cssgrid .gallery-shortcode.gallery-masonry-shortcode-id-136e86245eca7a59eb8a8e7e630096dd.resize-by-browser-width .dt-css-grid {\n  margin: -5px;\n}\n.cssgridlegacy.no-cssgrid .gallery-shortcode.gallery-masonry-shortcode-id-136e86245eca7a59eb8a8e7e630096dd.resize-by-browser-width .dt-css-grid .wf-cell {\n  width: 25%;\n  padding: 5px;\n}\n.cssgridlegacy.no-cssgrid .gallery-shortcode.gallery-masonry-shortcode-id-136e86245eca7a59eb8a8e7e630096dd.resize-by-browser-width .dt-css-grid .wf-cell.double-width {\n  width: calc(25%) * 2;\n}\n.gallery-shortcode.gallery-masonry-shortcode-id-136e86245eca7a59eb8a8e7e630096dd.resize-by-browser-width:not(.centered-layout-list):not(.content-bg-on) .dt-css-grid {\n  grid-row-gap: 10px - ;\n}\n@media screen and (max-width: 1199px) {\n  .gallery-shortcode.gallery-masonry-shortcode-id-136e86245eca7a59eb8a8e7e630096dd.resize-by-browser-width .dt-css-grid {\n    grid-template-columns: repeat(4,1fr);\n  }\n  .cssgridlegacy.no-cssgrid .gallery-shortcode.gallery-masonry-shortcode-id-136e86245eca7a59eb8a8e7e630096dd.resize-by-browser-width .dt-css-grid .wf-cell,\n  .no-cssgridlegacy.no-cssgrid .gallery-shortcode.gallery-masonry-shortcode-id-136e86245eca7a59eb8a8e7e630096dd.resize-by-browser-width .dt-css-grid .wf-cell {\n    width: 25%;\n  }\n  .cssgridlegacy.no-cssgrid .gallery-shortcode.gallery-masonry-shortcode-id-136e86245eca7a59eb8a8e7e630096dd.resize-by-browser-width .dt-css-grid .wf-cell.double-width,\n  .no-cssgridlegacy.no-cssgrid .gallery-shortcode.gallery-masonry-shortcode-id-136e86245eca7a59eb8a8e7e630096dd.resize-by-browser-width .dt-css-grid .wf-cell.double-width {\n    width: calc(25%)*2;\n  }\n}\n@media screen and (max-width: 991px) {\n  .gallery-shortcode.gallery-masonry-shortcode-id-136e86245eca7a59eb8a8e7e630096dd.resize-by-browser-width .dt-css-grid {\n    grid-template-columns: repeat(2,1fr);\n  }\n  .cssgridlegacy.no-cssgrid .gallery-shortcode.gallery-masonry-shortcode-id-136e86245eca7a59eb8a8e7e630096dd.resize-by-browser-width .dt-css-grid .wf-cell,\n  .no-cssgridlegacy.no-cssgrid .gallery-shortcode.gallery-masonry-shortcode-id-136e86245eca7a59eb8a8e7e630096dd.resize-by-browser-width .dt-css-grid .wf-cell {\n    width: 50%;\n  }\n  .cssgridlegacy.no-cssgrid .gallery-shortcode.gallery-masonry-shortcode-id-136e86245eca7a59eb8a8e7e630096dd.resize-by-browser-width .dt-css-grid .wf-cell.double-width,\n  .no-cssgridlegacy.no-cssgrid .gallery-shortcode.gallery-masonry-shortcode-id-136e86245eca7a59eb8a8e7e630096dd.resize-by-browser-width .dt-css-grid .wf-cell.double-width {\n    width: calc(50%)*2;\n  }\n}\n@media screen and (max-width: 767px) {\n  .gallery-shortcode.gallery-masonry-shortcode-id-136e86245eca7a59eb8a8e7e630096dd.resize-by-browser-width .dt-css-grid {\n    grid-template-columns: repeat(2,1fr);\n  }\n  .cssgridlegacy.no-cssgrid .gallery-shortcode.gallery-masonry-shortcode-id-136e86245eca7a59eb8a8e7e630096dd.resize-by-browser-width .dt-css-grid .wf-cell,\n  .no-cssgridlegacy.no-cssgrid .gallery-shortcode.gallery-masonry-shortcode-id-136e86245eca7a59eb8a8e7e630096dd.resize-by-browser-width .dt-css-grid .wf-cell {\n    width: 50%;\n  }\n  .cssgridlegacy.no-cssgrid .gallery-shortcode.gallery-masonry-shortcode-id-136e86245eca7a59eb8a8e7e630096dd.resize-by-browser-width .dt-css-grid .wf-cell.double-width,\n  .no-cssgridlegacy.no-cssgrid .gallery-shortcode.gallery-masonry-shortcode-id-136e86245eca7a59eb8a8e7e630096dd.resize-by-browser-width .dt-css-grid .wf-cell.double-width {\n    width: calc(50%)*2;\n  }\n}<\/style><div class=\"gallery-shortcode dt-gallery-container gallery-masonry-shortcode-id-136e86245eca7a59eb8a8e7e630096dd mode-masonry jquery-filter dt-icon-bg-off quick-scale-img enable-bg-rollover resize-by-browser-width  hover-fade loading-effect-none description-on-hover\" data-padding=\"5px\" data-cur-page=\"1\" data-post-limit=\"-1\" data-pagination-mode=\"none\" data-desktop-columns-num=\"4\" data-v-tablet-columns-num=\"2\" data-h-tablet-columns-num=\"4\" data-phone-columns-num=\"2\" data-width=\"0px\" data-columns=\"0\"><div class=\"iso-container\" ><div class=\"wf-cell iso-item\" data-post-id=\"3605\" data-date=\"2020-09-21T10:56:05-05:00\" data-name=\"paraiso\"><figure class=\"post visible\"><a href=\"https:\/\/agriecuador.com\/wp-content\/uploads\/2020\/09\/paraiso.png\" class=\"rollover dt-pswp-item layzr-bg\" data-large_image_width=\"768\" data-large_image_height=\"1024\" data-dt-img-description=\"\" title=\"paraiso\"><img fetchpriority=\"high\" decoding=\"async\" class=\"preload-me iso-lazy-load aspect\" src=\"data:image\/svg+xml,%3Csvg%20xmlns%3D&#39;http%3A%2F%2Fwww.w3.org%2F2000%2Fsvg&#39;%20viewBox%3D&#39;0%200%20490%20653&#39;%2F%3E\" data-src=\"https:\/\/agriecuador.com\/wp-content\/uploads\/2020\/09\/paraiso-490x653.png\" data-srcset=\"https:\/\/agriecuador.com\/wp-content\/uploads\/2020\/09\/paraiso-490x653.png 490w, https:\/\/agriecuador.com\/wp-content\/uploads\/2020\/09\/paraiso-735x980.png 735w\" loading=\"eager\" style=\"--ratio: 490 \/ 653\" sizes=\"(max-width: 490px) 100vw, 490px\" alt=\"\" width=\"490\" height=\"653\"  \/><span class=\"gallery-rollover\"><span class=\"gallery-zoom-ico icomoon-the7-font-the7-zoom-06\"><span><\/span><\/span><\/span><\/a><\/figure><\/div><div class=\"wf-cell iso-item\" data-post-id=\"3606\" data-date=\"2020-09-21T10:56:09-05:00\" data-name=\"paraiso1\"><figure class=\"post visible\"><a href=\"https:\/\/agriecuador.com\/wp-content\/uploads\/2020\/09\/paraiso1.png\" class=\"rollover dt-pswp-item layzr-bg\" data-large_image_width=\"768\" data-large_image_height=\"1024\" data-dt-img-description=\"\" title=\"paraiso1\"><img decoding=\"async\" class=\"preload-me iso-lazy-load aspect\" src=\"data:image\/svg+xml,%3Csvg%20xmlns%3D&#39;http%3A%2F%2Fwww.w3.org%2F2000%2Fsvg&#39;%20viewBox%3D&#39;0%200%20490%20653&#39;%2F%3E\" data-src=\"https:\/\/agriecuador.com\/wp-content\/uploads\/2020\/09\/paraiso1-490x653.png\" data-srcset=\"https:\/\/agriecuador.com\/wp-content\/uploads\/2020\/09\/paraiso1-490x653.png 490w, https:\/\/agriecuador.com\/wp-content\/uploads\/2020\/09\/paraiso1-735x980.png 735w\" loading=\"eager\" style=\"--ratio: 490 \/ 653\" sizes=\"(max-width: 490px) 100vw, 490px\" alt=\"\" width=\"490\" height=\"653\"  \/><span class=\"gallery-rollover\"><span class=\"gallery-zoom-ico icomoon-the7-font-the7-zoom-06\"><span><\/span><\/span><\/span><\/a><\/figure><\/div><div class=\"wf-cell iso-item\" data-post-id=\"3607\" data-date=\"2020-09-21T10:56:15-05:00\" data-name=\"paraiso2\"><figure class=\"post visible\"><a href=\"https:\/\/agriecuador.com\/wp-content\/uploads\/2020\/09\/paraiso2.png\" class=\"rollover dt-pswp-item layzr-bg\" data-large_image_width=\"768\" data-large_image_height=\"1024\" data-dt-img-description=\"\" title=\"paraiso2\"><img decoding=\"async\" class=\"preload-me iso-lazy-load aspect\" src=\"data:image\/svg+xml,%3Csvg%20xmlns%3D&#39;http%3A%2F%2Fwww.w3.org%2F2000%2Fsvg&#39;%20viewBox%3D&#39;0%200%20490%20653&#39;%2F%3E\" data-src=\"https:\/\/agriecuador.com\/wp-content\/uploads\/2020\/09\/paraiso2-490x653.png\" data-srcset=\"https:\/\/agriecuador.com\/wp-content\/uploads\/2020\/09\/paraiso2-490x653.png 490w, https:\/\/agriecuador.com\/wp-content\/uploads\/2020\/09\/paraiso2-735x980.png 735w\" loading=\"eager\" style=\"--ratio: 490 \/ 653\" sizes=\"(max-width: 490px) 100vw, 490px\" alt=\"\" width=\"490\" height=\"653\"  \/><span class=\"gallery-rollover\"><span class=\"gallery-zoom-ico icomoon-the7-font-the7-zoom-06\"><span><\/span><\/span><\/span><\/a><\/figure><\/div><div class=\"wf-cell iso-item\" data-post-id=\"3608\" data-date=\"2020-09-21T10:56:21-05:00\" data-name=\"paraiso3\"><figure class=\"post visible\"><a href=\"https:\/\/agriecuador.com\/wp-content\/uploads\/2020\/09\/paraiso3.png\" class=\"rollover dt-pswp-item layzr-bg\" data-large_image_width=\"768\" data-large_image_height=\"1024\" data-dt-img-description=\"\" title=\"paraiso3\"><img decoding=\"async\" class=\"preload-me iso-lazy-load aspect\" src=\"data:image\/svg+xml,%3Csvg%20xmlns%3D&#39;http%3A%2F%2Fwww.w3.org%2F2000%2Fsvg&#39;%20viewBox%3D&#39;0%200%20490%20653&#39;%2F%3E\" data-src=\"https:\/\/agriecuador.com\/wp-content\/uploads\/2020\/09\/paraiso3-490x653.png\" data-srcset=\"https:\/\/agriecuador.com\/wp-content\/uploads\/2020\/09\/paraiso3-490x653.png 490w, https:\/\/agriecuador.com\/wp-content\/uploads\/2020\/09\/paraiso3-735x980.png 735w\" loading=\"eager\" style=\"--ratio: 490 \/ 653\" sizes=\"(max-width: 490px) 100vw, 490px\" alt=\"\" width=\"490\" height=\"653\"  \/><span class=\"gallery-rollover\"><span class=\"gallery-zoom-ico icomoon-the7-font-the7-zoom-06\"><span><\/span><\/span><\/span><\/a><\/figure><\/div><\/div><!-- iso-container|iso-grid --><\/div>[vc_empty_space][\/vc_column][\/vc_row][vc_row][vc_column width=&#8221;1\/4&#8243;][vc_btn title=&#8221;Pepinillos&#8221; color=&#8221;primary&#8221; align=&#8221;center&#8221; css_animation=&#8221;bounceInUp&#8221; link=&#8221;url:http%3A%2F%2Fagriecuador.com%2Fpepinillos%2F|title:Pepinillos||&#8221;][\/vc_column][vc_column width=&#8221;1\/4&#8243;][vc_btn title=&#8221;Semillas&#8221; color=&#8221;primary&#8221; align=&#8221;center&#8221; css_animation=&#8221;bounceInUp&#8221; link=&#8221;url:http%3A%2F%2Fagriecuador.com%2Fenza-zaden%2F|title:Semillas||&#8221;][\/vc_column][vc_column width=&#8221;1\/4&#8243;][vc_btn title=&#8221;Oferta&#8221; color=&#8221;primary&#8221; align=&#8221;center&#8221; css_animation=&#8221;bounceInUp&#8221; link=&#8221;url:http%3A%2F%2Fagriecuador.com%2Foferta%2F|title:Oferta||&#8221;][\/vc_column][vc_column width=&#8221;1\/4&#8243;][vc_btn title=&#8221;Inicio&#8221; color=&#8221;primary&#8221; align=&#8221;center&#8221; css_animation=&#8221;bounceInUp&#8221; link=&#8221;url:http%3A%2F%2Fagriecuador.com|title:Inicio||&#8221;][\/vc_column][\/vc_row]<\/p>\n<\/div>","protected":false},"excerpt":{"rendered":"<p>[vc_row][vc_column][vc_empty_space][vc_column_text]Caracter\u00edsticas: Pepino Tipo Americano, con frutos largos, de buen grosor, color verde obscuro, de excelente brillo, sin puntas amarillas. Planta vigorosa, equilibrada, flexible, f\u00e1cil de crecer y de gran fortaleza. Tolerante y resistente a enfermedades foliares y radiculares. AR: Ccu. RI: Px; CMV; CVYV; CYSDV Planta de larga vida productiva en campo. Excelente cuaje de&hellip;<\/p>\n","protected":false},"author":1,"featured_media":0,"parent":3171,"menu_order":0,"comment_status":"closed","ping_status":"closed","template":"","meta":{"_uag_custom_page_level_css":"","footnotes":""},"class_list":["post-3149","page","type-page","status-publish","hentry","description-off"],"uagb_featured_image_src":{"full":false,"thumbnail":false,"medium":false,"medium_large":false,"large":false,"1536x1536":false,"2048x2048":false,"awb_sm":false,"awb_md":false,"awb_lg":false,"awb_xl":false},"uagb_author_info":{"display_name":"agriwpadmin","author_link":"https:\/\/agriecuador.com\/en\/author\/agriwpadmin\/"},"uagb_comment_info":0,"uagb_excerpt":"[vc_row][vc_column][vc_empty_space][vc_column_text]Caracter\u00edsticas: Pepino Tipo Americano, con frutos largos, de buen grosor, color verde obscuro, de excelente brillo, sin puntas amarillas. Planta vigorosa, equilibrada, flexible, f\u00e1cil de crecer y de gran fortaleza. Tolerante y resistente a enfermedades foliares y radiculares. AR: Ccu. RI: Px; CMV; CVYV; CYSDV Planta de larga vida productiva en campo. Excelente cuaje de&hellip;","_links":{"self":[{"href":"https:\/\/agriecuador.com\/en\/wp-json\/wp\/v2\/pages\/3149","targetHints":{"allow":["GET"]}}],"collection":[{"href":"https:\/\/agriecuador.com\/en\/wp-json\/wp\/v2\/pages"}],"about":[{"href":"https:\/\/agriecuador.com\/en\/wp-json\/wp\/v2\/types\/page"}],"author":[{"embeddable":true,"href":"https:\/\/agriecuador.com\/en\/wp-json\/wp\/v2\/users\/1"}],"replies":[{"embeddable":true,"href":"https:\/\/agriecuador.com\/en\/wp-json\/wp\/v2\/comments?post=3149"}],"version-history":[{"count":2,"href":"https:\/\/agriecuador.com\/en\/wp-json\/wp\/v2\/pages\/3149\/revisions"}],"predecessor-version":[{"id":4800,"href":"https:\/\/agriecuador.com\/en\/wp-json\/wp\/v2\/pages\/3149\/revisions\/4800"}],"up":[{"embeddable":true,"href":"https:\/\/agriecuador.com\/en\/wp-json\/wp\/v2\/pages\/3171"}],"wp:attachment":[{"href":"https:\/\/agriecuador.com\/en\/wp-json\/wp\/v2\/media?parent=3149"}],"curies":[{"name":"wp","href":"https:\/\/api.w.org\/{rel}","templated":true}]}}