{"id":3147,"date":"2020-06-10T00:45:06","date_gmt":"2020-06-10T00:45:06","guid":{"rendered":"https:\/\/agriecuador.com\/?page_id=3147"},"modified":"2022-03-25T11:28:49","modified_gmt":"2022-03-25T16:28:49","slug":"gamay-f1","status":"publish","type":"page","link":"https:\/\/agriecuador.com\/en\/oferta\/semillas-de-hortalizas\/cebollas\/gamay-f1\/","title":{"rendered":"Semilla de Cebolla Gamay F1"},"content":{"rendered":"<div class=\"wpb-content-wrapper\"><p>[vc_row][vc_column]<div id=\"ultimate-heading-519469ebaac8b6722\" class=\"uvc-heading ult-adjust-bottom-margin ultimate-heading-519469ebaac8b6722 uvc-7222 \" data-hspacer=\"no_spacer\"  data-halign=\"center\" style=\"text-align:center\"><div class=\"uvc-heading-spacer no_spacer\" style=\"top\"><\/div><div class=\"uvc-main-heading ult-responsive\"  data-ultimate-target='.uvc-heading.ultimate-heading-519469ebaac8b6722 h2'  data-responsive-json-new='{\"font-size\":\"\",\"line-height\":\"\"}' ><h2 style=\"font-weight:normal;\">Semilla de Cebolla Gamay F1<\/h2><\/div><\/div>[vc_column_text]<strong>Caracter\u00edsticas:\u00a0<\/strong><\/p>\n<ul>\n<li>Material tolerante a la ra\u00edz rosada y apta para la siembra en zonas bajas<\/li>\n<li>Tolerante a enfermedades, especialmente mildiu velloso (\u201ccenicilla\u201d).<\/li>\n<li>Bulbos de excelente calidad, con buena coloraci\u00f3n roja intensa externa e internamente.<\/li>\n<li>Gran potencial de rendimiento por sus bulbos de buen tama\u00f1o y uniformes<\/li>\n<li>Material con buenas caracter\u00edsticas para almacenamiento, con muy buen cierre de cuello.<\/li>\n<\/ul>\n<p><strong>Ventajas:<\/strong><\/p>\n<ul>\n<li class=\"p3\">F\u00e1cilmente aceptada en el mercado por su calidad, forma y color.<\/li>\n<li class=\"p3\">Mayor rendimiento por su uniformidad, aprovechamiento y tama\u00f1o de bulbos.<\/li>\n<li class=\"p3\">Ahorro en aplicaciones fitosanitarias por sus resistencia y tolerancia a enfermedades.<\/li>\n<li class=\"p3\">Adecuada para almacenar.<\/li>\n<\/ul>\n<p>[\/vc_column_text]<style type=\"text\/css\" data-type=\"the7_shortcodes-inline-css\">.gallery-shortcode.gallery-masonry-shortcode-id-08398d79a0309458330f3a39e51e51cb figure,\n.gallery-shortcode.gallery-masonry-shortcode-id-08398d79a0309458330f3a39e51e51cb .rollover,\n.gallery-shortcode.gallery-masonry-shortcode-id-08398d79a0309458330f3a39e51e51cb img,\n.gallery-shortcode.gallery-masonry-shortcode-id-08398d79a0309458330f3a39e51e51cb .gallery-rollover {\n  border-radius: 0px;\n}\n.gallery-shortcode.gallery-masonry-shortcode-id-08398d79a0309458330f3a39e51e51cb.enable-bg-rollover .gallery-rollover {\n  background: -webkit-linear-gradient();\n  background: linear-gradient();\n}\n.gallery-shortcode.gallery-masonry-shortcode-id-08398d79a0309458330f3a39e51e51cb.enable-bg-rollover.hover-scale figure .rollover:after {\n  background: -webkit-linear-gradient();\n  background: linear-gradient();\n}\n.gallery-shortcode.gallery-masonry-shortcode-id-08398d79a0309458330f3a39e51e51cb .gallery-zoom-ico {\n  width: 44px;\n  height: 44px;\n  line-height: 44px;\n  border-radius: 100px;\n  margin: -22px 0 0 -22px;\n  border-width: 0px;\n  color: #ffffff;\n}\n.dt-icon-bg-on.gallery-shortcode.gallery-masonry-shortcode-id-08398d79a0309458330f3a39e51e51cb .gallery-zoom-ico {\n  background: rgba(255,255,255,0.3);\n  box-shadow: none;\n}\n.gallery-shortcode.gallery-masonry-shortcode-id-08398d79a0309458330f3a39e51e51cb .gallery-zoom-ico:before,\n.gallery-shortcode.gallery-masonry-shortcode-id-08398d79a0309458330f3a39e51e51cb .gallery-zoom-ico span {\n  font-size: 32px;\n  line-height: 44px;\n  color: #ffffff;\n}\n.gallery-shortcode.gallery-masonry-shortcode-id-08398d79a0309458330f3a39e51e51cb:not(.resize-by-browser-width) .dt-css-grid {\n  grid-row-gap: 10px;\n  grid-column-gap: 10px;\n  grid-template-columns: repeat(auto-fill,minmax(,1fr));\n}\n.gallery-shortcode.gallery-masonry-shortcode-id-08398d79a0309458330f3a39e51e51cb:not(.resize-by-browser-width) .dt-css-grid .double-width {\n  grid-column: span 2;\n}\n.cssgridlegacy.no-cssgrid .gallery-shortcode.gallery-masonry-shortcode-id-08398d79a0309458330f3a39e51e51cb:not(.resize-by-browser-width) .dt-css-grid,\n.no-cssgridlegacy.no-cssgrid .gallery-shortcode.gallery-masonry-shortcode-id-08398d79a0309458330f3a39e51e51cb:not(.resize-by-browser-width) .dt-css-grid {\n  display: flex;\n  flex-flow: row wrap;\n  margin: -5px;\n}\n.cssgridlegacy.no-cssgrid .gallery-shortcode.gallery-masonry-shortcode-id-08398d79a0309458330f3a39e51e51cb:not(.resize-by-browser-width) .dt-css-grid .wf-cell,\n.no-cssgridlegacy.no-cssgrid .gallery-shortcode.gallery-masonry-shortcode-id-08398d79a0309458330f3a39e51e51cb:not(.resize-by-browser-width) .dt-css-grid .wf-cell {\n  flex: 1 0 ;\n  max-width: 100%;\n  padding: 5px;\n  box-sizing: border-box;\n}\n.gallery-shortcode.gallery-masonry-shortcode-id-08398d79a0309458330f3a39e51e51cb.resize-by-browser-width .dt-css-grid {\n  grid-template-columns: repeat(5,1fr);\n  grid-template-rows: auto;\n  grid-column-gap: 10px;\n  grid-row-gap: 10px;\n}\n.gallery-shortcode.gallery-masonry-shortcode-id-08398d79a0309458330f3a39e51e51cb.resize-by-browser-width .dt-css-grid .double-width {\n  grid-column: span 2;\n}\n.cssgridlegacy.no-cssgrid .gallery-shortcode.gallery-masonry-shortcode-id-08398d79a0309458330f3a39e51e51cb.resize-by-browser-width .dt-css-grid {\n  margin: -5px;\n}\n.cssgridlegacy.no-cssgrid .gallery-shortcode.gallery-masonry-shortcode-id-08398d79a0309458330f3a39e51e51cb.resize-by-browser-width .dt-css-grid .wf-cell {\n  width: 20%;\n  padding: 5px;\n}\n.cssgridlegacy.no-cssgrid .gallery-shortcode.gallery-masonry-shortcode-id-08398d79a0309458330f3a39e51e51cb.resize-by-browser-width .dt-css-grid .wf-cell.double-width {\n  width: calc(20%) * 2;\n}\n.gallery-shortcode.gallery-masonry-shortcode-id-08398d79a0309458330f3a39e51e51cb.resize-by-browser-width:not(.centered-layout-list):not(.content-bg-on) .dt-css-grid {\n  grid-row-gap: 10px - ;\n}\n@media screen and (max-width: 1199px) {\n  .gallery-shortcode.gallery-masonry-shortcode-id-08398d79a0309458330f3a39e51e51cb.resize-by-browser-width .dt-css-grid {\n    grid-template-columns: repeat(5,1fr);\n  }\n  .cssgridlegacy.no-cssgrid .gallery-shortcode.gallery-masonry-shortcode-id-08398d79a0309458330f3a39e51e51cb.resize-by-browser-width .dt-css-grid .wf-cell,\n  .no-cssgridlegacy.no-cssgrid .gallery-shortcode.gallery-masonry-shortcode-id-08398d79a0309458330f3a39e51e51cb.resize-by-browser-width .dt-css-grid .wf-cell {\n    width: 20%;\n  }\n  .cssgridlegacy.no-cssgrid .gallery-shortcode.gallery-masonry-shortcode-id-08398d79a0309458330f3a39e51e51cb.resize-by-browser-width .dt-css-grid .wf-cell.double-width,\n  .no-cssgridlegacy.no-cssgrid .gallery-shortcode.gallery-masonry-shortcode-id-08398d79a0309458330f3a39e51e51cb.resize-by-browser-width .dt-css-grid .wf-cell.double-width {\n    width: calc(20%)*2;\n  }\n}\n@media screen and (max-width: 991px) {\n  .gallery-shortcode.gallery-masonry-shortcode-id-08398d79a0309458330f3a39e51e51cb.resize-by-browser-width .dt-css-grid {\n    grid-template-columns: repeat(2,1fr);\n  }\n  .cssgridlegacy.no-cssgrid .gallery-shortcode.gallery-masonry-shortcode-id-08398d79a0309458330f3a39e51e51cb.resize-by-browser-width .dt-css-grid .wf-cell,\n  .no-cssgridlegacy.no-cssgrid .gallery-shortcode.gallery-masonry-shortcode-id-08398d79a0309458330f3a39e51e51cb.resize-by-browser-width .dt-css-grid .wf-cell {\n    width: 50%;\n  }\n  .cssgridlegacy.no-cssgrid .gallery-shortcode.gallery-masonry-shortcode-id-08398d79a0309458330f3a39e51e51cb.resize-by-browser-width .dt-css-grid .wf-cell.double-width,\n  .no-cssgridlegacy.no-cssgrid .gallery-shortcode.gallery-masonry-shortcode-id-08398d79a0309458330f3a39e51e51cb.resize-by-browser-width .dt-css-grid .wf-cell.double-width {\n    width: calc(50%)*2;\n  }\n}\n@media screen and (max-width: 767px) {\n  .gallery-shortcode.gallery-masonry-shortcode-id-08398d79a0309458330f3a39e51e51cb.resize-by-browser-width .dt-css-grid {\n    grid-template-columns: repeat(2,1fr);\n  }\n  .cssgridlegacy.no-cssgrid .gallery-shortcode.gallery-masonry-shortcode-id-08398d79a0309458330f3a39e51e51cb.resize-by-browser-width .dt-css-grid .wf-cell,\n  .no-cssgridlegacy.no-cssgrid .gallery-shortcode.gallery-masonry-shortcode-id-08398d79a0309458330f3a39e51e51cb.resize-by-browser-width .dt-css-grid .wf-cell {\n    width: 50%;\n  }\n  .cssgridlegacy.no-cssgrid .gallery-shortcode.gallery-masonry-shortcode-id-08398d79a0309458330f3a39e51e51cb.resize-by-browser-width .dt-css-grid .wf-cell.double-width,\n  .no-cssgridlegacy.no-cssgrid .gallery-shortcode.gallery-masonry-shortcode-id-08398d79a0309458330f3a39e51e51cb.resize-by-browser-width .dt-css-grid .wf-cell.double-width {\n    width: calc(50%)*2;\n  }\n}<\/style><div class=\"gallery-shortcode dt-gallery-container gallery-masonry-shortcode-id-08398d79a0309458330f3a39e51e51cb mode-masonry jquery-filter dt-icon-bg-off quick-scale-img enable-bg-rollover resize-by-browser-width  hover-fade loading-effect-none description-on-hover\" data-padding=\"5px\" data-cur-page=\"1\" data-post-limit=\"-1\" data-pagination-mode=\"none\" data-desktop-columns-num=\"5\" data-v-tablet-columns-num=\"2\" data-h-tablet-columns-num=\"5\" data-phone-columns-num=\"2\" data-width=\"0px\" data-columns=\"0\"><div class=\"iso-container\" ><div class=\"wf-cell iso-item\" data-post-id=\"4244\" data-date=\"2021-06-22T19:31:06-05:00\" data-name=\"p_2016023_gamay\"><figure class=\"post visible\"><a href=\"https:\/\/agriecuador.com\/wp-content\/uploads\/2021\/06\/p_2016023_gamay.jpg\" class=\"rollover dt-pswp-item layzr-bg\" data-large_image_width=\"640\" data-large_image_height=\"480\" data-dt-img-description=\"\" title=\"p_2016023_gamay\"><img fetchpriority=\"high\" decoding=\"async\" class=\"preload-me iso-lazy-load aspect\" src=\"data:image\/svg+xml,%3Csvg%20xmlns%3D&#39;http%3A%2F%2Fwww.w3.org%2F2000%2Fsvg&#39;%20viewBox%3D&#39;0%200%20490%20368&#39;%2F%3E\" data-src=\"https:\/\/agriecuador.com\/wp-content\/uploads\/2021\/06\/p_2016023_gamay-490x368.jpg\" data-srcset=\"https:\/\/agriecuador.com\/wp-content\/uploads\/2021\/06\/p_2016023_gamay-490x368.jpg 490w, https:\/\/agriecuador.com\/wp-content\/uploads\/2021\/06\/p_2016023_gamay.jpg 639w\" loading=\"eager\" style=\"--ratio: 490 \/ 368\" sizes=\"(max-width: 490px) 100vw, 490px\" alt=\"cebolla-gamay-enza-zaden\" width=\"490\" height=\"368\"  \/><span class=\"gallery-rollover\"><span class=\"gallery-zoom-ico icomoon-the7-font-the7-zoom-06\"><span><\/span><\/span><\/span><\/a><\/figure><\/div><\/div><!-- iso-container|iso-grid --><\/div>[vc_empty_space][\/vc_column][\/vc_row][vc_row][vc_column width=&#8221;1\/4&#8243;][vc_btn title=&#8221;Cebollas&#8221; color=&#8221;primary&#8221; align=&#8221;center&#8221; css_animation=&#8221;bounceInUp&#8221; link=&#8221;url:http%3A%2F%2Fagriecuador.com%2Fcebollas%2F|title:Cebollas&#8221;][\/vc_column][vc_column width=&#8221;1\/4&#8243;][vc_btn title=&#8221;Semillas&#8221; color=&#8221;primary&#8221; align=&#8221;center&#8221; css_animation=&#8221;bounceInUp&#8221; link=&#8221;url:http%3A%2F%2Fagriecuador.com%2Fenza-zaden%2F|title:Semillas&#8221;][\/vc_column][vc_column width=&#8221;1\/4&#8243;][vc_btn title=&#8221;Oferta&#8221; color=&#8221;primary&#8221; align=&#8221;center&#8221; css_animation=&#8221;bounceInUp&#8221; link=&#8221;url:http%3A%2F%2Fagriecuador.com%2Foferta%2F|title:Oferta&#8221;][\/vc_column][vc_column width=&#8221;1\/4&#8243;][vc_btn title=&#8221;Inicio&#8221; color=&#8221;primary&#8221; align=&#8221;center&#8221; css_animation=&#8221;bounceInUp&#8221; link=&#8221;url:http%3A%2F%2Fagriecuador.com%2Finicio%2F|title:Inicio&#8221;][\/vc_column][\/vc_row]<\/p>\n<\/div>","protected":false},"excerpt":{"rendered":"<p>[vc_row][vc_column][vc_column_text]Caracter\u00edsticas:\u00a0 Material tolerante a la ra\u00edz rosada y apta para la siembra en zonas bajas Tolerante a enfermedades, especialmente mildiu velloso (\u201ccenicilla\u201d). Bulbos de excelente calidad, con buena coloraci\u00f3n roja intensa externa e internamente. Gran potencial de rendimiento por sus bulbos de buen tama\u00f1o y uniformes Material con buenas caracter\u00edsticas para almacenamiento, con muy buen&hellip;<\/p>\n","protected":false},"author":1,"featured_media":0,"parent":3169,"menu_order":0,"comment_status":"closed","ping_status":"closed","template":"","meta":{"_uag_custom_page_level_css":"","footnotes":""},"class_list":["post-3147","page","type-page","status-publish","hentry","description-off"],"uagb_featured_image_src":{"full":false,"thumbnail":false,"medium":false,"medium_large":false,"large":false,"1536x1536":false,"2048x2048":false,"awb_sm":false,"awb_md":false,"awb_lg":false,"awb_xl":false},"uagb_author_info":{"display_name":"agriwpadmin","author_link":"https:\/\/agriecuador.com\/en\/author\/agriwpadmin\/"},"uagb_comment_info":0,"uagb_excerpt":"[vc_row][vc_column][vc_column_text]Caracter\u00edsticas:\u00a0 Material tolerante a la ra\u00edz rosada y apta para la siembra en zonas bajas Tolerante a enfermedades, especialmente mildiu velloso (\u201ccenicilla\u201d). Bulbos de excelente calidad, con buena coloraci\u00f3n roja intensa externa e internamente. Gran potencial de rendimiento por sus bulbos de buen tama\u00f1o y uniformes Material con buenas caracter\u00edsticas para almacenamiento, con muy buen&hellip;","_links":{"self":[{"href":"https:\/\/agriecuador.com\/en\/wp-json\/wp\/v2\/pages\/3147","targetHints":{"allow":["GET"]}}],"collection":[{"href":"https:\/\/agriecuador.com\/en\/wp-json\/wp\/v2\/pages"}],"about":[{"href":"https:\/\/agriecuador.com\/en\/wp-json\/wp\/v2\/types\/page"}],"author":[{"embeddable":true,"href":"https:\/\/agriecuador.com\/en\/wp-json\/wp\/v2\/users\/1"}],"replies":[{"embeddable":true,"href":"https:\/\/agriecuador.com\/en\/wp-json\/wp\/v2\/comments?post=3147"}],"version-history":[{"count":2,"href":"https:\/\/agriecuador.com\/en\/wp-json\/wp\/v2\/pages\/3147\/revisions"}],"predecessor-version":[{"id":4794,"href":"https:\/\/agriecuador.com\/en\/wp-json\/wp\/v2\/pages\/3147\/revisions\/4794"}],"up":[{"embeddable":true,"href":"https:\/\/agriecuador.com\/en\/wp-json\/wp\/v2\/pages\/3169"}],"wp:attachment":[{"href":"https:\/\/agriecuador.com\/en\/wp-json\/wp\/v2\/media?parent=3147"}],"curies":[{"name":"wp","href":"https:\/\/api.w.org\/{rel}","templated":true}]}}