{"id":3145,"date":"2020-06-10T00:44:46","date_gmt":"2020-06-10T00:44:46","guid":{"rendered":"https:\/\/agriecuador.com\/?page_id=3145"},"modified":"2022-03-25T11:29:34","modified_gmt":"2022-03-25T16:29:34","slug":"malbec-f1","status":"publish","type":"page","link":"https:\/\/agriecuador.com\/en\/oferta\/semillas-de-hortalizas\/cebollas\/malbec-f1\/","title":{"rendered":"Semilla de Cebolla Malbec F1"},"content":{"rendered":"<div class=\"wpb-content-wrapper\"><p>[vc_row][vc_column]<div id=\"ultimate-heading-579869f58b2aab2a4\" class=\"uvc-heading ult-adjust-bottom-margin ultimate-heading-579869f58b2aab2a4 uvc-8462 \" data-hspacer=\"no_spacer\"  data-halign=\"center\" style=\"text-align:center\"><div class=\"uvc-heading-spacer no_spacer\" style=\"top\"><\/div><div class=\"uvc-main-heading ult-responsive\"  data-ultimate-target='.uvc-heading.ultimate-heading-579869f58b2aab2a4 h2'  data-responsive-json-new='{\"font-size\":\"\",\"line-height\":\"\"}' ><h2 style=\"font-weight:normal;\">Semilla de Cebolla Malbec F1<\/h2><\/div><\/div>[vc_column_text]<strong>Caracter\u00edsticas:<\/strong><\/p>\n<ul>\n<li class=\"p3\">Cebolla h\u00edbrida precoz de d\u00edas cortos.<\/li>\n<li class=\"p3\">Material flexible (rusticidad) con buena adaptaci\u00f3n a diferentes condiciones de altitud y clima, especialmente en altura (sobre 2800 m.s.n.m), con bajo porcentaje de florecimiento y centros dobles.<\/li>\n<li class=\"p3\">Sistema foliar vigoroso y fuerte, con muy buena tolerancia a enfermedades, especialmente mildiu velloso (\u201ccenicilla\u201d).<\/li>\n<li class=\"p3\">Bulbos de excelente calidad, de forma globo ligeramente aplanado, muy firmes, extremadamente uniformes, con buena coloraci\u00f3n roja intensa externa e internamente, y buena resistencia a ra\u00edz rosada.<\/li>\n<li class=\"p3\">Cebolla con alto potencial de rendimiento por sus bulbos de buen tama\u00f1o y uniformes.<\/li>\n<li class=\"p3\">Material con buenas caracter\u00edsticas para almacenamiento, con muy buen cierre de cuello.<\/li>\n<\/ul>\n<p><strong>Ventajas:<\/strong><\/p>\n<ul>\n<li class=\"p3\">F\u00e1cilmente aceptada en el mercado por su calidad, forma y color.<\/li>\n<li class=\"p3\">Mayor rendimiento por su uniformidad, aprovechamiento y tama\u00f1o de bulbos.<\/li>\n<li class=\"p3\">Material flexible, f\u00e1cil de crecer por su adaptaci\u00f3n a diferentes condiciones, especialmente en altura.<\/li>\n<li class=\"p3\">Ahorro en aplicaciones fitosanitarias por sus resistencia y tolerancia a enfermedades.<\/li>\n<li class=\"p3\">Adecuada para almacenar.<\/li>\n<\/ul>\n<p>[\/vc_column_text]<style type=\"text\/css\" data-type=\"the7_shortcodes-inline-css\">.gallery-shortcode.gallery-masonry-shortcode-id-b34e0b8ecd05cfc6444f4bc578bbdf2d figure,\n.gallery-shortcode.gallery-masonry-shortcode-id-b34e0b8ecd05cfc6444f4bc578bbdf2d .rollover,\n.gallery-shortcode.gallery-masonry-shortcode-id-b34e0b8ecd05cfc6444f4bc578bbdf2d img,\n.gallery-shortcode.gallery-masonry-shortcode-id-b34e0b8ecd05cfc6444f4bc578bbdf2d .gallery-rollover {\n  border-radius: 0px;\n}\n.gallery-shortcode.gallery-masonry-shortcode-id-b34e0b8ecd05cfc6444f4bc578bbdf2d.enable-bg-rollover .gallery-rollover {\n  background: -webkit-linear-gradient();\n  background: linear-gradient();\n}\n.gallery-shortcode.gallery-masonry-shortcode-id-b34e0b8ecd05cfc6444f4bc578bbdf2d.enable-bg-rollover.hover-scale figure .rollover:after {\n  background: -webkit-linear-gradient();\n  background: linear-gradient();\n}\n.gallery-shortcode.gallery-masonry-shortcode-id-b34e0b8ecd05cfc6444f4bc578bbdf2d .gallery-zoom-ico {\n  width: 44px;\n  height: 44px;\n  line-height: 44px;\n  border-radius: 100px;\n  margin: -22px 0 0 -22px;\n  border-width: 0px;\n  color: #ffffff;\n}\n.dt-icon-bg-on.gallery-shortcode.gallery-masonry-shortcode-id-b34e0b8ecd05cfc6444f4bc578bbdf2d .gallery-zoom-ico {\n  background: rgba(255,255,255,0.3);\n  box-shadow: none;\n}\n.gallery-shortcode.gallery-masonry-shortcode-id-b34e0b8ecd05cfc6444f4bc578bbdf2d .gallery-zoom-ico:before,\n.gallery-shortcode.gallery-masonry-shortcode-id-b34e0b8ecd05cfc6444f4bc578bbdf2d .gallery-zoom-ico span {\n  font-size: 32px;\n  line-height: 44px;\n  color: #ffffff;\n}\n.gallery-shortcode.gallery-masonry-shortcode-id-b34e0b8ecd05cfc6444f4bc578bbdf2d:not(.resize-by-browser-width) .dt-css-grid {\n  grid-row-gap: 10px;\n  grid-column-gap: 10px;\n  grid-template-columns: repeat(auto-fill,minmax(,1fr));\n}\n.gallery-shortcode.gallery-masonry-shortcode-id-b34e0b8ecd05cfc6444f4bc578bbdf2d:not(.resize-by-browser-width) .dt-css-grid .double-width {\n  grid-column: span 2;\n}\n.cssgridlegacy.no-cssgrid .gallery-shortcode.gallery-masonry-shortcode-id-b34e0b8ecd05cfc6444f4bc578bbdf2d:not(.resize-by-browser-width) .dt-css-grid,\n.no-cssgridlegacy.no-cssgrid .gallery-shortcode.gallery-masonry-shortcode-id-b34e0b8ecd05cfc6444f4bc578bbdf2d:not(.resize-by-browser-width) .dt-css-grid {\n  display: flex;\n  flex-flow: row wrap;\n  margin: -5px;\n}\n.cssgridlegacy.no-cssgrid .gallery-shortcode.gallery-masonry-shortcode-id-b34e0b8ecd05cfc6444f4bc578bbdf2d:not(.resize-by-browser-width) .dt-css-grid .wf-cell,\n.no-cssgridlegacy.no-cssgrid .gallery-shortcode.gallery-masonry-shortcode-id-b34e0b8ecd05cfc6444f4bc578bbdf2d:not(.resize-by-browser-width) .dt-css-grid .wf-cell {\n  flex: 1 0 ;\n  max-width: 100%;\n  padding: 5px;\n  box-sizing: border-box;\n}\n.gallery-shortcode.gallery-masonry-shortcode-id-b34e0b8ecd05cfc6444f4bc578bbdf2d.resize-by-browser-width .dt-css-grid {\n  grid-template-columns: repeat(5,1fr);\n  grid-template-rows: auto;\n  grid-column-gap: 10px;\n  grid-row-gap: 10px;\n}\n.gallery-shortcode.gallery-masonry-shortcode-id-b34e0b8ecd05cfc6444f4bc578bbdf2d.resize-by-browser-width .dt-css-grid .double-width {\n  grid-column: span 2;\n}\n.cssgridlegacy.no-cssgrid .gallery-shortcode.gallery-masonry-shortcode-id-b34e0b8ecd05cfc6444f4bc578bbdf2d.resize-by-browser-width .dt-css-grid {\n  margin: -5px;\n}\n.cssgridlegacy.no-cssgrid .gallery-shortcode.gallery-masonry-shortcode-id-b34e0b8ecd05cfc6444f4bc578bbdf2d.resize-by-browser-width .dt-css-grid .wf-cell {\n  width: 20%;\n  padding: 5px;\n}\n.cssgridlegacy.no-cssgrid .gallery-shortcode.gallery-masonry-shortcode-id-b34e0b8ecd05cfc6444f4bc578bbdf2d.resize-by-browser-width .dt-css-grid .wf-cell.double-width {\n  width: calc(20%) * 2;\n}\n.gallery-shortcode.gallery-masonry-shortcode-id-b34e0b8ecd05cfc6444f4bc578bbdf2d.resize-by-browser-width:not(.centered-layout-list):not(.content-bg-on) .dt-css-grid {\n  grid-row-gap: 10px - ;\n}\n@media screen and (max-width: 1199px) {\n  .gallery-shortcode.gallery-masonry-shortcode-id-b34e0b8ecd05cfc6444f4bc578bbdf2d.resize-by-browser-width .dt-css-grid {\n    grid-template-columns: repeat(5,1fr);\n  }\n  .cssgridlegacy.no-cssgrid .gallery-shortcode.gallery-masonry-shortcode-id-b34e0b8ecd05cfc6444f4bc578bbdf2d.resize-by-browser-width .dt-css-grid .wf-cell,\n  .no-cssgridlegacy.no-cssgrid .gallery-shortcode.gallery-masonry-shortcode-id-b34e0b8ecd05cfc6444f4bc578bbdf2d.resize-by-browser-width .dt-css-grid .wf-cell {\n    width: 20%;\n  }\n  .cssgridlegacy.no-cssgrid .gallery-shortcode.gallery-masonry-shortcode-id-b34e0b8ecd05cfc6444f4bc578bbdf2d.resize-by-browser-width .dt-css-grid .wf-cell.double-width,\n  .no-cssgridlegacy.no-cssgrid .gallery-shortcode.gallery-masonry-shortcode-id-b34e0b8ecd05cfc6444f4bc578bbdf2d.resize-by-browser-width .dt-css-grid .wf-cell.double-width {\n    width: calc(20%)*2;\n  }\n}\n@media screen and (max-width: 991px) {\n  .gallery-shortcode.gallery-masonry-shortcode-id-b34e0b8ecd05cfc6444f4bc578bbdf2d.resize-by-browser-width .dt-css-grid {\n    grid-template-columns: repeat(2,1fr);\n  }\n  .cssgridlegacy.no-cssgrid .gallery-shortcode.gallery-masonry-shortcode-id-b34e0b8ecd05cfc6444f4bc578bbdf2d.resize-by-browser-width .dt-css-grid .wf-cell,\n  .no-cssgridlegacy.no-cssgrid .gallery-shortcode.gallery-masonry-shortcode-id-b34e0b8ecd05cfc6444f4bc578bbdf2d.resize-by-browser-width .dt-css-grid .wf-cell {\n    width: 50%;\n  }\n  .cssgridlegacy.no-cssgrid .gallery-shortcode.gallery-masonry-shortcode-id-b34e0b8ecd05cfc6444f4bc578bbdf2d.resize-by-browser-width .dt-css-grid .wf-cell.double-width,\n  .no-cssgridlegacy.no-cssgrid .gallery-shortcode.gallery-masonry-shortcode-id-b34e0b8ecd05cfc6444f4bc578bbdf2d.resize-by-browser-width .dt-css-grid .wf-cell.double-width {\n    width: calc(50%)*2;\n  }\n}\n@media screen and (max-width: 767px) {\n  .gallery-shortcode.gallery-masonry-shortcode-id-b34e0b8ecd05cfc6444f4bc578bbdf2d.resize-by-browser-width .dt-css-grid {\n    grid-template-columns: repeat(2,1fr);\n  }\n  .cssgridlegacy.no-cssgrid .gallery-shortcode.gallery-masonry-shortcode-id-b34e0b8ecd05cfc6444f4bc578bbdf2d.resize-by-browser-width .dt-css-grid .wf-cell,\n  .no-cssgridlegacy.no-cssgrid .gallery-shortcode.gallery-masonry-shortcode-id-b34e0b8ecd05cfc6444f4bc578bbdf2d.resize-by-browser-width .dt-css-grid .wf-cell {\n    width: 50%;\n  }\n  .cssgridlegacy.no-cssgrid .gallery-shortcode.gallery-masonry-shortcode-id-b34e0b8ecd05cfc6444f4bc578bbdf2d.resize-by-browser-width .dt-css-grid .wf-cell.double-width,\n  .no-cssgridlegacy.no-cssgrid .gallery-shortcode.gallery-masonry-shortcode-id-b34e0b8ecd05cfc6444f4bc578bbdf2d.resize-by-browser-width .dt-css-grid .wf-cell.double-width {\n    width: calc(50%)*2;\n  }\n}<\/style><div class=\"gallery-shortcode dt-gallery-container gallery-masonry-shortcode-id-b34e0b8ecd05cfc6444f4bc578bbdf2d mode-masonry jquery-filter dt-icon-bg-off quick-scale-img enable-bg-rollover resize-by-browser-width  hover-fade loading-effect-none description-on-hover\" data-padding=\"5px\" data-cur-page=\"1\" data-post-limit=\"-1\" data-pagination-mode=\"none\" data-desktop-columns-num=\"5\" data-v-tablet-columns-num=\"2\" data-h-tablet-columns-num=\"5\" data-phone-columns-num=\"2\" data-width=\"0px\" data-columns=\"0\"><div class=\"iso-container\" ><div class=\"wf-cell iso-item\" data-post-id=\"3537\" data-date=\"2020-08-31T02:02:09-05:00\" data-name=\"cebolla\"><figure class=\"post visible\"><a href=\"https:\/\/agriecuador.com\/wp-content\/uploads\/2020\/08\/cebolla.png\" class=\"rollover dt-pswp-item layzr-bg\" data-large_image_width=\"626\" data-large_image_height=\"835\" data-dt-img-description=\"\" title=\"cebolla\"><img fetchpriority=\"high\" decoding=\"async\" class=\"preload-me iso-lazy-load aspect\" src=\"data:image\/svg+xml,%3Csvg%20xmlns%3D&#39;http%3A%2F%2Fwww.w3.org%2F2000%2Fsvg&#39;%20viewBox%3D&#39;0%200%20490%20654&#39;%2F%3E\" data-src=\"https:\/\/agriecuador.com\/wp-content\/uploads\/2020\/08\/cebolla-490x654.png\" data-srcset=\"https:\/\/agriecuador.com\/wp-content\/uploads\/2020\/08\/cebolla-490x654.png 490w, https:\/\/agriecuador.com\/wp-content\/uploads\/2020\/08\/cebolla.png 625w\" loading=\"eager\" style=\"--ratio: 490 \/ 654\" sizes=\"(max-width: 490px) 100vw, 490px\" alt=\"cebolla-malbec-\" width=\"490\" height=\"654\"  \/><span class=\"gallery-rollover\"><span class=\"gallery-zoom-ico icomoon-the7-font-the7-zoom-06\"><span><\/span><\/span><\/span><\/a><\/figure><\/div><div class=\"wf-cell iso-item\" data-post-id=\"3539\" data-date=\"2020-08-31T02:02:20-05:00\" data-name=\"cebolla2\"><figure class=\"post visible\"><a href=\"https:\/\/agriecuador.com\/wp-content\/uploads\/2020\/08\/cebolla2.png\" class=\"rollover dt-pswp-item layzr-bg\" data-large_image_width=\"626\" data-large_image_height=\"835\" data-dt-img-description=\"\" title=\"cebolla2\"><img decoding=\"async\" class=\"preload-me iso-lazy-load aspect\" src=\"data:image\/svg+xml,%3Csvg%20xmlns%3D&#39;http%3A%2F%2Fwww.w3.org%2F2000%2Fsvg&#39;%20viewBox%3D&#39;0%200%20490%20654&#39;%2F%3E\" data-src=\"https:\/\/agriecuador.com\/wp-content\/uploads\/2020\/08\/cebolla2-490x654.png\" data-srcset=\"https:\/\/agriecuador.com\/wp-content\/uploads\/2020\/08\/cebolla2-490x654.png 490w, https:\/\/agriecuador.com\/wp-content\/uploads\/2020\/08\/cebolla2.png 625w\" loading=\"eager\" style=\"--ratio: 490 \/ 654\" sizes=\"(max-width: 490px) 100vw, 490px\" alt=\"\" width=\"490\" height=\"654\"  \/><span class=\"gallery-rollover\"><span class=\"gallery-zoom-ico icomoon-the7-font-the7-zoom-06\"><span><\/span><\/span><\/span><\/a><\/figure><\/div><div class=\"wf-cell iso-item\" data-post-id=\"3601\" data-date=\"2020-09-21T10:49:07-05:00\" data-name=\"malbec\"><figure class=\"post visible\"><a href=\"https:\/\/agriecuador.com\/wp-content\/uploads\/2020\/09\/malbec.png\" class=\"rollover dt-pswp-item layzr-bg\" data-large_image_width=\"768\" data-large_image_height=\"1024\" data-dt-img-description=\"\" title=\"malbec\"><img decoding=\"async\" class=\"preload-me iso-lazy-load aspect\" src=\"data:image\/svg+xml,%3Csvg%20xmlns%3D&#39;http%3A%2F%2Fwww.w3.org%2F2000%2Fsvg&#39;%20viewBox%3D&#39;0%200%20490%20653&#39;%2F%3E\" data-src=\"https:\/\/agriecuador.com\/wp-content\/uploads\/2020\/09\/malbec-490x653.png\" data-srcset=\"https:\/\/agriecuador.com\/wp-content\/uploads\/2020\/09\/malbec-490x653.png 490w, https:\/\/agriecuador.com\/wp-content\/uploads\/2020\/09\/malbec-735x980.png 735w\" loading=\"eager\" style=\"--ratio: 490 \/ 653\" sizes=\"(max-width: 490px) 100vw, 490px\" alt=\"\" width=\"490\" height=\"653\"  \/><span class=\"gallery-rollover\"><span class=\"gallery-zoom-ico icomoon-the7-font-the7-zoom-06\"><span><\/span><\/span><\/span><\/a><\/figure><\/div><div class=\"wf-cell iso-item\" data-post-id=\"4282\" data-date=\"2021-07-19T15:43:43-05:00\" data-name=\"malbec2\"><figure class=\"post visible\"><a href=\"https:\/\/agriecuador.com\/wp-content\/uploads\/2021\/07\/WhatsApp-Image-2021-07-16-at-10.21.24-2.jpeg\" class=\"rollover dt-pswp-item layzr-bg\" data-large_image_width=\"1200\" data-large_image_height=\"1600\" data-dt-img-description=\"\" title=\"malbec2\"><img decoding=\"async\" class=\"preload-me iso-lazy-load aspect\" src=\"data:image\/svg+xml,%3Csvg%20xmlns%3D&#39;http%3A%2F%2Fwww.w3.org%2F2000%2Fsvg&#39;%20viewBox%3D&#39;0%200%20490%20653&#39;%2F%3E\" data-src=\"https:\/\/agriecuador.com\/wp-content\/uploads\/2021\/07\/WhatsApp-Image-2021-07-16-at-10.21.24-2-490x653.jpeg\" data-srcset=\"https:\/\/agriecuador.com\/wp-content\/uploads\/2021\/07\/WhatsApp-Image-2021-07-16-at-10.21.24-2-490x653.jpeg 490w, https:\/\/agriecuador.com\/wp-content\/uploads\/2021\/07\/WhatsApp-Image-2021-07-16-at-10.21.24-2-735x980.jpeg 735w\" loading=\"eager\" style=\"--ratio: 490 \/ 653\" sizes=\"(max-width: 490px) 100vw, 490px\" alt=\"cebolla-malbec-f1\" width=\"490\" height=\"653\"  \/><span class=\"gallery-rollover\"><span class=\"gallery-zoom-ico icomoon-the7-font-the7-zoom-06\"><span><\/span><\/span><\/span><\/a><\/figure><\/div><\/div><!-- iso-container|iso-grid --><\/div>[vc_empty_space][\/vc_column][\/vc_row][vc_row][vc_column width=&#8221;1\/4&#8243;][vc_btn title=&#8221;Cebollas&#8221; color=&#8221;primary&#8221; align=&#8221;center&#8221; css_animation=&#8221;bounceInUp&#8221; link=&#8221;url:http%3A%2F%2Fagriecuador.com%2Fcebollas%2F|title:Cebollas||&#8221;][\/vc_column][vc_column width=&#8221;1\/4&#8243;][vc_btn title=&#8221;Semillas&#8221; color=&#8221;primary&#8221; align=&#8221;center&#8221; css_animation=&#8221;bounceInUp&#8221; link=&#8221;url:http%3A%2F%2Fagriecuador.com%2Fenza-zaden%2F|title:Semillas||&#8221;][\/vc_column][vc_column width=&#8221;1\/4&#8243;][vc_btn title=&#8221;Oferta&#8221; color=&#8221;primary&#8221; align=&#8221;center&#8221; css_animation=&#8221;bounceInUp&#8221; link=&#8221;url:http%3A%2F%2Fagriecuador.com%2Foferta%2F|title:Oferta||&#8221;][\/vc_column][vc_column width=&#8221;1\/4&#8243;][vc_btn title=&#8221;Inicio&#8221; color=&#8221;primary&#8221; align=&#8221;center&#8221; css_animation=&#8221;bounceInUp&#8221; link=&#8221;url:http%3A%2F%2Fagriecuador.com|title:Inicio||&#8221;][\/vc_column][\/vc_row]<\/p>\n<\/div>","protected":false},"excerpt":{"rendered":"<p>[vc_row][vc_column][vc_column_text]Caracter\u00edsticas: Cebolla h\u00edbrida precoz de d\u00edas cortos. Material flexible (rusticidad) con buena adaptaci\u00f3n a diferentes condiciones de altitud y clima, especialmente en altura (sobre 2800 m.s.n.m), con bajo porcentaje de florecimiento y centros dobles. Sistema foliar vigoroso y fuerte, con muy buena tolerancia a enfermedades, especialmente mildiu velloso (\u201ccenicilla\u201d). Bulbos de excelente calidad, de forma&hellip;<\/p>\n","protected":false},"author":1,"featured_media":0,"parent":3169,"menu_order":0,"comment_status":"closed","ping_status":"closed","template":"","meta":{"_uag_custom_page_level_css":"","footnotes":""},"class_list":["post-3145","page","type-page","status-publish","hentry","description-off"],"uagb_featured_image_src":{"full":false,"thumbnail":false,"medium":false,"medium_large":false,"large":false,"1536x1536":false,"2048x2048":false,"awb_sm":false,"awb_md":false,"awb_lg":false,"awb_xl":false},"uagb_author_info":{"display_name":"agriwpadmin","author_link":"https:\/\/agriecuador.com\/en\/author\/agriwpadmin\/"},"uagb_comment_info":0,"uagb_excerpt":"[vc_row][vc_column][vc_column_text]Caracter\u00edsticas: Cebolla h\u00edbrida precoz de d\u00edas cortos. Material flexible (rusticidad) con buena adaptaci\u00f3n a diferentes condiciones de altitud y clima, especialmente en altura (sobre 2800 m.s.n.m), con bajo porcentaje de florecimiento y centros dobles. Sistema foliar vigoroso y fuerte, con muy buena tolerancia a enfermedades, especialmente mildiu velloso (\u201ccenicilla\u201d). Bulbos de excelente calidad, de forma&hellip;","_links":{"self":[{"href":"https:\/\/agriecuador.com\/en\/wp-json\/wp\/v2\/pages\/3145","targetHints":{"allow":["GET"]}}],"collection":[{"href":"https:\/\/agriecuador.com\/en\/wp-json\/wp\/v2\/pages"}],"about":[{"href":"https:\/\/agriecuador.com\/en\/wp-json\/wp\/v2\/types\/page"}],"author":[{"embeddable":true,"href":"https:\/\/agriecuador.com\/en\/wp-json\/wp\/v2\/users\/1"}],"replies":[{"embeddable":true,"href":"https:\/\/agriecuador.com\/en\/wp-json\/wp\/v2\/comments?post=3145"}],"version-history":[{"count":1,"href":"https:\/\/agriecuador.com\/en\/wp-json\/wp\/v2\/pages\/3145\/revisions"}],"predecessor-version":[{"id":4795,"href":"https:\/\/agriecuador.com\/en\/wp-json\/wp\/v2\/pages\/3145\/revisions\/4795"}],"up":[{"embeddable":true,"href":"https:\/\/agriecuador.com\/en\/wp-json\/wp\/v2\/pages\/3169"}],"wp:attachment":[{"href":"https:\/\/agriecuador.com\/en\/wp-json\/wp\/v2\/media?parent=3145"}],"curies":[{"name":"wp","href":"https:\/\/api.w.org\/{rel}","templated":true}]}}