{"id":3143,"date":"2020-06-10T00:44:16","date_gmt":"2020-06-10T00:44:16","guid":{"rendered":"https:\/\/agriecuador.com\/?page_id=3143"},"modified":"2022-03-25T11:37:09","modified_gmt":"2022-03-25T16:37:09","slug":"estamino-f1","status":"publish","type":"page","link":"https:\/\/agriecuador.com\/en\/oferta\/enza-zaden\/portainjertos-de-tomates\/estamino-f1\/","title":{"rendered":"Semilla de Portainjerto de Tomate Estamino F1"},"content":{"rendered":"<div class=\"wpb-content-wrapper\"><p>[vc_row][vc_column]<div id=\"ultimate-heading-552569f2506534216\" class=\"uvc-heading ult-adjust-bottom-margin ultimate-heading-552569f2506534216 uvc-7589 \" data-hspacer=\"no_spacer\"  data-halign=\"center\" style=\"text-align:center\"><div class=\"uvc-heading-spacer no_spacer\" style=\"top\"><\/div><div class=\"uvc-main-heading ult-responsive\"  data-ultimate-target='.uvc-heading.ultimate-heading-552569f2506534216 h2'  data-responsive-json-new='{\"font-size\":\"\",\"line-height\":\"\"}' ><h2 style=\"font-weight:normal;\">Semilla de Portainjerto de Tomate Estamino F1<\/h2><\/div><\/div>[vc_column_text]<strong>Caracter\u00edsticas:<\/strong><\/p>\n<ul>\n<li class=\"p3\">Portainjerto fuerte y vigoroso (vigor medio-alto) con un efecto generativo positivo sobre el crecimiento del cultivar injertado en \u00e9l.<\/li>\n<li class=\"p3\">Permite mantener la planta compacta. No tiene un efecto vegetativo excesivo en el cultivar injertado en \u00e9l.<\/li>\n<li class=\"p3\">Balance y equilibrio adecuado entre vigor y floraci\u00f3n.<\/li>\n<li class=\"p3\">Mantiene buenos calibres hasta el final del ciclo.<\/li>\n<li class=\"p3\">Portainjerto con m\u00faltiples resistencias.<\/li>\n<li class=\"p3\">Estamino es definitivamente un portainjerto para los productores que tienen problemas para controlar el crecimiento vegetativo excesivo en sus cultivos.<\/li>\n<\/ul>\n<p><strong>Resistencias:<\/strong><\/p>\n<ul>\n<li class=\"p3\">RA: ToMV:0-2\/Ff:A-E\/Pl\/Va:0\/Vd:0\/Fol:0-2\/For<\/li>\n<li class=\"p3\">RI: TSWV\/Ma\/Mi\/Mj<\/li>\n<\/ul>\n<p><strong>Ventajas:<\/strong><\/p>\n<ul>\n<li class=\"p3\">Incrementa el tiempo de cosecha del cultivo.<\/li>\n<li class=\"p3\">Productividad debido al \u201calargue de cosecha\u201d, incremento y uniformidad del tama\u00f1o de fruto.<\/li>\n<li class=\"p3\">Ahorro en aplicaciones fitosanitarias por la fortaleza y resistencia del material.<\/li>\n<li class=\"p3\">Permite producir en condiciones que un material solo no podr\u00eda, como suelos cansados, suelos con nem\u00e1todos y con problemas de enfermedades.<\/li>\n<\/ul>\n<p>[\/vc_column_text]<style type=\"text\/css\" data-type=\"the7_shortcodes-inline-css\">.gallery-shortcode.gallery-masonry-shortcode-id-23ce3c9ac333dcaee8682c84917d3d90 figure,\n.gallery-shortcode.gallery-masonry-shortcode-id-23ce3c9ac333dcaee8682c84917d3d90 .rollover,\n.gallery-shortcode.gallery-masonry-shortcode-id-23ce3c9ac333dcaee8682c84917d3d90 img,\n.gallery-shortcode.gallery-masonry-shortcode-id-23ce3c9ac333dcaee8682c84917d3d90 .gallery-rollover {\n  border-radius: 0px;\n}\n.gallery-shortcode.gallery-masonry-shortcode-id-23ce3c9ac333dcaee8682c84917d3d90.enable-bg-rollover .gallery-rollover {\n  background: -webkit-linear-gradient();\n  background: linear-gradient();\n}\n.gallery-shortcode.gallery-masonry-shortcode-id-23ce3c9ac333dcaee8682c84917d3d90.enable-bg-rollover.hover-scale figure .rollover:after {\n  background: -webkit-linear-gradient();\n  background: linear-gradient();\n}\n.gallery-shortcode.gallery-masonry-shortcode-id-23ce3c9ac333dcaee8682c84917d3d90 .gallery-zoom-ico {\n  width: 44px;\n  height: 44px;\n  line-height: 44px;\n  border-radius: 100px;\n  margin: -22px 0 0 -22px;\n  border-width: 0px;\n  color: #ffffff;\n}\n.dt-icon-bg-on.gallery-shortcode.gallery-masonry-shortcode-id-23ce3c9ac333dcaee8682c84917d3d90 .gallery-zoom-ico {\n  background: rgba(255,255,255,0.3);\n  box-shadow: none;\n}\n.gallery-shortcode.gallery-masonry-shortcode-id-23ce3c9ac333dcaee8682c84917d3d90 .gallery-zoom-ico:before,\n.gallery-shortcode.gallery-masonry-shortcode-id-23ce3c9ac333dcaee8682c84917d3d90 .gallery-zoom-ico span {\n  font-size: 32px;\n  line-height: 44px;\n  color: #ffffff;\n}\n.gallery-shortcode.gallery-masonry-shortcode-id-23ce3c9ac333dcaee8682c84917d3d90:not(.resize-by-browser-width) .dt-css-grid {\n  grid-row-gap: 10px;\n  grid-column-gap: 10px;\n  grid-template-columns: repeat(auto-fill,minmax(,1fr));\n}\n.gallery-shortcode.gallery-masonry-shortcode-id-23ce3c9ac333dcaee8682c84917d3d90:not(.resize-by-browser-width) .dt-css-grid .double-width {\n  grid-column: span 2;\n}\n.cssgridlegacy.no-cssgrid .gallery-shortcode.gallery-masonry-shortcode-id-23ce3c9ac333dcaee8682c84917d3d90:not(.resize-by-browser-width) .dt-css-grid,\n.no-cssgridlegacy.no-cssgrid .gallery-shortcode.gallery-masonry-shortcode-id-23ce3c9ac333dcaee8682c84917d3d90:not(.resize-by-browser-width) .dt-css-grid {\n  display: flex;\n  flex-flow: row wrap;\n  margin: -5px;\n}\n.cssgridlegacy.no-cssgrid .gallery-shortcode.gallery-masonry-shortcode-id-23ce3c9ac333dcaee8682c84917d3d90:not(.resize-by-browser-width) .dt-css-grid .wf-cell,\n.no-cssgridlegacy.no-cssgrid .gallery-shortcode.gallery-masonry-shortcode-id-23ce3c9ac333dcaee8682c84917d3d90:not(.resize-by-browser-width) .dt-css-grid .wf-cell {\n  flex: 1 0 ;\n  max-width: 100%;\n  padding: 5px;\n  box-sizing: border-box;\n}\n.gallery-shortcode.gallery-masonry-shortcode-id-23ce3c9ac333dcaee8682c84917d3d90.resize-by-browser-width .dt-css-grid {\n  grid-template-columns: repeat(3,1fr);\n  grid-template-rows: auto;\n  grid-column-gap: 10px;\n  grid-row-gap: 10px;\n}\n.gallery-shortcode.gallery-masonry-shortcode-id-23ce3c9ac333dcaee8682c84917d3d90.resize-by-browser-width .dt-css-grid .double-width {\n  grid-column: span 2;\n}\n.cssgridlegacy.no-cssgrid .gallery-shortcode.gallery-masonry-shortcode-id-23ce3c9ac333dcaee8682c84917d3d90.resize-by-browser-width .dt-css-grid {\n  margin: -5px;\n}\n.cssgridlegacy.no-cssgrid .gallery-shortcode.gallery-masonry-shortcode-id-23ce3c9ac333dcaee8682c84917d3d90.resize-by-browser-width .dt-css-grid .wf-cell {\n  width: 33.333333333333%;\n  padding: 5px;\n}\n.cssgridlegacy.no-cssgrid .gallery-shortcode.gallery-masonry-shortcode-id-23ce3c9ac333dcaee8682c84917d3d90.resize-by-browser-width .dt-css-grid .wf-cell.double-width {\n  width: calc(33.333333333333%) * 2;\n}\n.gallery-shortcode.gallery-masonry-shortcode-id-23ce3c9ac333dcaee8682c84917d3d90.resize-by-browser-width:not(.centered-layout-list):not(.content-bg-on) .dt-css-grid {\n  grid-row-gap: 10px - ;\n}\n@media screen and (max-width: 1199px) {\n  .gallery-shortcode.gallery-masonry-shortcode-id-23ce3c9ac333dcaee8682c84917d3d90.resize-by-browser-width .dt-css-grid {\n    grid-template-columns: repeat(3,1fr);\n  }\n  .cssgridlegacy.no-cssgrid .gallery-shortcode.gallery-masonry-shortcode-id-23ce3c9ac333dcaee8682c84917d3d90.resize-by-browser-width .dt-css-grid .wf-cell,\n  .no-cssgridlegacy.no-cssgrid .gallery-shortcode.gallery-masonry-shortcode-id-23ce3c9ac333dcaee8682c84917d3d90.resize-by-browser-width .dt-css-grid .wf-cell {\n    width: 33.333333333333%;\n  }\n  .cssgridlegacy.no-cssgrid .gallery-shortcode.gallery-masonry-shortcode-id-23ce3c9ac333dcaee8682c84917d3d90.resize-by-browser-width .dt-css-grid .wf-cell.double-width,\n  .no-cssgridlegacy.no-cssgrid .gallery-shortcode.gallery-masonry-shortcode-id-23ce3c9ac333dcaee8682c84917d3d90.resize-by-browser-width .dt-css-grid .wf-cell.double-width {\n    width: calc(33.333333333333%)*2;\n  }\n}\n@media screen and (max-width: 991px) {\n  .gallery-shortcode.gallery-masonry-shortcode-id-23ce3c9ac333dcaee8682c84917d3d90.resize-by-browser-width .dt-css-grid {\n    grid-template-columns: repeat(1,1fr);\n  }\n  .cssgridlegacy.no-cssgrid .gallery-shortcode.gallery-masonry-shortcode-id-23ce3c9ac333dcaee8682c84917d3d90.resize-by-browser-width .dt-css-grid .wf-cell,\n  .no-cssgridlegacy.no-cssgrid .gallery-shortcode.gallery-masonry-shortcode-id-23ce3c9ac333dcaee8682c84917d3d90.resize-by-browser-width .dt-css-grid .wf-cell {\n    width: 100%;\n  }\n  .cssgridlegacy.no-cssgrid .gallery-shortcode.gallery-masonry-shortcode-id-23ce3c9ac333dcaee8682c84917d3d90.resize-by-browser-width .dt-css-grid .wf-cell.double-width,\n  .no-cssgridlegacy.no-cssgrid .gallery-shortcode.gallery-masonry-shortcode-id-23ce3c9ac333dcaee8682c84917d3d90.resize-by-browser-width .dt-css-grid .wf-cell.double-width {\n    width: calc(100%)*2;\n  }\n}\n@media screen and (max-width: 767px) {\n  .gallery-shortcode.gallery-masonry-shortcode-id-23ce3c9ac333dcaee8682c84917d3d90.resize-by-browser-width .dt-css-grid {\n    grid-template-columns: repeat(1,1fr);\n  }\n  .cssgridlegacy.no-cssgrid .gallery-shortcode.gallery-masonry-shortcode-id-23ce3c9ac333dcaee8682c84917d3d90.resize-by-browser-width .dt-css-grid .wf-cell,\n  .no-cssgridlegacy.no-cssgrid .gallery-shortcode.gallery-masonry-shortcode-id-23ce3c9ac333dcaee8682c84917d3d90.resize-by-browser-width .dt-css-grid .wf-cell {\n    width: 100%;\n  }\n  .cssgridlegacy.no-cssgrid .gallery-shortcode.gallery-masonry-shortcode-id-23ce3c9ac333dcaee8682c84917d3d90.resize-by-browser-width .dt-css-grid .wf-cell.double-width,\n  .no-cssgridlegacy.no-cssgrid .gallery-shortcode.gallery-masonry-shortcode-id-23ce3c9ac333dcaee8682c84917d3d90.resize-by-browser-width .dt-css-grid .wf-cell.double-width {\n    width: calc(100%)*2;\n  }\n}<\/style><div class=\"gallery-shortcode dt-gallery-container gallery-masonry-shortcode-id-23ce3c9ac333dcaee8682c84917d3d90 mode-masonry jquery-filter dt-icon-bg-off quick-scale-img enable-bg-rollover resize-by-browser-width  hover-fade loading-effect-none description-on-hover\" data-padding=\"5px\" data-cur-page=\"1\" data-post-limit=\"-1\" data-pagination-mode=\"none\" data-desktop-columns-num=\"3\" data-v-tablet-columns-num=\"1\" data-h-tablet-columns-num=\"3\" data-phone-columns-num=\"1\" data-width=\"0px\" data-columns=\"0\"><div class=\"iso-container\" ><div class=\"wf-cell iso-item\" data-post-id=\"3525\" data-date=\"2020-08-30T23:47:07-05:00\" data-name=\"estamino\"><figure class=\"post visible\"><a href=\"https:\/\/agriecuador.com\/wp-content\/uploads\/2020\/08\/estamino.jpeg\" class=\"rollover dt-pswp-item layzr-bg\" data-large_image_width=\"768\" data-large_image_height=\"1024\" data-dt-img-description=\"\" title=\"estamino\"><img fetchpriority=\"high\" decoding=\"async\" class=\"preload-me iso-lazy-load aspect\" src=\"data:image\/svg+xml,%3Csvg%20xmlns%3D&#39;http%3A%2F%2Fwww.w3.org%2F2000%2Fsvg&#39;%20viewBox%3D&#39;0%200%20768%201024&#39;%2F%3E\" data-src=\"https:\/\/agriecuador.com\/wp-content\/uploads\/2020\/08\/estamino.jpeg\" data-srcset=\"https:\/\/agriecuador.com\/wp-content\/uploads\/2020\/08\/estamino.jpeg 768w\" loading=\"eager\" style=\"--ratio: 768 \/ 1024\" sizes=\"(max-width: 768px) 100vw, 768px\" alt=\"portainjerto-estamino\" width=\"768\" height=\"1024\"  \/><span class=\"gallery-rollover\"><span class=\"gallery-zoom-ico icomoon-the7-font-the7-zoom-06\"><span><\/span><\/span><\/span><\/a><\/figure><\/div><div class=\"wf-cell iso-item\" data-post-id=\"3597\" data-date=\"2020-09-21T10:44:04-05:00\" data-name=\"estamino1\"><figure class=\"post visible\"><a href=\"https:\/\/agriecuador.com\/wp-content\/uploads\/2020\/09\/estamino1.png\" class=\"rollover dt-pswp-item layzr-bg\" data-large_image_width=\"768\" data-large_image_height=\"1024\" data-dt-img-description=\"\" title=\"estamino1\"><img decoding=\"async\" class=\"preload-me iso-lazy-load aspect\" src=\"data:image\/svg+xml,%3Csvg%20xmlns%3D&#39;http%3A%2F%2Fwww.w3.org%2F2000%2Fsvg&#39;%20viewBox%3D&#39;0%200%20768%201024&#39;%2F%3E\" data-src=\"https:\/\/agriecuador.com\/wp-content\/uploads\/2020\/09\/estamino1.png\" data-srcset=\"https:\/\/agriecuador.com\/wp-content\/uploads\/2020\/09\/estamino1.png 768w\" loading=\"eager\" style=\"--ratio: 768 \/ 1024\" sizes=\"(max-width: 768px) 100vw, 768px\" alt=\"\" width=\"768\" height=\"1024\"  \/><span class=\"gallery-rollover\"><span class=\"gallery-zoom-ico icomoon-the7-font-the7-zoom-06\"><span><\/span><\/span><\/span><\/a><\/figure><\/div><div class=\"wf-cell iso-item\" data-post-id=\"3598\" data-date=\"2020-09-21T10:44:10-05:00\" data-name=\"estamino2\"><figure class=\"post visible\"><a href=\"https:\/\/agriecuador.com\/wp-content\/uploads\/2020\/09\/estamino2.png\" class=\"rollover dt-pswp-item layzr-bg\" data-large_image_width=\"768\" data-large_image_height=\"1024\" data-dt-img-description=\"\" title=\"estamino2\"><img decoding=\"async\" class=\"preload-me iso-lazy-load aspect\" src=\"data:image\/svg+xml,%3Csvg%20xmlns%3D&#39;http%3A%2F%2Fwww.w3.org%2F2000%2Fsvg&#39;%20viewBox%3D&#39;0%200%20768%201024&#39;%2F%3E\" data-src=\"https:\/\/agriecuador.com\/wp-content\/uploads\/2020\/09\/estamino2.png\" data-srcset=\"https:\/\/agriecuador.com\/wp-content\/uploads\/2020\/09\/estamino2.png 768w\" loading=\"eager\" style=\"--ratio: 768 \/ 1024\" sizes=\"(max-width: 768px) 100vw, 768px\" alt=\"\" width=\"768\" height=\"1024\"  \/><span class=\"gallery-rollover\"><span class=\"gallery-zoom-ico icomoon-the7-font-the7-zoom-06\"><span><\/span><\/span><\/span><\/a><\/figure><\/div><\/div><!-- iso-container|iso-grid --><\/div>[vc_empty_space][\/vc_column][\/vc_row][vc_row][vc_column width=&#8221;1\/4&#8243;][vc_btn title=&#8221;Portainjertos&#8221; color=&#8221;primary&#8221; align=&#8221;center&#8221; css_animation=&#8221;bounceInUp&#8221; link=&#8221;url:http%3A%2F%2Fagriecuador.com%2Fportainjertos%2F|title:Portainjertos||&#8221;][\/vc_column][vc_column width=&#8221;1\/4&#8243;][vc_btn title=&#8221;Semillas&#8221; color=&#8221;primary&#8221; align=&#8221;center&#8221; css_animation=&#8221;bounceInUp&#8221; link=&#8221;url:http%3A%2F%2Fagriecuador.com%2Fenza-zaden%2F|title:Semillas||&#8221;][\/vc_column][vc_column width=&#8221;1\/4&#8243;][vc_btn title=&#8221;Oferta&#8221; color=&#8221;primary&#8221; align=&#8221;center&#8221; css_animation=&#8221;bounceInUp&#8221; link=&#8221;url:http%3A%2F%2Fagriecuador.com%2Foferta%2F|title:Oferta||&#8221;][\/vc_column][vc_column width=&#8221;1\/4&#8243;][vc_btn title=&#8221;Inicio&#8221; color=&#8221;primary&#8221; align=&#8221;center&#8221; css_animation=&#8221;bounceInUp&#8221; link=&#8221;url:http%3A%2F%2Fagriecuador.com|title:Inicio||&#8221;][\/vc_column][\/vc_row]<\/p>\n<\/div>","protected":false},"excerpt":{"rendered":"<p>[vc_row][vc_column][vc_column_text]Caracter\u00edsticas: Portainjerto fuerte y vigoroso (vigor medio-alto) con un efecto generativo positivo sobre el crecimiento del cultivar injertado en \u00e9l. Permite mantener la planta compacta. No tiene un efecto vegetativo excesivo en el cultivar injertado en \u00e9l. Balance y equilibrio adecuado entre vigor y floraci\u00f3n. Mantiene buenos calibres hasta el final del ciclo. Portainjerto con&hellip;<\/p>\n","protected":false},"author":1,"featured_media":0,"parent":3167,"menu_order":0,"comment_status":"closed","ping_status":"closed","template":"","meta":{"_uag_custom_page_level_css":"","footnotes":""},"class_list":["post-3143","page","type-page","status-publish","hentry","description-off"],"uagb_featured_image_src":{"full":false,"thumbnail":false,"medium":false,"medium_large":false,"large":false,"1536x1536":false,"2048x2048":false,"awb_sm":false,"awb_md":false,"awb_lg":false,"awb_xl":false},"uagb_author_info":{"display_name":"agriwpadmin","author_link":"https:\/\/agriecuador.com\/en\/author\/agriwpadmin\/"},"uagb_comment_info":0,"uagb_excerpt":"[vc_row][vc_column][vc_column_text]Caracter\u00edsticas: Portainjerto fuerte y vigoroso (vigor medio-alto) con un efecto generativo positivo sobre el crecimiento del cultivar injertado en \u00e9l. Permite mantener la planta compacta. No tiene un efecto vegetativo excesivo en el cultivar injertado en \u00e9l. Balance y equilibrio adecuado entre vigor y floraci\u00f3n. Mantiene buenos calibres hasta el final del ciclo. Portainjerto con&hellip;","_links":{"self":[{"href":"https:\/\/agriecuador.com\/en\/wp-json\/wp\/v2\/pages\/3143","targetHints":{"allow":["GET"]}}],"collection":[{"href":"https:\/\/agriecuador.com\/en\/wp-json\/wp\/v2\/pages"}],"about":[{"href":"https:\/\/agriecuador.com\/en\/wp-json\/wp\/v2\/types\/page"}],"author":[{"embeddable":true,"href":"https:\/\/agriecuador.com\/en\/wp-json\/wp\/v2\/users\/1"}],"replies":[{"embeddable":true,"href":"https:\/\/agriecuador.com\/en\/wp-json\/wp\/v2\/comments?post=3143"}],"version-history":[{"count":1,"href":"https:\/\/agriecuador.com\/en\/wp-json\/wp\/v2\/pages\/3143\/revisions"}],"predecessor-version":[{"id":4804,"href":"https:\/\/agriecuador.com\/en\/wp-json\/wp\/v2\/pages\/3143\/revisions\/4804"}],"up":[{"embeddable":true,"href":"https:\/\/agriecuador.com\/en\/wp-json\/wp\/v2\/pages\/3167"}],"wp:attachment":[{"href":"https:\/\/agriecuador.com\/en\/wp-json\/wp\/v2\/media?parent=3143"}],"curies":[{"name":"wp","href":"https:\/\/api.w.org\/{rel}","templated":true}]}}