{"id":3131,"date":"2020-06-08T23:58:17","date_gmt":"2020-06-08T23:58:17","guid":{"rendered":"https:\/\/agriecuador.com\/?page_id=3131"},"modified":"2021-11-04T15:07:15","modified_gmt":"2021-11-04T20:07:15","slug":"panel-de-control-aqua-green","status":"publish","type":"page","link":"https:\/\/agriecuador.com\/en\/oferta\/mossa-green\/sistemas-de-riego-para-piloneras\/panel-de-control-aqua-green\/","title":{"rendered":"Panel de Control Aqua Green"},"content":{"rendered":"<div class=\"wpb-content-wrapper\"><p>[vc_row][vc_column]<div id=\"ultimate-heading-264169e616795285e\" class=\"uvc-heading ult-adjust-bottom-margin ultimate-heading-264169e616795285e uvc-538 \" data-hspacer=\"no_spacer\"  data-halign=\"center\" style=\"text-align:center\"><div class=\"uvc-heading-spacer no_spacer\" style=\"top\"><\/div><div class=\"uvc-main-heading ult-responsive\"  data-ultimate-target='.uvc-heading.ultimate-heading-264169e616795285e h2'  data-responsive-json-new='{\"font-size\":\"\",\"line-height\":\"\"}' ><h2 style=\"font-weight:normal;\">Panel de control aqua green<\/h2><\/div><\/div>[vc_empty_space][vc_single_image image=&#8221;3343&#8243; img_size=&#8221;medium&#8221; alignment=&#8221;center&#8221; onclick=&#8221;zoom&#8221; css_animation=&#8221;bounceInUp&#8221;][vc_column_text]<\/p>\n<p class=\"p1\">El panel de control Aqua Green es la \u00faltima evoluci\u00f3n en t\u00e9rminos de versatilidad, incorporando todas las funciones esenciales para cualquier requerimiento operativo.<\/p>\n<p class=\"p1\">Puede controlar un solo carro o varios carros de riego hasta un n\u00famero m\u00e1ximo de 5 a trav\u00e9s de un men\u00fa simple e intuitivo.<\/p>\n<ul>\n<li class=\"p3\">Modo manual o autom\u00e1tico disponible<\/li>\n<li class=\"p3\">\u00c1rea de riego dividida en zonas con temporizador<\/li>\n<li class=\"p3\">Velocidad ajustable de 3 a 20 m \/ min.<\/li>\n<li class=\"p3\">Pre descarga de agua<\/li>\n<li class=\"p3\">Arranque externo desde una unidad de control diferente<\/li>\n<li class=\"p3\">3 v\u00e1lvulas para cada brazo de riego (m\u00e1s v\u00e1lvulas bajo pedido)<\/li>\n<li class=\"p3\">Control de parada del motor de seguridad.<\/li>\n<li class=\"p3\">Adecuado para un control remoto del sistema.<\/li>\n<\/ul>\n<p>[\/vc_column_text][\/vc_column][\/vc_row][vc_row][vc_column][\/vc_column][\/vc_row]<\/p>\n<\/div>","protected":false},"excerpt":{"rendered":"<p>[vc_row][vc_column][vc_empty_space][vc_single_image image=&#8221;3343&#8243; img_size=&#8221;medium&#8221; alignment=&#8221;center&#8221; onclick=&#8221;zoom&#8221; css_animation=&#8221;bounceInUp&#8221;][vc_column_text] El panel de control Aqua Green es la \u00faltima evoluci\u00f3n en t\u00e9rminos de versatilidad, incorporando todas las funciones esenciales para cualquier requerimiento operativo. Puede controlar un solo carro o varios carros de riego hasta un n\u00famero m\u00e1ximo de 5 a trav\u00e9s de un men\u00fa simple e intuitivo. Modo manual&hellip;<\/p>\n","protected":false},"author":1,"featured_media":0,"parent":3161,"menu_order":0,"comment_status":"closed","ping_status":"closed","template":"","meta":{"_uag_custom_page_level_css":"","footnotes":""},"class_list":["post-3131","page","type-page","status-publish","hentry","description-off"],"uagb_featured_image_src":{"full":false,"thumbnail":false,"medium":false,"medium_large":false,"large":false,"1536x1536":false,"2048x2048":false,"awb_sm":false,"awb_md":false,"awb_lg":false,"awb_xl":false},"uagb_author_info":{"display_name":"agriwpadmin","author_link":"https:\/\/agriecuador.com\/en\/author\/agriwpadmin\/"},"uagb_comment_info":0,"uagb_excerpt":"[vc_row][vc_column][vc_empty_space][vc_single_image image=&#8221;3343&#8243; img_size=&#8221;medium&#8221; alignment=&#8221;center&#8221; onclick=&#8221;zoom&#8221; css_animation=&#8221;bounceInUp&#8221;][vc_column_text] El panel de control Aqua Green es la \u00faltima evoluci\u00f3n en t\u00e9rminos de versatilidad, incorporando todas las funciones esenciales para cualquier requerimiento operativo. Puede controlar un solo carro o varios carros de riego hasta un n\u00famero m\u00e1ximo de 5 a trav\u00e9s de un men\u00fa simple e intuitivo. Modo manual&hellip;","_links":{"self":[{"href":"https:\/\/agriecuador.com\/en\/wp-json\/wp\/v2\/pages\/3131","targetHints":{"allow":["GET"]}}],"collection":[{"href":"https:\/\/agriecuador.com\/en\/wp-json\/wp\/v2\/pages"}],"about":[{"href":"https:\/\/agriecuador.com\/en\/wp-json\/wp\/v2\/types\/page"}],"author":[{"embeddable":true,"href":"https:\/\/agriecuador.com\/en\/wp-json\/wp\/v2\/users\/1"}],"replies":[{"embeddable":true,"href":"https:\/\/agriecuador.com\/en\/wp-json\/wp\/v2\/comments?post=3131"}],"version-history":[{"count":0,"href":"https:\/\/agriecuador.com\/en\/wp-json\/wp\/v2\/pages\/3131\/revisions"}],"up":[{"embeddable":true,"href":"https:\/\/agriecuador.com\/en\/wp-json\/wp\/v2\/pages\/3161"}],"wp:attachment":[{"href":"https:\/\/agriecuador.com\/en\/wp-json\/wp\/v2\/media?parent=3131"}],"curies":[{"name":"wp","href":"https:\/\/api.w.org\/{rel}","templated":true}]}}