{"id":3125,"date":"2020-06-08T23:30:08","date_gmt":"2020-06-08T23:30:08","guid":{"rendered":"https:\/\/agriecuador.com\/?page_id=3125"},"modified":"2025-10-21T11:31:49","modified_gmt":"2025-10-21T16:31:49","slug":"linea-de-siembra-600","status":"publish","type":"page","link":"https:\/\/agriecuador.com\/en\/oferta\/mossa-green\/lineas-de-siembra\/linea-de-siembra-600\/","title":{"rendered":"L\u00ednea de Siembra 600"},"content":{"rendered":"<div class=\"wpb-content-wrapper\"><p>[vc_row][vc_column]<div id=\"ultimate-heading-936169ebaac8f1ccc\" class=\"uvc-heading ult-adjust-bottom-margin ultimate-heading-936169ebaac8f1ccc uvc-7578 \" data-hspacer=\"no_spacer\"  data-halign=\"center\" style=\"text-align:center\"><div class=\"uvc-heading-spacer no_spacer\" style=\"top\"><\/div><div class=\"uvc-main-heading ult-responsive\"  data-ultimate-target='.uvc-heading.ultimate-heading-936169ebaac8f1ccc h2'  data-responsive-json-new='{\"font-size\":\"\",\"line-height\":\"\"}' ><h2 style=\"font-weight:normal;\">L\u00ednea de siembra 600<\/h2><\/div><\/div>[vc_empty_space][vc_single_image image=&#8221;3468&#8243; img_size=&#8221;large&#8221; alignment=&#8221;center&#8221; onclick=&#8221;zoom&#8221; css_animation=&#8221;bounceInUp&#8221;][vc_column_text]<\/p>\r\n<p>Desapilador autom\u00e1tico de bandejas, llenador de bandejas con velocidad ajustable y compactador de h\u00e9lice, sembradora de alta precisi\u00f3n, bomba de vac\u00edo de 1,5 kW, distribuidor de turba y\/\u00f3\u00a0 vermiculita con t\u00fanel de agua, apilador de bandejas de l\u00ednea final.<\/p>\r\n<p>\r\n\r\n<\/div>","protected":false},"excerpt":{"rendered":"<p>[vc_row][vc_column][vc_empty_space][vc_single_image image=&#8221;3468&#8243; img_size=&#8221;large&#8221; alignment=&#8221;center&#8221; onclick=&#8221;zoom&#8221; css_animation=&#8221;bounceInUp&#8221;][vc_column_text] Desapilador autom\u00e1tico de bandejas, llenador de bandejas con velocidad ajustable y compactador de h\u00e9lice, sembradora de alta precisi\u00f3n, bomba de vac\u00edo de 1,5 kW, distribuidor de turba y\/\u00f3\u00a0 vermiculita con t\u00fanel de agua, apilador de bandejas de l\u00ednea final.<\/p>\n","protected":false},"author":1,"featured_media":0,"parent":3157,"menu_order":0,"comment_status":"closed","ping_status":"closed","template":"","meta":{"_uag_custom_page_level_css":"","footnotes":""},"class_list":["post-3125","page","type-page","status-publish","hentry","description-off"],"uagb_featured_image_src":{"full":false,"thumbnail":false,"medium":false,"medium_large":false,"large":false,"1536x1536":false,"2048x2048":false,"awb_sm":false,"awb_md":false,"awb_lg":false,"awb_xl":false},"uagb_author_info":{"display_name":"agriwpadmin","author_link":"https:\/\/agriecuador.com\/en\/author\/agriwpadmin\/"},"uagb_comment_info":0,"uagb_excerpt":"[vc_row][vc_column][vc_empty_space][vc_single_image image=&#8221;3468&#8243; img_size=&#8221;large&#8221; alignment=&#8221;center&#8221; onclick=&#8221;zoom&#8221; css_animation=&#8221;bounceInUp&#8221;][vc_column_text] Desapilador autom\u00e1tico de bandejas, llenador de bandejas con velocidad ajustable y compactador de h\u00e9lice, sembradora de alta precisi\u00f3n, bomba de vac\u00edo de 1,5 kW, distribuidor de turba y\/\u00f3\u00a0 vermiculita con t\u00fanel de agua, apilador de bandejas de l\u00ednea final.","_links":{"self":[{"href":"https:\/\/agriecuador.com\/en\/wp-json\/wp\/v2\/pages\/3125","targetHints":{"allow":["GET"]}}],"collection":[{"href":"https:\/\/agriecuador.com\/en\/wp-json\/wp\/v2\/pages"}],"about":[{"href":"https:\/\/agriecuador.com\/en\/wp-json\/wp\/v2\/types\/page"}],"author":[{"embeddable":true,"href":"https:\/\/agriecuador.com\/en\/wp-json\/wp\/v2\/users\/1"}],"replies":[{"embeddable":true,"href":"https:\/\/agriecuador.com\/en\/wp-json\/wp\/v2\/comments?post=3125"}],"version-history":[{"count":0,"href":"https:\/\/agriecuador.com\/en\/wp-json\/wp\/v2\/pages\/3125\/revisions"}],"up":[{"embeddable":true,"href":"https:\/\/agriecuador.com\/en\/wp-json\/wp\/v2\/pages\/3157"}],"wp:attachment":[{"href":"https:\/\/agriecuador.com\/en\/wp-json\/wp\/v2\/media?parent=3125"}],"curies":[{"name":"wp","href":"https:\/\/api.w.org\/{rel}","templated":true}]}}