{"id":3113,"date":"2020-06-08T23:01:09","date_gmt":"2020-06-08T23:01:09","guid":{"rendered":"https:\/\/agriecuador.com\/?page_id=3113"},"modified":"2025-10-21T11:31:48","modified_gmt":"2025-10-21T16:31:48","slug":"bandeja-plastica-50-90-ml","status":"publish","type":"page","link":"https:\/\/agriecuador.com\/en\/oferta\/jks\/bandeja-plastica-50-90-ml\/","title":{"rendered":"Bandeja Pl\u00e1stica Eco 50\/90 ML"},"content":{"rendered":"<div class=\"wpb-content-wrapper\"><p>[vc_row][vc_column]<div id=\"ultimate-heading-987669e6480364a9a\" class=\"uvc-heading ult-adjust-bottom-margin ultimate-heading-987669e6480364a9a uvc-933 \" data-hspacer=\"no_spacer\"  data-halign=\"center\" style=\"text-align:center\"><div class=\"uvc-heading-spacer no_spacer\" style=\"top\"><\/div><div class=\"uvc-main-heading ult-responsive\"  data-ultimate-target='.uvc-heading.ultimate-heading-987669e6480364a9a h2'  data-responsive-json-new='{\"font-size\":\"\",\"line-height\":\"\"}' ><h2 style=\"font-weight:normal;\">Bandeja Pl\u00e1stica 50\/90 ML<\/h2><\/div><\/div>[vc_empty_space][vc_single_image image=&#8221;5001&#8243; img_size=&#8221;medium&#8221; alignment=&#8221;center&#8221; onclick=&#8221;zoom&#8221; css_animation=&#8221;bounceInUp&#8221;][vc_column_text]<\/p>\r\n\r\n<h3>Caracter\u00edsticas:<\/h3>\r\n<p>Alv\u00e9olos de forma trapezoidal con gu\u00edas de ra\u00edz<br \/>Promueve el crecimiento uniforme de las pl\u00e1ntulas<br \/>Permite trabajar con injertos, esquejes y pilones<br \/>Material &#8211; 100% reciclable<\/p>\r\n<p>\u00a0<\/p>\r\n\r\n<figure class=\"wp-block-table\">\r\n<table>\r\n<tbody>\r\n<tr>\r\n<td>\r\n<h4>Caracter\u00edsticas<\/h4>\r\n<\/td>\r\n<td>\r\n<h4>Datos<\/h4>\r\n<\/td>\r\n<\/tr>\r\n<tr>\r\n<td>No.Celdas<\/td>\r\n<td>50<\/td>\r\n<\/tr>\r\n<tr>\r\n<td>Vol\u00famen Celdas<\/td>\r\n<td>90 ml<\/td>\r\n<\/tr>\r\n<tr>\r\n<td>Largo Bandeja<\/td>\r\n<td>530 mm<\/td>\r\n<\/tr>\r\n<tr>\r\n<td>Ancho bandeja<\/td>\r\n<td>270 mm<\/td>\r\n<\/tr>\r\n<tr>\r\n<td>Densidad m2<\/td>\r\n<td>349 plantas<\/td>\r\n<\/tr>\r\n<\/tbody>\r\n<\/table>\r\n<\/figure>\r\n<p>\u00a0<\/p>\r\n<p>[\/vc_column_text][\/vc_column][vc_column][\/vc_column][\/vc_row]<\/p><\/div>","protected":false},"excerpt":{"rendered":"<p>[vc_row][vc_column][vc_empty_space][vc_single_image image=&#8221;5001&#8243; img_size=&#8221;medium&#8221; alignment=&#8221;center&#8221; onclick=&#8221;zoom&#8221; css_animation=&#8221;bounceInUp&#8221;][vc_column_text] Caracter\u00edsticas: Alv\u00e9olos de forma trapezoidal con gu\u00edas de ra\u00edzPromueve el crecimiento uniforme de las pl\u00e1ntulasPermite trabajar con injertos, esquejes y pilonesMaterial &#8211; 100% reciclable \u00a0 Caracter\u00edsticas Datos No.Celdas 50 Vol\u00famen Celdas 90 ml Largo Bandeja 530 mm Ancho bandeja 270 mm Densidad m2 349 plantas \u00a0 [\/vc_column_text][\/vc_column][vc_column][\/vc_column][\/vc_row]<\/p>\n","protected":false},"author":1,"featured_media":0,"parent":411,"menu_order":0,"comment_status":"closed","ping_status":"closed","template":"","meta":{"_uag_custom_page_level_css":"","footnotes":""},"class_list":["post-3113","page","type-page","status-publish","hentry","description-off"],"uagb_featured_image_src":{"full":false,"thumbnail":false,"medium":false,"medium_large":false,"large":false,"1536x1536":false,"2048x2048":false,"awb_sm":false,"awb_md":false,"awb_lg":false,"awb_xl":false},"uagb_author_info":{"display_name":"agriwpadmin","author_link":"https:\/\/agriecuador.com\/en\/author\/agriwpadmin\/"},"uagb_comment_info":0,"uagb_excerpt":"[vc_row][vc_column][vc_empty_space][vc_single_image image=&#8221;5001&#8243; img_size=&#8221;medium&#8221; alignment=&#8221;center&#8221; onclick=&#8221;zoom&#8221; css_animation=&#8221;bounceInUp&#8221;][vc_column_text] Caracter\u00edsticas: Alv\u00e9olos de forma trapezoidal con gu\u00edas de ra\u00edzPromueve el crecimiento uniforme de las pl\u00e1ntulasPermite trabajar con injertos, esquejes y pilonesMaterial &#8211; 100% reciclable \u00a0 Caracter\u00edsticas Datos No.Celdas 50 Vol\u00famen Celdas 90 ml Largo Bandeja 530 mm Ancho bandeja 270 mm Densidad m2 349 plantas \u00a0 [\/vc_column_text][\/vc_column][vc_column][\/vc_column][\/vc_row]","_links":{"self":[{"href":"https:\/\/agriecuador.com\/en\/wp-json\/wp\/v2\/pages\/3113","targetHints":{"allow":["GET"]}}],"collection":[{"href":"https:\/\/agriecuador.com\/en\/wp-json\/wp\/v2\/pages"}],"about":[{"href":"https:\/\/agriecuador.com\/en\/wp-json\/wp\/v2\/types\/page"}],"author":[{"embeddable":true,"href":"https:\/\/agriecuador.com\/en\/wp-json\/wp\/v2\/users\/1"}],"replies":[{"embeddable":true,"href":"https:\/\/agriecuador.com\/en\/wp-json\/wp\/v2\/comments?post=3113"}],"version-history":[{"count":3,"href":"https:\/\/agriecuador.com\/en\/wp-json\/wp\/v2\/pages\/3113\/revisions"}],"predecessor-version":[{"id":5003,"href":"https:\/\/agriecuador.com\/en\/wp-json\/wp\/v2\/pages\/3113\/revisions\/5003"}],"up":[{"embeddable":true,"href":"https:\/\/agriecuador.com\/en\/wp-json\/wp\/v2\/pages\/411"}],"wp:attachment":[{"href":"https:\/\/agriecuador.com\/en\/wp-json\/wp\/v2\/media?parent=3113"}],"curies":[{"name":"wp","href":"https:\/\/api.w.org\/{rel}","templated":true}]}}