{"id":3107,"date":"2020-06-08T22:55:50","date_gmt":"2020-06-08T22:55:50","guid":{"rendered":"https:\/\/agriecuador.com\/?page_id=3107"},"modified":"2025-10-21T11:31:48","modified_gmt":"2025-10-21T16:31:48","slug":"bandeja-plastica-288-15-ml","status":"publish","type":"page","link":"https:\/\/agriecuador.com\/en\/oferta\/jks\/bandeja-plastica-288-15-ml\/","title":{"rendered":"Bandeja Pl\u00e1stica 288\/15 ML"},"content":{"rendered":"<div class=\"wpb-content-wrapper\"><p>[vc_row][vc_column]<div id=\"ultimate-heading-801369e5215380761\" class=\"uvc-heading ult-adjust-bottom-margin ultimate-heading-801369e5215380761 uvc-111 \" data-hspacer=\"no_spacer\"  data-halign=\"center\" style=\"text-align:center\"><div class=\"uvc-heading-spacer no_spacer\" style=\"top\"><\/div><div class=\"uvc-main-heading ult-responsive\"  data-ultimate-target='.uvc-heading.ultimate-heading-801369e5215380761 h2'  data-responsive-json-new='{\"font-size\":\"\",\"line-height\":\"\"}' ><h2 style=\"font-weight:normal;\">Bandeja Pl\u00e1stica 288\/15 ML<\/h2><\/div><div class=\"uvc-sub-heading ult-responsive\"  data-ultimate-target='.uvc-heading.ultimate-heading-801369e5215380761 .uvc-sub-heading '  data-responsive-json-new='{\"font-size\":\"\",\"line-height\":\"\"}'  style=\"font-weight:normal;\"><\/p>\r\n<p>&nbsp;<\/p>\r\n<h3>Cultivos: Tomate, Pimiento<\/h3>\r\n<p><\/div><\/div>[vc_empty_space][vc_single_image image=&#8221;3235&#8243; img_size=&#8221;medium&#8221; alignment=&#8221;center&#8221; onclick=&#8221;zoom&#8221; css_animation=&#8221;bounceInUp&#8221;][vc_column_text]<\/p>\r\n\r\n<h3>Caracter\u00edsticas:<\/h3>\r\n\r\n<p>Formato de celda: trapezoidal con gu\u00eda radicular<\/p>\r\n\r\n<p>Alta uniformidad en el crecimiento de las pl\u00e1ntulas.<\/p>\r\n\r\n<p>Esta bandeja reemplaza a la bandeja 200 EPS con ventajas.<\/p>\r\n<p>\u00a0<\/p>\r\n\r\n<figure class=\"wp-block-table\">\r\n<table>\r\n<tbody>\r\n<tr>\r\n<td>\r\n<h4>Caracter\u00edsticas<\/h4>\r\n<\/td>\r\n<td>\r\n<h4>Datos<\/h4>\r\n<\/td>\r\n<\/tr>\r\n<tr>\r\n<td>No.Celdas<\/td>\r\n<td>288<\/td>\r\n<\/tr>\r\n<tr>\r\n<td>Vol\u00famen Celdas<\/td>\r\n<td>15 ml<\/td>\r\n<\/tr>\r\n<tr>\r\n<td>Largo Bandeja<\/td>\r\n<td>667 mm<\/td>\r\n<\/tr>\r\n<tr>\r\n<td>Ancho bandeja<\/td>\r\n<td>335 mm<\/td>\r\n<\/tr>\r\n<tr>\r\n<td>Densidad m2<\/td>\r\n<td>1295 plantas<\/td>\r\n<\/tr>\r\n<\/tbody>\r\n<\/table>\r\n<\/figure>\r\n\r\n<p>[\/vc_column_text][\/vc_column][vc_column][\/vc_column][\/vc_row]<\/p><\/div>","protected":false},"excerpt":{"rendered":"<p>[vc_row][vc_column][vc_empty_space][vc_single_image image=&#8221;3235&#8243; img_size=&#8221;medium&#8221; alignment=&#8221;center&#8221; onclick=&#8221;zoom&#8221; css_animation=&#8221;bounceInUp&#8221;][vc_column_text] Caracter\u00edsticas: Formato de celda: trapezoidal con gu\u00eda radicular Alta uniformidad en el crecimiento de las pl\u00e1ntulas. Esta bandeja reemplaza a la bandeja 200 EPS con ventajas. \u00a0 Caracter\u00edsticas Datos No.Celdas 288 Vol\u00famen Celdas 15 ml Largo Bandeja 667 mm Ancho bandeja 335 mm Densidad m2 1295 plantas [\/vc_column_text][\/vc_column][vc_column][\/vc_column][\/vc_row]<\/p>\n","protected":false},"author":1,"featured_media":0,"parent":411,"menu_order":0,"comment_status":"closed","ping_status":"closed","template":"","meta":{"_uag_custom_page_level_css":"","footnotes":""},"class_list":["post-3107","page","type-page","status-publish","hentry","description-off"],"uagb_featured_image_src":{"full":false,"thumbnail":false,"medium":false,"medium_large":false,"large":false,"1536x1536":false,"2048x2048":false,"awb_sm":false,"awb_md":false,"awb_lg":false,"awb_xl":false},"uagb_author_info":{"display_name":"agriwpadmin","author_link":"https:\/\/agriecuador.com\/en\/author\/agriwpadmin\/"},"uagb_comment_info":0,"uagb_excerpt":"[vc_row][vc_column][vc_empty_space][vc_single_image image=&#8221;3235&#8243; img_size=&#8221;medium&#8221; alignment=&#8221;center&#8221; onclick=&#8221;zoom&#8221; css_animation=&#8221;bounceInUp&#8221;][vc_column_text] Caracter\u00edsticas: Formato de celda: trapezoidal con gu\u00eda radicular Alta uniformidad en el crecimiento de las pl\u00e1ntulas. Esta bandeja reemplaza a la bandeja 200 EPS con ventajas. \u00a0 Caracter\u00edsticas Datos No.Celdas 288 Vol\u00famen Celdas 15 ml Largo Bandeja 667 mm Ancho bandeja 335 mm Densidad m2 1295 plantas [\/vc_column_text][\/vc_column][vc_column][\/vc_column][\/vc_row]","_links":{"self":[{"href":"https:\/\/agriecuador.com\/en\/wp-json\/wp\/v2\/pages\/3107","targetHints":{"allow":["GET"]}}],"collection":[{"href":"https:\/\/agriecuador.com\/en\/wp-json\/wp\/v2\/pages"}],"about":[{"href":"https:\/\/agriecuador.com\/en\/wp-json\/wp\/v2\/types\/page"}],"author":[{"embeddable":true,"href":"https:\/\/agriecuador.com\/en\/wp-json\/wp\/v2\/users\/1"}],"replies":[{"embeddable":true,"href":"https:\/\/agriecuador.com\/en\/wp-json\/wp\/v2\/comments?post=3107"}],"version-history":[{"count":1,"href":"https:\/\/agriecuador.com\/en\/wp-json\/wp\/v2\/pages\/3107\/revisions"}],"predecessor-version":[{"id":5143,"href":"https:\/\/agriecuador.com\/en\/wp-json\/wp\/v2\/pages\/3107\/revisions\/5143"}],"up":[{"embeddable":true,"href":"https:\/\/agriecuador.com\/en\/wp-json\/wp\/v2\/pages\/411"}],"wp:attachment":[{"href":"https:\/\/agriecuador.com\/en\/wp-json\/wp\/v2\/media?parent=3107"}],"curies":[{"name":"wp","href":"https:\/\/api.w.org\/{rel}","templated":true}]}}