{"id":3096,"date":"2020-06-08T06:24:57","date_gmt":"2020-06-08T06:24:57","guid":{"rendered":"https:\/\/agriecuador.com\/?page_id=3096"},"modified":"2025-10-21T11:31:48","modified_gmt":"2025-10-21T16:31:48","slug":"seed-2","status":"publish","type":"page","link":"https:\/\/agriecuador.com\/en\/oferta\/floragard-venta-sustratos-de-germinacion\/seed-2\/","title":{"rendered":"Seed 2"},"content":{"rendered":"<div class=\"wpb-content-wrapper\"><p>[vc_row][vc_column]<div id=\"ultimate-heading-145469efbea15a102\" class=\"uvc-heading ult-adjust-bottom-margin ultimate-heading-145469efbea15a102 uvc-2248 \" data-hspacer=\"no_spacer\"  data-halign=\"center\" style=\"text-align:center\"><div class=\"uvc-heading-spacer no_spacer\" style=\"top\"><\/div><div class=\"uvc-main-heading ult-responsive\"  data-ultimate-target='.uvc-heading.ultimate-heading-145469efbea15a102 h2'  data-responsive-json-new='{\"font-size\":\"\",\"line-height\":\"\"}' ><h2 style=\"font-weight:normal;\">Seed 2<\/h2><\/div><\/div>[vc_empty_space][vc_single_image image=&#8221;3097&#8243; img_size=&#8221;medium&#8221; alignment=&#8221;center&#8221; onclick=&#8221;zoom&#8221; css_animation=&#8221;bounceInUp&#8221;][vc_column_text]<\/p>\r\n<p>Substrato b\u00e1ltico para germinaci\u00f3n de hortalizas con alto contenido de fertilizante y gran retenci\u00f3n h\u00eddrica.<\/p>\r\n<p>\u00a0<\/p>\r\n\r\n<figure class=\"wp-block-table\">\r\n<table>\r\n<tbody>\r\n<tr>\r\n<td>pH:<\/td>\r\n<td>5.6<\/td>\r\n<\/tr>\r\n<tr>\r\n<td>Salinidad:<\/td>\r\n<td>1 g\/l<\/td>\r\n<\/tr>\r\n<tr>\r\n<td>Estructura:<\/td>\r\n<td>\u00a0fina<\/td>\r\n<\/tr>\r\n<tr>\r\n<td>Fertilizaci\u00f3n:<\/td>\r\n<td>(N-P-K + Micro elementos): 1 kg\/m3<\/td>\r\n<\/tr>\r\n<\/tbody>\r\n<\/table>\r\n<\/figure>\r\n\r\n<p>Seed 2 Contiene turba negra que aumenta la capacidad de retenci\u00f3n de agua y mejora la absorci\u00f3n de agua, adem\u00e1s Seed 2 contiene turba rubia, la cual aumenta la capacidad de aireaci\u00f3n y mejora la estabilidad estructural.<\/p>\r\n\r\n<p>Contiene Carbonato c\u00e1lcico para corregir el pH a nivel \u00f3ptimo seg\u00fan las necesidades del cultivo.<\/p>\r\n\r\n<p>El abono complejo de alta calidad aporta a las plantas todos los macros y micronutrientes de forma inmediata.<\/p>\r\n\r\n<p>Suministramos adicionalmente en este substrato Mg, B, Cu, Mn, Mo, Fe, Zn a trav\u00e9s de nuestro n\u00facleo patentado Floraspur.<\/p>\r\n\r\n<p>Finalmente, nuestros substratos poseen el mejor humectante patentando del mercado Instant plus, el cual mejora la absorci\u00f3n por parte del substrato incluso despu\u00e9s de secarse<\/p>\r\n<p>\u00a0<\/p>\r\n<p>[\/vc_column_text][\/vc_column][vc_column][\/vc_column][\/vc_row][vc_row][vc_column][\/vc_column][\/vc_row]<\/p><\/div>","protected":false},"excerpt":{"rendered":"<p>[vc_row][vc_column][vc_empty_space][vc_single_image image=&#8221;3097&#8243; img_size=&#8221;medium&#8221; alignment=&#8221;center&#8221; onclick=&#8221;zoom&#8221; css_animation=&#8221;bounceInUp&#8221;][vc_column_text] Substrato b\u00e1ltico para germinaci\u00f3n de hortalizas con alto contenido de fertilizante y gran retenci\u00f3n h\u00eddrica. \u00a0 pH: 5.6 Salinidad: 1 g\/l Estructura: \u00a0fina Fertilizaci\u00f3n: (N-P-K + Micro elementos): 1 kg\/m3 Seed 2 Contiene turba negra que aumenta la capacidad de retenci\u00f3n de agua y mejora la absorci\u00f3n de agua,&hellip;<\/p>\n","protected":false},"author":1,"featured_media":0,"parent":385,"menu_order":0,"comment_status":"closed","ping_status":"closed","template":"","meta":{"_uag_custom_page_level_css":"","footnotes":""},"class_list":["post-3096","page","type-page","status-publish","hentry","description-off"],"uagb_featured_image_src":{"full":false,"thumbnail":false,"medium":false,"medium_large":false,"large":false,"1536x1536":false,"2048x2048":false,"awb_sm":false,"awb_md":false,"awb_lg":false,"awb_xl":false},"uagb_author_info":{"display_name":"agriwpadmin","author_link":"https:\/\/agriecuador.com\/en\/author\/agriwpadmin\/"},"uagb_comment_info":0,"uagb_excerpt":"[vc_row][vc_column][vc_empty_space][vc_single_image image=&#8221;3097&#8243; img_size=&#8221;medium&#8221; alignment=&#8221;center&#8221; onclick=&#8221;zoom&#8221; css_animation=&#8221;bounceInUp&#8221;][vc_column_text] Substrato b\u00e1ltico para germinaci\u00f3n de hortalizas con alto contenido de fertilizante y gran retenci\u00f3n h\u00eddrica. \u00a0 pH: 5.6 Salinidad: 1 g\/l Estructura: \u00a0fina Fertilizaci\u00f3n: (N-P-K + Micro elementos): 1 kg\/m3 Seed 2 Contiene turba negra que aumenta la capacidad de retenci\u00f3n de agua y mejora la absorci\u00f3n de agua,&hellip;","_links":{"self":[{"href":"https:\/\/agriecuador.com\/en\/wp-json\/wp\/v2\/pages\/3096","targetHints":{"allow":["GET"]}}],"collection":[{"href":"https:\/\/agriecuador.com\/en\/wp-json\/wp\/v2\/pages"}],"about":[{"href":"https:\/\/agriecuador.com\/en\/wp-json\/wp\/v2\/types\/page"}],"author":[{"embeddable":true,"href":"https:\/\/agriecuador.com\/en\/wp-json\/wp\/v2\/users\/1"}],"replies":[{"embeddable":true,"href":"https:\/\/agriecuador.com\/en\/wp-json\/wp\/v2\/comments?post=3096"}],"version-history":[{"count":1,"href":"https:\/\/agriecuador.com\/en\/wp-json\/wp\/v2\/pages\/3096\/revisions"}],"predecessor-version":[{"id":5065,"href":"https:\/\/agriecuador.com\/en\/wp-json\/wp\/v2\/pages\/3096\/revisions\/5065"}],"up":[{"embeddable":true,"href":"https:\/\/agriecuador.com\/en\/wp-json\/wp\/v2\/pages\/385"}],"wp:attachment":[{"href":"https:\/\/agriecuador.com\/en\/wp-json\/wp\/v2\/media?parent=3096"}],"curies":[{"name":"wp","href":"https:\/\/api.w.org\/{rel}","templated":true}]}}